{"id":30703,"date":"2025-02-20T23:32:30","date_gmt":"2025-02-20T22:32:30","guid":{"rendered":"http:\/\/olemosaic.com\/producto\/iman-de-metal-sagrada-familia-barcelona-8-cm-14\/"},"modified":"2025-07-25T19:33:55","modified_gmt":"2025-07-25T17:33:55","slug":"aimant-metal-sagrada-familia-barcelone-8-cm-fr-5","status":"publish","type":"product","link":"https:\/\/olemosaic.com\/fr\/produit\/aimant-metal-sagrada-familia-barcelone-8-cm-fr-5\/","title":{"rendered":"Aimant en m\u00e9tal. Sagrada Familia. Modernisme. Barcelone. 8 cm."},"content":{"rendered":"<p>Cet aimant m\u00e9tallique de 8 cm est une repr\u00e9sentation vibrante de la Sagrada Familia, l&rsquo;un des monuments les plus embl\u00e9matiques de Barcelone. Son design color\u00e9, inspir\u00e9 du style incomparable d&rsquo;Antoni Gaud\u00ed, se distingue par une impressionnante vari\u00e9t\u00e9 de d\u00e9tails architecturaux qui capturent l&rsquo;essence du modernisme catalan. Avec une palette de couleurs comprenant des rouges, bleus, jaunes et verts intenses, cet aimant n&rsquo;est pas seulement un attrait visuel, mais aussi un souvenir qui \u00e9voque la singularit\u00e9 de ce chef-d&rsquo;\u0153uvre.<\/p>\n<p>Le fond, \u00e9labor\u00e9 avec une mosa\u00efque \u00e9voquant l&rsquo;art moderniste, souligne encore plus la majest\u00e9 de la Sagrada Familia, transformant ce souvenir en une pi\u00e8ce de grande valeur culturelle et artistique. Id\u00e9al pour ceux qui cherchent \u00e0 emporter un morceau de l&rsquo;histoire de Barcelone, cet aimant est parfait pour orner n&rsquo;importe quel r\u00e9frig\u00e9rateur ou surface m\u00e9tallique, devenant un rappel quotidien de la beaut\u00e9 et de la cr\u00e9ativit\u00e9 qui d\u00e9finissent la ville.<\/p>\n<p>Chez Ol\u00e9 Mosaic, nous sommes sp\u00e9cialis\u00e9s dans la distribution de souvenirs en gros, et cet aimant de la Sagrada Familia est une excellente option pour les boutiques de cadeaux touristiques souhaitant proposer des produits authentiques et de qualit\u00e9. Avec sa valeur artistique et sa connexion culturelle, cet aimant est un incontournable pour ceux qui visitent la capitale catalane et recherchent un souvenir repr\u00e9sentatif de son riche h\u00e9ritage.<\/p>\n","protected":false},"excerpt":{"rendered":"<p>Aimant m\u00e9tallique de 8 cm avec une repr\u00e9sentation vibrante de la Sagrada Familia de Barcelone. Ce design color\u00e9, inspir\u00e9 du style unique d&rsquo;Antoni Gaud\u00ed, se distingue par ses d\u00e9tails architecturaux iconiques et sa palette de couleurs incluant le rouge, le bleu, le jaune et le vert. Avec un fond de mosa\u00efques \u00e9voquant l&rsquo;art moderniste catalan, cet aimant est le souvenir id\u00e9al pour capturer l&rsquo;essence de l&rsquo;une des \u0153uvres les plus embl\u00e9matiques de la ville.<\/p>\n","protected":false},"featured_media":11375,"template":"","meta":{"_acf_changed":false},"product_brand":[],"product_cat":[697],"product_tag":[],"class_list":{"0":"post-30703","1":"product","2":"type-product","3":"status-publish","4":"has-post-thumbnail","6":"product_cat-aimants","7":"pa_ciudad-barcelona","8":"pa_motivo-sagrada-familia","9":"pa_pais-espana","11":"first","12":"instock","13":"shipping-taxable","14":"product-type-simple"},"acf":[],"_links":{"self":[{"href":"https:\/\/olemosaic.com\/fr\/wp-json\/wp\/v2\/product\/30703","targetHints":{"allow":["GET"]}}],"collection":[{"href":"https:\/\/olemosaic.com\/fr\/wp-json\/wp\/v2\/product"}],"about":[{"href":"https:\/\/olemosaic.com\/fr\/wp-json\/wp\/v2\/types\/product"}],"wp:featuredmedia":[{"embeddable":true,"href":"https:\/\/olemosaic.com\/fr\/wp-json\/wp\/v2\/media\/11375"}],"wp:attachment":[{"href":"https:\/\/olemosaic.com\/fr\/wp-json\/wp\/v2\/media?parent=30703"}],"wp:term":[{"taxonomy":"product_brand","embeddable":true,"href":"https:\/\/olemosaic.com\/fr\/wp-json\/wp\/v2\/product_brand?post=30703"},{"taxonomy":"product_cat","embeddable":true,"href":"https:\/\/olemosaic.com\/fr\/wp-json\/wp\/v2\/product_cat?post=30703"},{"taxonomy":"product_tag","embeddable":true,"href":"https:\/\/olemosaic.com\/fr\/wp-json\/wp\/v2\/product_tag?post=30703"}],"curies":[{"name":"wp","href":"https:\/\/api.w.org\/{rel}","templated":true}]}}