{"id":30702,"date":"2025-02-20T23:32:30","date_gmt":"2025-02-20T22:32:30","guid":{"rendered":"http:\/\/olemosaic.com\/producto\/iman-de-metal-sagrada-familia-barcelona-plata-8-cm-5\/"},"modified":"2025-07-25T19:40:07","modified_gmt":"2025-07-25T17:40:07","slug":"aimant-metal-sagrada-familia-barcelone-argent-8-cm-fr","status":"publish","type":"product","link":"https:\/\/olemosaic.com\/fr\/produit\/aimant-metal-sagrada-familia-barcelone-argent-8-cm-fr\/","title":{"rendered":"Aimant en m\u00e9tal. Sagrada Familia. Couleurs vives. Barcelone. Argent. 8 cm."},"content":{"rendered":"<p>Cet aimant m\u00e9tallique de 8 cm est une repr\u00e9sentation vibrante de la Sagrada Familia, le monument embl\u00e9matique de Barcelone con\u00e7u par le c\u00e9l\u00e8bre architecte Antoni Gaud\u00ed. Avec un design qui se distingue par ses couleurs \u00e9clatantes, incluant des tons dor\u00e9s et argent\u00e9s, cet aimant \u00e9voque la majest\u00e9 et la singularit\u00e9 de ce chef-d&rsquo;\u0153uvre architectural. Sa d\u00e9coration de style mosa\u00efque capture l&rsquo;essence du modernisme catalan et ajoute une touche artistique qui en fait un objet d&rsquo;admiration.<\/p>\n<p>Dans la partie sup\u00e9rieure, le texte \u00ab\u00a0I \u2665 BARCELONA\u00a0\u00bb souligne la connexion \u00e9motionnelle que de nombreux visiteurs entretiennent avec cette ville iconique. La forme et les d\u00e9tails minutieux de l&rsquo;aimant refl\u00e8tent l&rsquo;extraordinaire cr\u00e9ativit\u00e9 qui caract\u00e9rise la Sagrada Familia, faisant de ce souvenir une pi\u00e8ce non seulement d\u00e9corative, mais aussi repr\u00e9sentative de la culture barcelonaise.<\/p>\n<p>En tant qu&rsquo;authentique souvenir de la ville, cet aimant est une excellente option pour les touristes \u00e0 la recherche d&rsquo;un souvenir significatif et fonctionnel. Chez Ol\u00e9 Mosaic, nous sommes sp\u00e9cialis\u00e9s dans la distribution de souvenirs en gros, offrant des produits authentiques de haute qualit\u00e9 qui capturent la richesse culturelle de l&rsquo;Espagne. Cet aimant de la Sagrada Familia est id\u00e9al pour les boutiques de cadeaux touristiques souhaitant proposer des articles authentiques c\u00e9l\u00e9brant l&rsquo;histoire et l&rsquo;art de Barcelone.<\/p>\n","protected":false},"excerpt":{"rendered":"<p>Aimant m\u00e9tallique de 8 cm montrant une repr\u00e9sentation vibrante de la Sagrada Familia, le monument embl\u00e9matique de Barcelone. Cet aimant se distingue par son design aux couleurs vives, avec des tons dor\u00e9s et argent\u00e9s qui \u00e9voquent la majest\u00e9 de l&rsquo;\u0153uvre de Gaud\u00ed. D\u00e9cor\u00e9 dans un style mosa\u00efque, il inclut le texte \u00ab\u00a0I \u2665 BARCELONA\u00a0\u00bb dans la partie sup\u00e9rieure, ce qui en fait un souvenir id\u00e9al pour les amateurs d&rsquo;art et d&rsquo;architecture.<\/p>\n","protected":false},"featured_media":11361,"template":"","meta":{"_acf_changed":false},"product_brand":[],"product_cat":[697],"product_tag":[],"class_list":{"0":"post-30702","1":"product","2":"type-product","3":"status-publish","4":"has-post-thumbnail","6":"product_cat-aimants","7":"pa_ciudad-barcelona","8":"pa_motivo-sagrada-familia","9":"pa_pais-espana","11":"first","12":"instock","13":"shipping-taxable","14":"product-type-simple"},"acf":[],"_links":{"self":[{"href":"https:\/\/olemosaic.com\/fr\/wp-json\/wp\/v2\/product\/30702","targetHints":{"allow":["GET"]}}],"collection":[{"href":"https:\/\/olemosaic.com\/fr\/wp-json\/wp\/v2\/product"}],"about":[{"href":"https:\/\/olemosaic.com\/fr\/wp-json\/wp\/v2\/types\/product"}],"wp:featuredmedia":[{"embeddable":true,"href":"https:\/\/olemosaic.com\/fr\/wp-json\/wp\/v2\/media\/11361"}],"wp:attachment":[{"href":"https:\/\/olemosaic.com\/fr\/wp-json\/wp\/v2\/media?parent=30702"}],"wp:term":[{"taxonomy":"product_brand","embeddable":true,"href":"https:\/\/olemosaic.com\/fr\/wp-json\/wp\/v2\/product_brand?post=30702"},{"taxonomy":"product_cat","embeddable":true,"href":"https:\/\/olemosaic.com\/fr\/wp-json\/wp\/v2\/product_cat?post=30702"},{"taxonomy":"product_tag","embeddable":true,"href":"https:\/\/olemosaic.com\/fr\/wp-json\/wp\/v2\/product_tag?post=30702"}],"curies":[{"name":"wp","href":"https:\/\/api.w.org\/{rel}","templated":true}]}}