{"id":30700,"date":"2025-02-20T22:32:30","date_gmt":"2025-02-20T22:32:30","guid":{"rendered":"http:\/\/olemosaic.com\/producto\/iman-de-metal-la-rambla-barcelona-negro-8-cm\/"},"modified":"2025-07-25T18:45:32","modified_gmt":"2025-07-25T16:45:32","slug":"aimant-metal-la-rambla-barcelone-noir-8-cm","status":"publish","type":"product","link":"https:\/\/olemosaic.com\/fr\/produit\/aimant-metal-la-rambla-barcelone-noir-8-cm\/","title":{"rendered":"Aimant en m\u00e9tal. La Rambla. Barcelone. Noir. 8 cm."},"content":{"rendered":"<p>Cet aimant m\u00e9tallique de 8 cm est une repr\u00e9sentation vibrante de La Rambla de Barcelone, un symbole de la vie et de la culture catalane. Le design color\u00e9 est compos\u00e9 de mosa\u00efques qui mettent en valeur l&#8217;embl\u00e9matique fontaine ornementale et les arbres majestueux qui ornent cette avenue iconique, invitant \u00e0 se souvenir de l&rsquo;essence d&rsquo;une promenade pleine de charme. Le fond noir fait ressortir les couleurs \u00e9clatantes de l&rsquo;illustration, cr\u00e9ant un contraste saisissant, tandis que le mot \u00ab\u00a0Barcelona\u00a0\u00bb est pr\u00e9sent\u00e9 en grandes lettres multicolores, captant l&rsquo;attention et refl\u00e9tant l&rsquo;esprit artistique de la cit\u00e9 comtale. Cet aimant n&rsquo;est pas seulement un accessoire d\u00e9coratif, mais aussi un excellent souvenir de la visite de l&rsquo;un des lieux les plus embl\u00e9matiques d&rsquo;Espagne. Id\u00e9al comme souvenir, ce produit se distingue par son authenticit\u00e9, permettant aux touristes de ramener chez eux un petit morceau de la vibrante culture barcelonaise. Chez Ol\u00e9 Mosaic, nous sommes sp\u00e9cialis\u00e9s dans la distribution de souvenirs en gros, offrant des produits authentiques qui c\u00e9l\u00e8brent la diversit\u00e9 et la beaut\u00e9 de la tradition espagnole. Cet aimant est une option parfaite pour les boutiques de cadeaux touristiques cherchant \u00e0 proposer des pi\u00e8ces repr\u00e9sentatives et m\u00e9morables de Barcelone.<\/p>\n","protected":false},"excerpt":{"rendered":"<p>Aimant m\u00e9tallique de 8 cm, con\u00e7u avec une repr\u00e9sentation vibrante de La Rambla de Barcelone. Son design color\u00e9, \u00e0 base de mosa\u00efques, met en valeur l&#8217;embl\u00e9matique fontaine et les arbres qui ornent cette avenue iconique. Le fond noir rehausse les couleurs \u00e9clatantes de l&rsquo;aimant, tandis que le mot \u00ab\u00a0Barcelona\u00a0\u00bb est pr\u00e9sent\u00e9 en lettres frappantes et multicolores, capturant l&rsquo;essence artistique et culturelle de la ville. Id\u00e9al pour se souvenir de votre visite sur cette c\u00e9l\u00e8bre promenade.<\/p>\n","protected":false},"featured_media":6954,"template":"","meta":{"_acf_changed":false},"product_brand":[],"product_cat":[697],"product_tag":[],"class_list":{"0":"post-30700","1":"product","2":"type-product","3":"status-publish","4":"has-post-thumbnail","6":"product_cat-aimants","7":"pa_ciudad-barcelona","8":"pa_motivo-la-rambla","9":"pa_pais-espana","11":"first","12":"instock","13":"shipping-taxable","14":"product-type-simple"},"acf":[],"_links":{"self":[{"href":"https:\/\/olemosaic.com\/fr\/wp-json\/wp\/v2\/product\/30700","targetHints":{"allow":["GET"]}}],"collection":[{"href":"https:\/\/olemosaic.com\/fr\/wp-json\/wp\/v2\/product"}],"about":[{"href":"https:\/\/olemosaic.com\/fr\/wp-json\/wp\/v2\/types\/product"}],"wp:featuredmedia":[{"embeddable":true,"href":"https:\/\/olemosaic.com\/fr\/wp-json\/wp\/v2\/media\/6954"}],"wp:attachment":[{"href":"https:\/\/olemosaic.com\/fr\/wp-json\/wp\/v2\/media?parent=30700"}],"wp:term":[{"taxonomy":"product_brand","embeddable":true,"href":"https:\/\/olemosaic.com\/fr\/wp-json\/wp\/v2\/product_brand?post=30700"},{"taxonomy":"product_cat","embeddable":true,"href":"https:\/\/olemosaic.com\/fr\/wp-json\/wp\/v2\/product_cat?post=30700"},{"taxonomy":"product_tag","embeddable":true,"href":"https:\/\/olemosaic.com\/fr\/wp-json\/wp\/v2\/product_tag?post=30700"}],"curies":[{"name":"wp","href":"https:\/\/api.w.org\/{rel}","templated":true}]}}