{"id":30694,"date":"2025-02-20T22:32:29","date_gmt":"2025-02-20T22:32:29","guid":{"rendered":"http:\/\/olemosaic.com\/producto\/iman-de-metal-sagrada-familia-barcelona-azul-8-cm\/"},"modified":"2025-07-25T19:14:57","modified_gmt":"2025-07-25T17:14:57","slug":"aimant-metal-sagrada-familia-barcelone-bleu-8-cm","status":"publish","type":"product","link":"https:\/\/olemosaic.com\/fr\/produit\/aimant-metal-sagrada-familia-barcelone-bleu-8-cm\/","title":{"rendered":"Aimant en m\u00e9tal. Sagrada Familia. Barcelone. Bleu. 8 cm."},"content":{"rendered":"<p>Cet aimant m\u00e9tallique de 8 cm est une repr\u00e9sentation vibrante de la majestueuse Sagrada Familia, le temple embl\u00e9matique de Gaud\u00ed \u00e0 Barcelone. Avec un design captivant qui combine des tons bleus et des mosa\u00efques d\u00e9taill\u00e9es, ce souvenir capture la grandeur et le style architectural unique de l&rsquo;une des \u0153uvres les plus reconnues de la cit\u00e9 comtale. Les impressionnantes tours de la Sagrada Familia sont repr\u00e9sent\u00e9es \u00e9l\u00e9gamment sur l&rsquo;aimant, soulignant son ic\u00f4ne structurelle qui attire des millions de visiteurs chaque ann\u00e9e.<\/p>\n<p>D\u00e9cor\u00e9 du mot \u00ab\u00a0Barcelona\u00a0\u00bb en lettres color\u00e9es, cet aimant ne se distingue pas seulement par son attrait visuel, mais devient \u00e9galement un souvenir significatif de la riche histoire culturelle de la capitale catalane. Son design vibrant et artistique en fait une excellente option tant pour les amateurs d&rsquo;architecture que pour ceux qui recherchent un souvenir repr\u00e9sentatif de leur visite \u00e0 Barcelone.<\/p>\n<p>Ol\u00e9 Mosaic est fier de proposer ce type de souvenirs, capturant l&rsquo;essence de la Sagrada Familia dans une pi\u00e8ce l\u00e9g\u00e8re et facile \u00e0 transporter. En tant que distributeurs d&rsquo;aimants en gros, nous garantissons des produits de qualit\u00e9, id\u00e9aux pour les boutiques de cadeaux touristiques, assurant que chaque client reparte avec un \u00e9chantillon authentique de la culture locale. Cet aimant est, sans aucun doute, une option parfaite pour se souvenir de la beaut\u00e9 de Barcelone.<\/p>\n","protected":false},"excerpt":{"rendered":"<p>Aimant m\u00e9tallique de 8 cm qui capture la majest\u00e9 de la Sagrada Familia de Barcelone. Cet aimant attrayant pr\u00e9sente un design vibrant dans les tons bleus, avec des d\u00e9tails en mosa\u00efque repr\u00e9sentant les impressionnantes tours de l&#8217;embl\u00e9matique temple de Gaud\u00ed. D\u00e9cor\u00e9 du mot \u00ab\u00a0Barcelona\u00a0\u00bb en lettres color\u00e9es, ce souvenir allie l&rsquo;artistique et le culturel, devenant un souvenir id\u00e9al de la cit\u00e9 comtale. Parfait pour tout amateur d&rsquo;architecture.<\/p>\n","protected":false},"featured_media":8164,"template":"","meta":{"_acf_changed":false},"product_brand":[],"product_cat":[697],"product_tag":[],"class_list":{"0":"post-30694","1":"product","2":"type-product","3":"status-publish","4":"has-post-thumbnail","6":"product_cat-aimants","7":"pa_ciudad-barcelona","8":"pa_motivo-sagrada-familia","9":"pa_pais-espana","11":"first","12":"instock","13":"shipping-taxable","14":"product-type-simple"},"acf":[],"_links":{"self":[{"href":"https:\/\/olemosaic.com\/fr\/wp-json\/wp\/v2\/product\/30694","targetHints":{"allow":["GET"]}}],"collection":[{"href":"https:\/\/olemosaic.com\/fr\/wp-json\/wp\/v2\/product"}],"about":[{"href":"https:\/\/olemosaic.com\/fr\/wp-json\/wp\/v2\/types\/product"}],"wp:featuredmedia":[{"embeddable":true,"href":"https:\/\/olemosaic.com\/fr\/wp-json\/wp\/v2\/media\/8164"}],"wp:attachment":[{"href":"https:\/\/olemosaic.com\/fr\/wp-json\/wp\/v2\/media?parent=30694"}],"wp:term":[{"taxonomy":"product_brand","embeddable":true,"href":"https:\/\/olemosaic.com\/fr\/wp-json\/wp\/v2\/product_brand?post=30694"},{"taxonomy":"product_cat","embeddable":true,"href":"https:\/\/olemosaic.com\/fr\/wp-json\/wp\/v2\/product_cat?post=30694"},{"taxonomy":"product_tag","embeddable":true,"href":"https:\/\/olemosaic.com\/fr\/wp-json\/wp\/v2\/product_tag?post=30694"}],"curies":[{"name":"wp","href":"https:\/\/api.w.org\/{rel}","templated":true}]}}