{"id":30693,"date":"2025-02-20T23:32:29","date_gmt":"2025-02-20T22:32:29","guid":{"rendered":"http:\/\/olemosaic.com\/producto\/iman-de-metal-sagrada-familia-barcelona-8-cm-13\/"},"modified":"2025-07-25T19:31:38","modified_gmt":"2025-07-25T17:31:38","slug":"aimant-metal-sagrada-familia-barcelone-8-cm-fr-3","status":"publish","type":"product","link":"https:\/\/olemosaic.com\/fr\/produit\/aimant-metal-sagrada-familia-barcelone-8-cm-fr-3\/","title":{"rendered":"Aimant en m\u00e9tal. Sagrada Familia. Pinacles. Barcelone. 8 cm."},"content":{"rendered":"<p>Cet aimant m\u00e9tallique de 8 cm est une repr\u00e9sentation vibrante de l&#8217;embl\u00e9matique Sagrada Familia de Barcelone, un symbole iconique de l&rsquo;architecture moderniste catalane con\u00e7u par Antoni Gaud\u00ed. Avec un design en mosa\u00efque exceptionnel, ce souvenir capture l&rsquo;essence de cette majestueuse basilique, pr\u00e9sentant une explosion de couleurs qui donne vie \u00e0 ses tours caract\u00e9ristiques et aux d\u00e9tails architecturaux complexes qui la rendent unique. L&rsquo;illustration met en valeur la structure de la Sagrada Familia, avec ses tours distinctives qui semblent toucher le ciel, entour\u00e9es d&rsquo;une texture vibrante qui \u00e9voque l&rsquo;art de la mosa\u00efque, si repr\u00e9sentatif de l&rsquo;\u0153uvre de Gaud\u00ed.<\/p>\n<p>Le mot \u00ab\u00a0Barcelona\u00a0\u00bb est affich\u00e9 dans un lettrage color\u00e9 en haut, apportant une touche frappante qui compl\u00e8te l&rsquo;image de la basilique. Cet aimant ne sert pas seulement de pi\u00e8ce d\u00e9corative pratique pour votre r\u00e9frig\u00e9rateur, mais agit \u00e9galement comme un rappel visuel de votre exp\u00e9rience dans la cit\u00e9 comtale. Parfait pour les touristes \u00e0 la recherche d&rsquo;un souvenir authentique et culturel, cet aimant devient un tr\u00e9sor qui capture la magie de Barcelone.<\/p>\n<p>Chez Ol\u00e9 Mosaic, nous sommes sp\u00e9cialistes de la distribution de souvenirs en gros, offrant des collections qui c\u00e9l\u00e8brent le riche h\u00e9ritage culturel de l&rsquo;Espagne. Cet aimant de la Sagrada Familia est une excellente option pour les boutiques de cadeaux touristiques \u00e0 la recherche de produits uniques et repr\u00e9sentatifs. En tant que r\u00e9f\u00e9rence pour les souvenirs de Barcelone, il garantit le lien authentique du visiteur avec cette ville fascinante.<\/p>\n","protected":false},"excerpt":{"rendered":"<p>Aimant m\u00e9tallique de 8 cm inspir\u00e9 de l&#8217;embl\u00e9matique Sagrada Familia de Barcelone. Cet aimant attrayant pr\u00e9sente un design vibrant en mosa\u00efque, avec une explosion de couleurs qui capturent l&rsquo;essence du monument iconique. L&rsquo;illustration met en valeur les tours caract\u00e9ristiques et les d\u00e9tails architecturaux de la Sagrada Familia, ainsi que le mot \u00ab\u00a0Barcelona\u00a0\u00bb dans un lettrage color\u00e9, en faisant un souvenir parfait pour se souvenir de votre visite dans la ville.<\/p>\n","protected":false},"featured_media":11374,"template":"","meta":{"_acf_changed":false},"product_brand":[],"product_cat":[697],"product_tag":[],"class_list":{"0":"post-30693","1":"product","2":"type-product","3":"status-publish","4":"has-post-thumbnail","6":"product_cat-aimants","7":"pa_ciudad-barcelona","8":"pa_motivo-sagrada-familia","9":"pa_pais-espana","11":"first","12":"instock","13":"shipping-taxable","14":"product-type-simple"},"acf":[],"_links":{"self":[{"href":"https:\/\/olemosaic.com\/fr\/wp-json\/wp\/v2\/product\/30693","targetHints":{"allow":["GET"]}}],"collection":[{"href":"https:\/\/olemosaic.com\/fr\/wp-json\/wp\/v2\/product"}],"about":[{"href":"https:\/\/olemosaic.com\/fr\/wp-json\/wp\/v2\/types\/product"}],"wp:featuredmedia":[{"embeddable":true,"href":"https:\/\/olemosaic.com\/fr\/wp-json\/wp\/v2\/media\/11374"}],"wp:attachment":[{"href":"https:\/\/olemosaic.com\/fr\/wp-json\/wp\/v2\/media?parent=30693"}],"wp:term":[{"taxonomy":"product_brand","embeddable":true,"href":"https:\/\/olemosaic.com\/fr\/wp-json\/wp\/v2\/product_brand?post=30693"},{"taxonomy":"product_cat","embeddable":true,"href":"https:\/\/olemosaic.com\/fr\/wp-json\/wp\/v2\/product_cat?post=30693"},{"taxonomy":"product_tag","embeddable":true,"href":"https:\/\/olemosaic.com\/fr\/wp-json\/wp\/v2\/product_tag?post=30693"}],"curies":[{"name":"wp","href":"https:\/\/api.w.org\/{rel}","templated":true}]}}