{"id":30691,"date":"2025-02-20T22:32:29","date_gmt":"2025-02-20T22:32:29","guid":{"rendered":"http:\/\/olemosaic.com\/producto\/iman-de-metal-gato-tenerife-negro-8-cm\/"},"modified":"2025-07-25T20:38:31","modified_gmt":"2025-07-25T18:38:31","slug":"aimant-metal-chat-tenerife-noir-8-cm","status":"publish","type":"product","link":"https:\/\/olemosaic.com\/fr\/produit\/aimant-metal-chat-tenerife-noir-8-cm\/","title":{"rendered":"Aimant en m\u00e9tal. Chat. Tenerife. Noir. 8 cm."},"content":{"rendered":"<p>Cet aimant m\u00e9tallique de 8 cm est une repr\u00e9sentation vibrante d&rsquo;un chat, inspir\u00e9 par la riche culture de Tenerife, une destination touristique c\u00e9l\u00e8bre pour sa diversit\u00e9 et sa beaut\u00e9. Avec un design en mosa\u00efque qui d\u00e9ploie un m\u00e9lange de teintes joyeuses comme le bleu, le vert, le rouge et le jaune, cet aimant n&rsquo;est pas seulement un accessoire d\u00e9coratif ; c&rsquo;est une pi\u00e8ce d&rsquo;art qui capture l&rsquo;essence des traditions canariennes. La figure du chat se d\u00e9tache sur un fond noir, rehaussant encore son design color\u00e9, tandis que le mot \u00ab\u00a0TENERIFE\u00a0\u00bb est pr\u00e9sent\u00e9 dans un style attrayant qui ajoute une touche distinctive \u00e0 ce souvenir.<\/p>\n<p>Cet aimant refl\u00e8te l&rsquo;h\u00e9ritage artistique de Tenerife, o\u00f9 les mosa\u00efques sont un symbole d&rsquo;identit\u00e9 et d&rsquo;expression locale. Le savoir-faire artisanal derri\u00e8re sa cr\u00e9ation en fait un souvenir authentique et significatif qui \u00e9voque la chaleur et l&rsquo;authenticit\u00e9 de l&rsquo;\u00eele. De plus, ce produit est id\u00e9al pour les touristes \u00e0 la recherche de souvenirs repr\u00e9sentatifs qui transcendent le simple d\u00e9coratif et offrent un lien culturel avec leur lieu d&rsquo;origine. Chez Ol\u00e9 Mosaic, en tant que grossistes de souvenirs de Tenerife, nous garantissons l&rsquo;authenticit\u00e9 et la qualit\u00e9 de nos souvenirs, faisant de cet aimant chat une excellente option pour les boutiques de cadeaux touristiques souhaitant proposer des produits uniques et porteurs de sens.<\/p>\n","protected":false},"excerpt":{"rendered":"<p>Aimant m\u00e9tallique de 8 cm d\u00e9cor\u00e9 d&rsquo;un design vibrant de chat inspir\u00e9 de la culture de Tenerife. Cet aimant color\u00e9 pr\u00e9sente une repr\u00e9sentation en mosa\u00efque pleine de teintes joyeuses comme le bleu, le vert, le rouge et le jaune, sur un fond noir qui fait ressortir la figure du chat. Le mot \u00ab\u00a0TENERIFE\u00a0\u00bb est imprim\u00e9 dans un style attrayant, ajoutant une touche distinctive \u00e0 ce souvenir qui capture l&rsquo;essence et l&rsquo;art local.<\/p>\n","protected":false},"featured_media":12827,"template":"","meta":{"_acf_changed":false},"product_brand":[],"product_cat":[697],"product_tag":[530],"class_list":{"0":"post-30691","1":"product","2":"type-product","3":"status-publish","4":"has-post-thumbnail","6":"product_cat-aimants","7":"product_tag-animaux","8":"pa_ciudad-tenerife","9":"pa_motivo-chats","10":"pa_pais-espana","12":"first","13":"instock","14":"shipping-taxable","15":"product-type-simple"},"acf":[],"_links":{"self":[{"href":"https:\/\/olemosaic.com\/fr\/wp-json\/wp\/v2\/product\/30691","targetHints":{"allow":["GET"]}}],"collection":[{"href":"https:\/\/olemosaic.com\/fr\/wp-json\/wp\/v2\/product"}],"about":[{"href":"https:\/\/olemosaic.com\/fr\/wp-json\/wp\/v2\/types\/product"}],"wp:featuredmedia":[{"embeddable":true,"href":"https:\/\/olemosaic.com\/fr\/wp-json\/wp\/v2\/media\/12827"}],"wp:attachment":[{"href":"https:\/\/olemosaic.com\/fr\/wp-json\/wp\/v2\/media?parent=30691"}],"wp:term":[{"taxonomy":"product_brand","embeddable":true,"href":"https:\/\/olemosaic.com\/fr\/wp-json\/wp\/v2\/product_brand?post=30691"},{"taxonomy":"product_cat","embeddable":true,"href":"https:\/\/olemosaic.com\/fr\/wp-json\/wp\/v2\/product_cat?post=30691"},{"taxonomy":"product_tag","embeddable":true,"href":"https:\/\/olemosaic.com\/fr\/wp-json\/wp\/v2\/product_tag?post=30691"}],"curies":[{"name":"wp","href":"https:\/\/api.w.org\/{rel}","templated":true}]}}