{"id":30690,"date":"2025-02-20T22:32:29","date_gmt":"2025-02-20T22:32:29","guid":{"rendered":"http:\/\/olemosaic.com\/producto\/iman-de-metal-salamandra-mallorca-8-cm\/"},"modified":"2025-07-25T19:40:51","modified_gmt":"2025-07-25T17:40:51","slug":"aimant-metal-salamandre-majorque-8-cm","status":"publish","type":"product","link":"https:\/\/olemosaic.com\/fr\/produit\/aimant-metal-salamandre-majorque-8-cm\/","title":{"rendered":"Aimant en m\u00e9tal. Salamandre. Majorque. 8 cm."},"content":{"rendered":"<p>Cet aimant m\u00e9tallique de 8 cm est une repr\u00e9sentation vibrante de la faune majorquine, avec une salamandre color\u00e9e qui capture l&rsquo;essence de la nature de l&rsquo;\u00eele. Le design en mosa\u00efque qui orne cet aimant se distingue par ses couleurs \u00e9clatantes, telles que le vert, le jaune, le rouge et le bleu, dispos\u00e9es en formes g\u00e9om\u00e9triques qui contrastent merveilleusement sur un fond bleu clair. La salamandre, symbole de la riche biodiversit\u00e9 de Majorque, arbore une finition brillante qui apporte une touche de joie et de fra\u00eecheur, id\u00e9ale pour ceux qui souhaitent ramener un morceau de la M\u00e9diterran\u00e9e chez eux.<\/p>\n<p>Le mot \u00ab\u00a0MALLORCA\u00a0\u00bb est \u00e9l\u00e9gamment imprim\u00e9 sur la partie sup\u00e9rieure de l&rsquo;aimant, renfor\u00e7ant son identit\u00e9 et en faisant un souvenir facilement reconnaissable de l&rsquo;\u00eele. Cet aimant n&rsquo;est pas seulement une excellente pi\u00e8ce d\u00e9corative, mais aussi un t\u00e9moignage de la culture majorquine, qui valorise son patrimoine naturel et la beaut\u00e9 singuli\u00e8re de sa faune.<\/p>\n<p>Chez Ol\u00e9 Mosaic, nous nous concentrons sur la distribution en gros de souvenirs authentiques, et cet aimant salamandre devient une option irr\u00e9sistible pour les touristes et les magasins de cadeaux \u00e0 la recherche de quelque chose de v\u00e9ritablement repr\u00e9sentatif de Majorque. Acqu\u00e9rez ce souvenir attrayant qui c\u00e9l\u00e8bre la nature de l&rsquo;\u00eele et offre \u00e0 vos clients un souvenir unique et culturellement significatif.<\/p>\n","protected":false},"excerpt":{"rendered":"<p>Aimant m\u00e9tallique de 8 cm repr\u00e9sentant une salamandre color\u00e9e, inspir\u00e9 de la faune de Majorque. Cet aimant attrayant pr\u00e9sente un design en mosa\u00efque avec des couleurs vives et des formes g\u00e9om\u00e9triques sur un fond bleu clair. La salamandre, symbole de la richesse naturelle de l&rsquo;\u00eele, pr\u00e9sente des d\u00e9tails en vert, jaune, rouge et bleu. Le mot \u00ab\u00a0MALLORCA\u00a0\u00bb est imprim\u00e9 sur la partie sup\u00e9rieure, compl\u00e9tant cette pi\u00e8ce d\u00e9corative id\u00e9ale pour se souvenir de vos voyages.<\/p>\n","protected":false},"featured_media":12886,"template":"","meta":{"_acf_changed":false},"product_brand":[],"product_cat":[697],"product_tag":[530],"class_list":{"0":"post-30690","1":"product","2":"type-product","3":"status-publish","4":"has-post-thumbnail","6":"product_cat-aimants","7":"product_tag-animaux","8":"pa_ciudad-mallorca","9":"pa_motivo-salamandres","10":"pa_pais-espana","12":"first","13":"instock","14":"shipping-taxable","15":"product-type-simple"},"acf":[],"_links":{"self":[{"href":"https:\/\/olemosaic.com\/fr\/wp-json\/wp\/v2\/product\/30690","targetHints":{"allow":["GET"]}}],"collection":[{"href":"https:\/\/olemosaic.com\/fr\/wp-json\/wp\/v2\/product"}],"about":[{"href":"https:\/\/olemosaic.com\/fr\/wp-json\/wp\/v2\/types\/product"}],"wp:featuredmedia":[{"embeddable":true,"href":"https:\/\/olemosaic.com\/fr\/wp-json\/wp\/v2\/media\/12886"}],"wp:attachment":[{"href":"https:\/\/olemosaic.com\/fr\/wp-json\/wp\/v2\/media?parent=30690"}],"wp:term":[{"taxonomy":"product_brand","embeddable":true,"href":"https:\/\/olemosaic.com\/fr\/wp-json\/wp\/v2\/product_brand?post=30690"},{"taxonomy":"product_cat","embeddable":true,"href":"https:\/\/olemosaic.com\/fr\/wp-json\/wp\/v2\/product_cat?post=30690"},{"taxonomy":"product_tag","embeddable":true,"href":"https:\/\/olemosaic.com\/fr\/wp-json\/wp\/v2\/product_tag?post=30690"}],"curies":[{"name":"wp","href":"https:\/\/api.w.org\/{rel}","templated":true}]}}