{"id":30659,"date":"2025-02-20T22:32:29","date_gmt":"2025-02-20T22:32:29","guid":{"rendered":"http:\/\/olemosaic.com\/producto\/iman-de-metal-salamandra-barcelona-negro-8-cm\/"},"modified":"2025-07-25T23:49:33","modified_gmt":"2025-07-25T21:49:33","slug":"aimant-metal-salamandre-barcelone-noir-8-cm","status":"publish","type":"product","link":"https:\/\/olemosaic.com\/fr\/produit\/aimant-metal-salamandre-barcelone-noir-8-cm\/","title":{"rendered":"Aimant en m\u00e9tal. Salamandre. Barcelone. Noir. 8 cm."},"content":{"rendered":"<p>Cet aimant m\u00e9tallique de 8 cm est une repr\u00e9sentation vibrante de la cr\u00e9ativit\u00e9 barcelonaise, avec une collection color\u00e9e de salamandres dans diverses postures. Le design s&rsquo;inspire du c\u00e9l\u00e8bre trencad\u00eds, la technique de mosa\u00efque qui caract\u00e9rise l&rsquo;\u0153uvre du c\u00e9l\u00e8bre architecte Antoni Gaud\u00ed, transformant le quotidien en art. Avec un fond noir qui rehausse les couleurs vives des salamandres, cet aimant est une pi\u00e8ce frappante et moderne, id\u00e9ale pour toute surface m\u00e9tallique, comme le r\u00e9frig\u00e9rateur, un panneau magn\u00e9tique ou un tableau blanc.<\/p>\n<p>L&rsquo;attrait visuel de ce souvenir est compl\u00e9t\u00e9 par le mot \u00ab\u00a0Barcelona\u00a0\u00bb en lettres majuscules en haut, offrant un rappel constant de la magie et de la diversit\u00e9 que la ville propose. Les salamandres, avec leurs designs g\u00e9om\u00e9triques et leurs couleurs brillantes, symbolisent le lien de Barcelone avec la nature et l&rsquo;imagination, rappelant \u00e0 ceux qui le poss\u00e8dent les merveilles de la culture locale.<\/p>\n<p>Chez Ol\u00e9 Mosaic, en tant que grossiste de souvenirs de haute qualit\u00e9, nous proposons cet aimant de salamandres comme une excellente option pour les boutiques de cadeaux touristiques \u00e0 la recherche d&rsquo;authenticit\u00e9 et d&rsquo;attrait culturel. Cet aimant n&rsquo;est pas seulement un souvenir, mais une pi\u00e8ce d&rsquo;art qui encapsule l&rsquo;essence de Barcelone et son patrimoine artistique, parfait pour que les touristes emportent un morceau de la ville chez eux.<\/p>\n","protected":false},"excerpt":{"rendered":"<p>Aimant m\u00e9tallique de 8 cm, d\u00e9cor\u00e9 d&rsquo;une collection vibrante de salamandres aux couleurs brillantes, \u00e9voquant le c\u00e9l\u00e8bre trencad\u00eds barcelonais. Cet aimant, avec un fond noir qui rehausse les motifs color\u00e9s, repr\u00e9sente des salamandres dans diverses postures, avec un design dynamique et moderne. Le mot \u00ab\u00a0Barcelona\u00a0\u00bb, en lettres majuscules en haut, compl\u00e8te ce souvenir attrayant, id\u00e9al pour \u00e9voquer l&rsquo;essence cr\u00e9ative de la ville.<\/p>\n","protected":false},"featured_media":7802,"template":"","meta":{"_acf_changed":false},"product_brand":[],"product_cat":[697],"product_tag":[530],"class_list":{"0":"post-30659","1":"product","2":"type-product","3":"status-publish","4":"has-post-thumbnail","6":"product_cat-aimants","7":"product_tag-animaux","8":"pa_ciudad-barcelona","9":"pa_motivo-salamandres","10":"pa_pais-espana","12":"first","13":"instock","14":"shipping-taxable","15":"product-type-simple"},"acf":[],"_links":{"self":[{"href":"https:\/\/olemosaic.com\/fr\/wp-json\/wp\/v2\/product\/30659","targetHints":{"allow":["GET"]}}],"collection":[{"href":"https:\/\/olemosaic.com\/fr\/wp-json\/wp\/v2\/product"}],"about":[{"href":"https:\/\/olemosaic.com\/fr\/wp-json\/wp\/v2\/types\/product"}],"wp:featuredmedia":[{"embeddable":true,"href":"https:\/\/olemosaic.com\/fr\/wp-json\/wp\/v2\/media\/7802"}],"wp:attachment":[{"href":"https:\/\/olemosaic.com\/fr\/wp-json\/wp\/v2\/media?parent=30659"}],"wp:term":[{"taxonomy":"product_brand","embeddable":true,"href":"https:\/\/olemosaic.com\/fr\/wp-json\/wp\/v2\/product_brand?post=30659"},{"taxonomy":"product_cat","embeddable":true,"href":"https:\/\/olemosaic.com\/fr\/wp-json\/wp\/v2\/product_cat?post=30659"},{"taxonomy":"product_tag","embeddable":true,"href":"https:\/\/olemosaic.com\/fr\/wp-json\/wp\/v2\/product_tag?post=30659"}],"curies":[{"name":"wp","href":"https:\/\/api.w.org\/{rel}","templated":true}]}}