{"id":30658,"date":"2025-02-20T22:32:28","date_gmt":"2025-02-20T22:32:28","guid":{"rendered":"http:\/\/olemosaic.com\/producto\/iman-de-metal-salamandra-8-cm\/"},"modified":"2025-07-25T20:17:01","modified_gmt":"2025-07-25T18:17:01","slug":"aimant-metal-salamandre-8-cm","status":"publish","type":"product","link":"https:\/\/olemosaic.com\/fr\/produit\/aimant-metal-salamandre-8-cm\/","title":{"rendered":"Aimant en m\u00e9tal. Salamandre. 8 cm."},"content":{"rendered":"<p>Cet aimant m\u00e9tallique de 8 cm est une repr\u00e9sentation fid\u00e8le de l&rsquo;\u0153uvre embl\u00e9matique de Gaud\u00ed, capturant l&rsquo;essence de Barcelone \u00e0 travers un design vibrant et color\u00e9. D\u00e9cor\u00e9 de salamandres dans des tons rouges, verts et bleus, cet aimant \u00e9voque le c\u00e9l\u00e8bre style trencad\u00eds, caract\u00e9ristique des \u0153uvres modernistes du c\u00e9l\u00e8bre architecte. Le fond, dans des tons bleus et blancs, est non seulement visuellement attrayant, mais symbolise \u00e9galement la mosa\u00efque c\u00e9ramique que Gaud\u00ed a popularis\u00e9e dans ses chefs-d&rsquo;\u0153uvre. Chaque salamandre est \u00e9labor\u00e9e avec une attention particuli\u00e8re aux d\u00e9tails, soulignant la richesse artistique et culturelle de la cit\u00e9 comtale.<\/p>\n<p>Ce souvenir n&rsquo;est pas seulement un accessoire d\u00e9coratif, mais un morceau de l&rsquo;histoire et de l&rsquo;art de Barcelone qui peut embellir n&rsquo;importe quelle surface m\u00e9tallique de la maison. En tant que souvenir de l&rsquo;h\u00e9ritage artistique de Gaud\u00ed, cet aimant de salamandre est une excellente option pour les touristes cherchant \u00e0 emporter un morceau de la culture catalane. Chez Ol\u00e9 Mosaic, nous nous sp\u00e9cialisons dans la distribution de souvenirs en gros, offrant des produits qui repr\u00e9sentent l&rsquo;authenticit\u00e9 et le charme de l&rsquo;Espagne. Id\u00e9al pour les boutiques de cadeaux touristiques, cet aimant est un symbole parfait de la vivacit\u00e9 et de l&rsquo;originalit\u00e9 de la ville, devenant un excellent souvenir qui durera dans le temps.<\/p>\n","protected":false},"excerpt":{"rendered":"<p>Aimant m\u00e9tallique de 8 cm d\u00e9cor\u00e9 de salamandres color\u00e9es, inspir\u00e9es du style embl\u00e9matique de la mosa\u00efque de Gaud\u00ed. Cet aimant, avec un fond dans des tons bleus et blancs \u00e9voquant le trencad\u00eds, montre plusieurs salamandres dans des couleurs vibrantes rouge, vert et bleu, se distinguant par ses d\u00e9tails minutieux. Un souvenir parfait de la richesse artistique de Barcelone, id\u00e9al pour embellir toute surface m\u00e9tallique et emporter un morceau d&rsquo;art catalan chez soi.<\/p>\n","protected":false},"featured_media":12898,"template":"","meta":{"_acf_changed":false},"product_brand":[],"product_cat":[697],"product_tag":[530],"class_list":{"0":"post-30658","1":"product","2":"type-product","3":"status-publish","4":"has-post-thumbnail","6":"product_cat-aimants","7":"product_tag-animaux","8":"pa_motivo-salamandres","10":"first","11":"instock","12":"shipping-taxable","13":"product-type-simple"},"acf":[],"_links":{"self":[{"href":"https:\/\/olemosaic.com\/fr\/wp-json\/wp\/v2\/product\/30658","targetHints":{"allow":["GET"]}}],"collection":[{"href":"https:\/\/olemosaic.com\/fr\/wp-json\/wp\/v2\/product"}],"about":[{"href":"https:\/\/olemosaic.com\/fr\/wp-json\/wp\/v2\/types\/product"}],"wp:featuredmedia":[{"embeddable":true,"href":"https:\/\/olemosaic.com\/fr\/wp-json\/wp\/v2\/media\/12898"}],"wp:attachment":[{"href":"https:\/\/olemosaic.com\/fr\/wp-json\/wp\/v2\/media?parent=30658"}],"wp:term":[{"taxonomy":"product_brand","embeddable":true,"href":"https:\/\/olemosaic.com\/fr\/wp-json\/wp\/v2\/product_brand?post=30658"},{"taxonomy":"product_cat","embeddable":true,"href":"https:\/\/olemosaic.com\/fr\/wp-json\/wp\/v2\/product_cat?post=30658"},{"taxonomy":"product_tag","embeddable":true,"href":"https:\/\/olemosaic.com\/fr\/wp-json\/wp\/v2\/product_tag?post=30658"}],"curies":[{"name":"wp","href":"https:\/\/api.w.org\/{rel}","templated":true}]}}