{"id":30657,"date":"2025-02-20T22:32:28","date_gmt":"2025-02-20T22:32:28","guid":{"rendered":"http:\/\/olemosaic.com\/producto\/iman-de-metal-buho-mallorca-8-cm\/"},"modified":"2025-07-25T19:36:46","modified_gmt":"2025-07-25T17:36:46","slug":"aimant-metal-hibou-majorque-8-cm","status":"publish","type":"product","link":"https:\/\/olemosaic.com\/fr\/produit\/aimant-metal-hibou-majorque-8-cm\/","title":{"rendered":"Aimant en m\u00e9tal. Hibou. Majorque. 8 cm."},"content":{"rendered":"<p>Cet aimant m\u00e9tallique de 8 cm est une pi\u00e8ce vibrante et color\u00e9e repr\u00e9sentant un hibou, inspir\u00e9 par l&rsquo;art de la mosa\u00efque typique de Majorque. Son design captivant combine des tons de jaune, bleu, rouge et vert, \u00e9voquant la riche palette de couleurs du folklore majorquin. L&rsquo;aimant se distingue non seulement par son attrait visuel, mais aussi par son symbolisme : le hibou est un oiseau associ\u00e9 \u00e0 la sagesse et \u00e0 l&rsquo;intuition, des \u00e9l\u00e9ments tr\u00e8s valoris\u00e9s dans la culture locale.<\/p>\n<p>Le mot \u00ab\u00a0MALLORCA\u00a0\u00bb est imprim\u00e9 sur la partie sup\u00e9rieure de l&rsquo;aimant, offrant une touche distinctive qui en fait un souvenir id\u00e9al pour ceux qui souhaitent emporter un morceau de cette magnifique \u00eele espagnole. Ce souvenir est parfait pour d\u00e9corer les r\u00e9frig\u00e9rateurs, les tableaux blancs ou toute surface m\u00e9tallique, ajoutant une touche de couleur et d&rsquo;authenticit\u00e9 aux espaces.<\/p>\n<p>Chez Ol\u00e9 Mosaic, nous nous sp\u00e9cialisons dans la distribution de souvenirs en gros, ce qui nous permet de proposer ce type d&rsquo;aimant parmi nos produits repr\u00e9sentatifs de Majorque et d&rsquo;autres r\u00e9gions espagnoles. Cet aimant de hibou est une excellente option pour les boutiques de cadeaux touristiques \u00e0 la recherche de souvenirs authentiques et visuellement percutants, renfor\u00e7ant le lien culturel et \u00e9motionnel avec l&rsquo;\u00eele. Avec son design d\u00e9taill\u00e9 et sa signification, cet aimant devient un souvenir parfait qui capture l&rsquo;essence de Majorque.<\/p>\n","protected":false},"excerpt":{"rendered":"<p>Aimant m\u00e9tallique de 8 cm avec un design vibrant de hibou, inspir\u00e9 de l&rsquo;art de la mosa\u00efque typique de Majorque. Ce souvenir attrayant se distingue par ses couleurs vives et \u00e9clatantes, incluant des tons de jaune, bleu, rouge et vert, repr\u00e9sentant les caract\u00e9ristiques du folklore local. Le mot \u00ab\u00a0MALLORCA\u00a0\u00bb est imprim\u00e9 en haut, ajoutant une touche distinctive et un souvenir id\u00e9al pour d\u00e9corer n&rsquo;importe quel espace.<\/p>\n","protected":false},"featured_media":11440,"template":"","meta":{"_acf_changed":false},"product_brand":[],"product_cat":[697],"product_tag":[530],"class_list":{"0":"post-30657","1":"product","2":"type-product","3":"status-publish","4":"has-post-thumbnail","6":"product_cat-aimants","7":"product_tag-animaux","8":"pa_ciudad-mallorca","9":"pa_motivo-hiboux","10":"pa_pais-espana","12":"first","13":"instock","14":"shipping-taxable","15":"product-type-simple"},"acf":[],"_links":{"self":[{"href":"https:\/\/olemosaic.com\/fr\/wp-json\/wp\/v2\/product\/30657","targetHints":{"allow":["GET"]}}],"collection":[{"href":"https:\/\/olemosaic.com\/fr\/wp-json\/wp\/v2\/product"}],"about":[{"href":"https:\/\/olemosaic.com\/fr\/wp-json\/wp\/v2\/types\/product"}],"wp:featuredmedia":[{"embeddable":true,"href":"https:\/\/olemosaic.com\/fr\/wp-json\/wp\/v2\/media\/11440"}],"wp:attachment":[{"href":"https:\/\/olemosaic.com\/fr\/wp-json\/wp\/v2\/media?parent=30657"}],"wp:term":[{"taxonomy":"product_brand","embeddable":true,"href":"https:\/\/olemosaic.com\/fr\/wp-json\/wp\/v2\/product_brand?post=30657"},{"taxonomy":"product_cat","embeddable":true,"href":"https:\/\/olemosaic.com\/fr\/wp-json\/wp\/v2\/product_cat?post=30657"},{"taxonomy":"product_tag","embeddable":true,"href":"https:\/\/olemosaic.com\/fr\/wp-json\/wp\/v2\/product_tag?post=30657"}],"curies":[{"name":"wp","href":"https:\/\/api.w.org\/{rel}","templated":true}]}}