{"id":30656,"date":"2025-02-20T22:32:28","date_gmt":"2025-02-20T22:32:28","guid":{"rendered":"http:\/\/olemosaic.com\/producto\/iman-de-metal-bailaora-valencia-8-cm\/"},"modified":"2025-07-25T18:49:43","modified_gmt":"2025-07-25T16:49:43","slug":"aimant-metal-danseuse-flamenco-valence-8-cm","status":"publish","type":"product","link":"https:\/\/olemosaic.com\/fr\/produit\/aimant-metal-danseuse-flamenco-valence-8-cm\/","title":{"rendered":"Aimant en m\u00e9tal. Danseuse de flamenco. Valence. 8 cm."},"content":{"rendered":"<p>Cet aimant m\u00e9tallique de 8 cm est une pi\u00e8ce vibrante qui capture l&rsquo;essence de la culture valencienne avec un design artistique et color\u00e9. Il repr\u00e9sente une \u00e9l\u00e9gante danseuse de flamenco, orn\u00e9e d&rsquo;une mosa\u00efque qui \u00e9voque la riche tradition artistique de la r\u00e9gion. La figure de la danseuse, v\u00eatue d&rsquo;un costume de flamenco \u00e9labor\u00e9, se d\u00e9tache dans des tons brillants de rouge, vert et jaune, sur un fond bleu qui souligne l&rsquo;intensit\u00e9 de sa tenue, cr\u00e9ant un attrait visuel qui ne passera pas inaper\u00e7u.<\/p>\n<p>L&rsquo;utilisation de d\u00e9tails en mosa\u00efque ne rend pas seulement hommage \u00e0 la c\u00e9l\u00e8bre c\u00e9ramique valencienne, mais transforme l&rsquo;aimant en un souvenir authentique et significatif pour les touristes. Chaque pi\u00e8ce refl\u00e8te la culture vibrante de la communaut\u00e9, c\u00e9l\u00e9brant la joie et la passion qui caract\u00e9risent tant le flamenco que les f\u00eates valenciennes. Cet aimant est une excellente fa\u00e7on d&#8217;emporter un morceau de Valence chez soi, un souvenir id\u00e9al pour ceux qui recherchent plus qu&rsquo;un simple souvenir.<\/p>\n<p>Chez Ol\u00e9 Mosaic, nous nous consacrons \u00e0 la distribution de souvenirs en gros, garantissant la qualit\u00e9 et l&rsquo;authenticit\u00e9 de chaque produit. Cet aimant de danseuse est parfait pour les boutiques de cadeaux touristiques souhaitant offrir \u00e0 leurs clients une repr\u00e9sentation color\u00e9e et culturellement significative de Valence, et se distingue dans notre gamme de souvenirs.<\/p>\n","protected":false},"excerpt":{"rendered":"<p>Aimant en m\u00e9tal de 8 cm repr\u00e9sentant une danseuse de flamenco, avec un design vibrant inspir\u00e9 de la culture valencienne. Cet aimant se distingue par sa mosa\u00efque color\u00e9e, qui \u00e9voque la tradition artistique de la r\u00e9gion. La figure de la danseuse, v\u00eatue d&rsquo;un costume de flamenco \u00e9labor\u00e9, se dresse sur un fond bleu qui rehausse les tons vifs rouges, verts et jaunes de ses v\u00eatements. Une touche culturelle parfaite pour toute collection.<\/p>\n","protected":false},"featured_media":10028,"template":"","meta":{"_acf_changed":false},"product_brand":[],"product_cat":[697],"product_tag":[],"class_list":{"0":"post-30656","1":"product","2":"type-product","3":"status-publish","4":"has-post-thumbnail","6":"product_cat-aimants","7":"pa_ciudad-valencia","8":"pa_motivo-danseurs","9":"pa_pais-espana","11":"first","12":"instock","13":"shipping-taxable","14":"product-type-simple"},"acf":[],"_links":{"self":[{"href":"https:\/\/olemosaic.com\/fr\/wp-json\/wp\/v2\/product\/30656","targetHints":{"allow":["GET"]}}],"collection":[{"href":"https:\/\/olemosaic.com\/fr\/wp-json\/wp\/v2\/product"}],"about":[{"href":"https:\/\/olemosaic.com\/fr\/wp-json\/wp\/v2\/types\/product"}],"wp:featuredmedia":[{"embeddable":true,"href":"https:\/\/olemosaic.com\/fr\/wp-json\/wp\/v2\/media\/10028"}],"wp:attachment":[{"href":"https:\/\/olemosaic.com\/fr\/wp-json\/wp\/v2\/media?parent=30656"}],"wp:term":[{"taxonomy":"product_brand","embeddable":true,"href":"https:\/\/olemosaic.com\/fr\/wp-json\/wp\/v2\/product_brand?post=30656"},{"taxonomy":"product_cat","embeddable":true,"href":"https:\/\/olemosaic.com\/fr\/wp-json\/wp\/v2\/product_cat?post=30656"},{"taxonomy":"product_tag","embeddable":true,"href":"https:\/\/olemosaic.com\/fr\/wp-json\/wp\/v2\/product_tag?post=30656"}],"curies":[{"name":"wp","href":"https:\/\/api.w.org\/{rel}","templated":true}]}}