{"id":30655,"date":"2025-02-20T23:32:28","date_gmt":"2025-02-20T22:32:28","guid":{"rendered":"http:\/\/olemosaic.com\/producto\/iman-de-metal-buho-barcelona-plata-8-cm-2\/"},"modified":"2025-07-25T18:49:41","modified_gmt":"2025-07-25T16:49:41","slug":"aimant-metal-hibou-barcelone-argent-8-cm","status":"publish","type":"product","link":"https:\/\/olemosaic.com\/fr\/produit\/aimant-metal-hibou-barcelone-argent-8-cm\/","title":{"rendered":"Aimant en m\u00e9tal. Hibou. Mosa\u00efque. Barcelone. Argent. 8 cm."},"content":{"rendered":"<p>Cet aimant m\u00e9tallique de 8 cm est une pi\u00e8ce vibrante qui capture l&rsquo;essence de Barcelone \u00e0 travers le design embl\u00e9matique d&rsquo;un hibou d\u00e9cor\u00e9 dans le style mosa\u00efque. Inspir\u00e9 par l&rsquo;architecture moderniste de la ville, l&rsquo;aimant pr\u00e9sente une palette de couleurs vives, avec des tons rouges, jaunes, verts et bleus qui s&rsquo;entrelacent dans des formes g\u00e9om\u00e9triques, cr\u00e9ant une repr\u00e9sentation fascinante et captivante de ce majestueux oiseau nocturne. La finition brillante ajoute une touche de sophistication et rehausse les d\u00e9tails artistiques, en faisant un excellent souvenir qui refl\u00e8te la cr\u00e9ativit\u00e9 et l&rsquo;art catalan.<\/p>\n<p>En haut de l&rsquo;aimant, le mot \u00ab\u00a0Barcelona\u00a0\u00bb renforce la fiert\u00e9 pour la ville et son riche h\u00e9ritage culturel. Cet aimant n&rsquo;est pas seulement une simple d\u00e9coration, mais un symbole authentique de l&rsquo;esprit barcelonais, un souvenir parfait pour ceux qui souhaitent emporter un morceau de la culture vibrante de la ville.<\/p>\n<p>Chez Ol\u00e9 Mosaic, nous nous consacrons \u00e0 la distribution de souvenirs de qualit\u00e9 en gros, et cet aimant de hibou est un excellent ajout pour toute boutique de cadeaux touristiques. C&rsquo;est un moyen id\u00e9al de connecter les visiteurs \u00e0 l&rsquo;histoire fascinante et \u00e0 l&rsquo;art de Barcelone, ce qui en fait un choix populaire parmi les touristes \u00e0 la recherche de souvenirs embl\u00e9matiques et authentiques. En tant que grossistes d&rsquo;aimants, nous garantissons des produits qui c\u00e9l\u00e8brent la richesse culturelle de l&rsquo;Espagne, parfaits pour ceux qui souhaitent se souvenir de leur exp\u00e9rience dans cette ville magnifique.<\/p>\n","protected":false},"excerpt":{"rendered":"<p>Aimant m\u00e9tallique de 8 cm, avec un design color\u00e9 de hibou au style mosa\u00efque, inspir\u00e9 de l&rsquo;architecture moderniste de Barcelone. Cet aimant se distingue par ses couleurs vives et ses formes g\u00e9om\u00e9triques, \u00e9labor\u00e9es avec une finition brillante qui rehausse l&rsquo;art et la culture catalane. En haut, le mot \u00ab\u00a0Barcelona\u00a0\u00bb compl\u00e8te le design, faisant de ce souvenir un objet attrayant de la ville.<\/p>\n","protected":false},"featured_media":11442,"template":"","meta":{"_acf_changed":false},"product_brand":[],"product_cat":[697],"product_tag":[530],"class_list":{"0":"post-30655","1":"product","2":"type-product","3":"status-publish","4":"has-post-thumbnail","6":"product_cat-aimants","7":"product_tag-animaux","8":"pa_ciudad-barcelona","9":"pa_motivo-hiboux","10":"pa_pais-espana","12":"first","13":"instock","14":"shipping-taxable","15":"product-type-simple"},"acf":[],"_links":{"self":[{"href":"https:\/\/olemosaic.com\/fr\/wp-json\/wp\/v2\/product\/30655","targetHints":{"allow":["GET"]}}],"collection":[{"href":"https:\/\/olemosaic.com\/fr\/wp-json\/wp\/v2\/product"}],"about":[{"href":"https:\/\/olemosaic.com\/fr\/wp-json\/wp\/v2\/types\/product"}],"wp:featuredmedia":[{"embeddable":true,"href":"https:\/\/olemosaic.com\/fr\/wp-json\/wp\/v2\/media\/11442"}],"wp:attachment":[{"href":"https:\/\/olemosaic.com\/fr\/wp-json\/wp\/v2\/media?parent=30655"}],"wp:term":[{"taxonomy":"product_brand","embeddable":true,"href":"https:\/\/olemosaic.com\/fr\/wp-json\/wp\/v2\/product_brand?post=30655"},{"taxonomy":"product_cat","embeddable":true,"href":"https:\/\/olemosaic.com\/fr\/wp-json\/wp\/v2\/product_cat?post=30655"},{"taxonomy":"product_tag","embeddable":true,"href":"https:\/\/olemosaic.com\/fr\/wp-json\/wp\/v2\/product_tag?post=30655"}],"curies":[{"name":"wp","href":"https:\/\/api.w.org\/{rel}","templated":true}]}}