{"id":30654,"date":"2025-02-20T22:32:28","date_gmt":"2025-02-20T22:32:28","guid":{"rendered":"http:\/\/olemosaic.com\/producto\/iman-de-metal-buho-barcelona-8-cm\/"},"modified":"2025-07-25T19:47:38","modified_gmt":"2025-07-25T17:47:38","slug":"aimant-metal-hibou-barcelone-8-cm","status":"publish","type":"product","link":"https:\/\/olemosaic.com\/fr\/produit\/aimant-metal-hibou-barcelone-8-cm\/","title":{"rendered":"Aimant en m\u00e9tal. Hibou. Barcelone. 8 cm."},"content":{"rendered":"<p>Cet aimant m\u00e9tallique de 8 cm est une pi\u00e8ce charmante qui capture l&rsquo;essence vibrante de Barcelone gr\u00e2ce \u00e0 son design attrayant de deux hiboux. Repr\u00e9sent\u00e9s dans un style mosa\u00efque, il rend hommage \u00e0 la riche culture artistique de la ville. Avec une finition brillante, cet aimant se distingue par ses couleurs intenses, allant du bleu et du vert au rouge et au jaune, \u00e9voquant la diversit\u00e9 et la chaleur de l&rsquo;architecture moderniste barcelonaise. La repr\u00e9sentation des hiboux, oiseaux symbolisant la sagesse, est captivante et se dresse sur un fond inspir\u00e9 de la technique de la mosa\u00efque, si typique des \u0153uvres architecturales comme le Parc G\u00fcell, con\u00e7u par le c\u00e9l\u00e8bre Antoni Gaud\u00ed.<\/p>\n<p>Le texte \u00ab\u00a0Barcelone\u00a0\u00bb, imprim\u00e9 sur la partie sup\u00e9rieure de l&rsquo;aimant, ajoute une touche distinctive qui en fait un souvenir m\u00e9morable de la ville. Ce souvenir est id\u00e9al pour les touristes \u00e0 la recherche d&rsquo;une approche authentique de la culture catalane, faisant de cet aimant un cadeau parfait ou un d\u00e9tail personnel capturant les moments v\u00e9cus dans cette ville embl\u00e9matique. Chez Ol\u00e9 Mosaic, en tant que grossistes de souvenirs de Barcelone, nous proposons des produits qui refl\u00e8tent l&rsquo;authenticit\u00e9 et la tradition, garantissant la qualit\u00e9 de chaque pi\u00e8ce. Cet aimant de hiboux est une excellente option pour les boutiques de cadeaux touristiques souhaitant proposer des articles attrayants et culturellement pertinents.<\/p>\n","protected":false},"excerpt":{"rendered":"<p>Aimant m\u00e9tallique de 8 cm avec un design attrayant de deux hiboux sur un fond color\u00e9, inspir\u00e9 du style mosa\u00efque de Barcelone. Avec une finition brillante, cet aimant se distingue par ses couleurs vibrantes et sa technique artistique, \u00e9voquant la richesse de la culture catalane. Le mot \u00ab\u00a0Barcelone\u00a0\u00bb est imprim\u00e9 en haut, ajoutant une touche distinctive et attrayante \u00e0 ce souvenir id\u00e9al pour les amoureux de la ville.<\/p>\n","protected":false},"featured_media":11321,"template":"","meta":{"_acf_changed":false},"product_brand":[],"product_cat":[697],"product_tag":[530],"class_list":{"0":"post-30654","1":"product","2":"type-product","3":"status-publish","4":"has-post-thumbnail","6":"product_cat-aimants","7":"product_tag-animaux","8":"pa_ciudad-barcelona","9":"pa_motivo-hiboux","10":"pa_pais-espana","12":"first","13":"instock","14":"shipping-taxable","15":"product-type-simple"},"acf":[],"_links":{"self":[{"href":"https:\/\/olemosaic.com\/fr\/wp-json\/wp\/v2\/product\/30654","targetHints":{"allow":["GET"]}}],"collection":[{"href":"https:\/\/olemosaic.com\/fr\/wp-json\/wp\/v2\/product"}],"about":[{"href":"https:\/\/olemosaic.com\/fr\/wp-json\/wp\/v2\/types\/product"}],"wp:featuredmedia":[{"embeddable":true,"href":"https:\/\/olemosaic.com\/fr\/wp-json\/wp\/v2\/media\/11321"}],"wp:attachment":[{"href":"https:\/\/olemosaic.com\/fr\/wp-json\/wp\/v2\/media?parent=30654"}],"wp:term":[{"taxonomy":"product_brand","embeddable":true,"href":"https:\/\/olemosaic.com\/fr\/wp-json\/wp\/v2\/product_brand?post=30654"},{"taxonomy":"product_cat","embeddable":true,"href":"https:\/\/olemosaic.com\/fr\/wp-json\/wp\/v2\/product_cat?post=30654"},{"taxonomy":"product_tag","embeddable":true,"href":"https:\/\/olemosaic.com\/fr\/wp-json\/wp\/v2\/product_tag?post=30654"}],"curies":[{"name":"wp","href":"https:\/\/api.w.org\/{rel}","templated":true}]}}