{"id":30653,"date":"2025-02-20T22:32:28","date_gmt":"2025-02-20T22:32:28","guid":{"rendered":"http:\/\/olemosaic.com\/producto\/iman-de-metal-caballito-de-mar-mallorca-azul-8-cm\/"},"modified":"2025-07-25T18:43:30","modified_gmt":"2025-07-25T16:43:30","slug":"aimant-metal-hippocampe-majorque-bleu-8-cm","status":"publish","type":"product","link":"https:\/\/olemosaic.com\/fr\/produit\/aimant-metal-hippocampe-majorque-bleu-8-cm\/","title":{"rendered":"Aimant en m\u00e9tal. Hippocampe. Majorque. Bleu. 8 cm."},"content":{"rendered":"<p>Cet aimant m\u00e9tallique de 8 cm est une magnifique repr\u00e9sentation de la vie marine de Majorque, avec un design vibrant d&rsquo;hippocampes qui incarne l&rsquo;essence de la M\u00e9diterran\u00e9e. Avec une finition captivante dans les tons bleus et multicolores, l&rsquo;aimant montre une sc\u00e8ne sous-marine anim\u00e9e, d\u00e9cor\u00e9e d&rsquo;\u00e9l\u00e9ments \u00e9voquant la riche tradition artisanale de l&rsquo;\u00eele, y compris des d\u00e9tails en c\u00e9ramique et des motifs de mosa\u00efque qui refl\u00e8tent l&rsquo;h\u00e9ritage culturel majorquin. Le fond bleu profond symbolise les eaux cristallines de la M\u00e9diterran\u00e9e, tandis que les hippocampes, dans des tons rouges, verts et jaunes, ajoutent de la joie et de la fra\u00eecheur, captant l&rsquo;attention de l&rsquo;observateur.<\/p>\n<p>Plus qu&rsquo;un simple accessoire d\u00e9coratif, cet aimant est un souvenir authentique et repr\u00e9sentatif des merveilles naturelles et de la biodiversit\u00e9 de l&rsquo;environnement marin majorquin. Parfait pour les touristes \u00e0 la recherche de souvenirs uniques de Majorque, l&rsquo;aimant est le compl\u00e9ment id\u00e9al pour orner n&rsquo;importe quelle surface m\u00e9tallique dans la maison, rappelant les belles exp\u00e9riences v\u00e9cues sur l&rsquo;\u00eele. Chez Ol\u00e9 Mosaic, nous distribuons des souvenirs de haute qualit\u00e9 et cet aimant d&rsquo;hippocampes est une excellente option pour les boutiques de cadeaux touristiques cherchant \u00e0 proposer des produits c\u00e9l\u00e9brant la culture et l&rsquo;art locaux. Ajoutez une touche de la belle M\u00e9diterran\u00e9e \u00e0 votre collection de souvenirs !<\/p>\n","protected":false},"excerpt":{"rendered":"<p>Aimant en m\u00e9tal de 8 cm avec un design vibrant d&rsquo;hippocampes, inspir\u00e9 par la beaut\u00e9 marine de Majorque. Cet aimant color\u00e9 pr\u00e9sente une finition dans les tons bleus et multicolores, repr\u00e9sentant une sc\u00e8ne sous-marine pleine de vie, avec des \u00e9l\u00e9ments en c\u00e9ramique et des motifs de mosa\u00efque refl\u00e9tant la riche tradition artistique de l&rsquo;\u00eele. Id\u00e9al pour ajouter une touche m\u00e9diterran\u00e9enne \u00e0 n&rsquo;importe quelle surface m\u00e9tallique.<\/p>\n","protected":false},"featured_media":11455,"template":"","meta":{"_acf_changed":false},"product_brand":[],"product_cat":[697],"product_tag":[530],"class_list":{"0":"post-30653","1":"product","2":"type-product","3":"status-publish","4":"has-post-thumbnail","6":"product_cat-aimants","7":"product_tag-animaux","8":"pa_ciudad-mallorca","9":"pa_motivo-hippocampes","10":"pa_pais-espana","12":"first","13":"instock","14":"shipping-taxable","15":"product-type-simple"},"acf":[],"_links":{"self":[{"href":"https:\/\/olemosaic.com\/fr\/wp-json\/wp\/v2\/product\/30653","targetHints":{"allow":["GET"]}}],"collection":[{"href":"https:\/\/olemosaic.com\/fr\/wp-json\/wp\/v2\/product"}],"about":[{"href":"https:\/\/olemosaic.com\/fr\/wp-json\/wp\/v2\/types\/product"}],"wp:featuredmedia":[{"embeddable":true,"href":"https:\/\/olemosaic.com\/fr\/wp-json\/wp\/v2\/media\/11455"}],"wp:attachment":[{"href":"https:\/\/olemosaic.com\/fr\/wp-json\/wp\/v2\/media?parent=30653"}],"wp:term":[{"taxonomy":"product_brand","embeddable":true,"href":"https:\/\/olemosaic.com\/fr\/wp-json\/wp\/v2\/product_brand?post=30653"},{"taxonomy":"product_cat","embeddable":true,"href":"https:\/\/olemosaic.com\/fr\/wp-json\/wp\/v2\/product_cat?post=30653"},{"taxonomy":"product_tag","embeddable":true,"href":"https:\/\/olemosaic.com\/fr\/wp-json\/wp\/v2\/product_tag?post=30653"}],"curies":[{"name":"wp","href":"https:\/\/api.w.org\/{rel}","templated":true}]}}