{"id":30652,"date":"2025-02-20T23:32:27","date_gmt":"2025-02-20T22:32:27","guid":{"rendered":"http:\/\/olemosaic.com\/producto\/iman-de-metal-sagrada-familia-barcelona-8-cm-12\/"},"modified":"2025-07-25T19:27:26","modified_gmt":"2025-07-25T17:27:26","slug":"aimant-metal-sagrada-familia-barcelone-8-cm-12","status":"publish","type":"product","link":"https:\/\/olemosaic.com\/fr\/produit\/aimant-metal-sagrada-familia-barcelone-8-cm-12\/","title":{"rendered":"Aimant en m\u00e9tal. Sagrada Familia. \u00c9difice Gaud\u00ed. Barcelone. 8 cm."},"content":{"rendered":"<p>Cet aimant m\u00e9tallique de 8 cm est une magnifique repr\u00e9sentation de l&rsquo;iconique Sagrada Familia, l&rsquo;un des monuments les plus embl\u00e9matiques de Barcelone. Son design vibrant, orn\u00e9 d&rsquo;une mosa\u00efque de couleurs \u00e9clatantes, capture l&rsquo;essence architecturale de ce chef-d&rsquo;\u0153uvre d&rsquo;Antoni Gaud\u00ed. Dans la partie sup\u00e9rieure, la phrase \u00ab\u00a0I \u2665 Barcelone\u00a0\u00bb se d\u00e9tache dans un ton rouge vif, ajoutant une touche de chaleur et d&rsquo;attrait au design. La Sagrada Familia, avec ses tours imposantes et ses magnifiques d\u00e9tails, se dresse majestueusement en arri\u00e8re-plan, invitant les amoureux de l&rsquo;art et de l&rsquo;architecture \u00e0 s&rsquo;immerger dans sa splendeur.<\/p>\n<p>Cet aimant n&rsquo;est pas seulement un accessoire pratique pour orner votre r\u00e9frig\u00e9rateur ou toute surface m\u00e9tallique, mais c&rsquo;est aussi un authentique souvenir de Barcelone, rappelant \u00e0 celui qui le voit la magie de la cit\u00e9 comtale. En tant que pi\u00e8ce repr\u00e9sentative, il symbolise le riche h\u00e9ritage culturel de Barcelone et le g\u00e9nie de Gaud\u00ed, un attrait indiscutable pour les touristes cherchant \u00e0 emporter un morceau de la ville. Chez Ol\u00e9 Mosaic, nous proposons cet aimant dans le cadre de notre collection vari\u00e9e de souvenirs, garantissant authenticit\u00e9 et qualit\u00e9. C&rsquo;est une excellente option pour les boutiques de cadeaux touristiques souhaitant offrir \u00e0 leurs clients des souvenirs uniques et pleins de sens de leur visite \u00e0 Barcelone.<\/p>\n","protected":false},"excerpt":{"rendered":"<p>Aimant en m\u00e9tal de 8 cm avec une repr\u00e9sentation color\u00e9e de la Sagrada Familia, monument embl\u00e9matique de Barcelone. Le design, avec ses couleurs vives et ses formes de mosa\u00efque, capture l&rsquo;essence architecturale du chef-d&rsquo;\u0153uvre de Gaud\u00ed. Avec la phrase \u00ab\u00a0I \u2665 Barcelone\u00a0\u00bb en haut, cet aimant est le souvenir parfait pour les amoureux de la ville, id\u00e9al pour personnaliser n&rsquo;importe quel espace avec une touche d&rsquo;art et de culture catalane.<\/p>\n","protected":false},"featured_media":11362,"template":"","meta":{"_acf_changed":false},"product_brand":[],"product_cat":[697],"product_tag":[],"class_list":{"0":"post-30652","1":"product","2":"type-product","3":"status-publish","4":"has-post-thumbnail","6":"product_cat-aimants","7":"pa_ciudad-barcelona","8":"pa_motivo-sagrada-familia","9":"pa_pais-espana","11":"first","12":"instock","13":"shipping-taxable","14":"product-type-simple"},"acf":[],"_links":{"self":[{"href":"https:\/\/olemosaic.com\/fr\/wp-json\/wp\/v2\/product\/30652","targetHints":{"allow":["GET"]}}],"collection":[{"href":"https:\/\/olemosaic.com\/fr\/wp-json\/wp\/v2\/product"}],"about":[{"href":"https:\/\/olemosaic.com\/fr\/wp-json\/wp\/v2\/types\/product"}],"wp:featuredmedia":[{"embeddable":true,"href":"https:\/\/olemosaic.com\/fr\/wp-json\/wp\/v2\/media\/11362"}],"wp:attachment":[{"href":"https:\/\/olemosaic.com\/fr\/wp-json\/wp\/v2\/media?parent=30652"}],"wp:term":[{"taxonomy":"product_brand","embeddable":true,"href":"https:\/\/olemosaic.com\/fr\/wp-json\/wp\/v2\/product_brand?post=30652"},{"taxonomy":"product_cat","embeddable":true,"href":"https:\/\/olemosaic.com\/fr\/wp-json\/wp\/v2\/product_cat?post=30652"},{"taxonomy":"product_tag","embeddable":true,"href":"https:\/\/olemosaic.com\/fr\/wp-json\/wp\/v2\/product_tag?post=30652"}],"curies":[{"name":"wp","href":"https:\/\/api.w.org\/{rel}","templated":true}]}}