{"id":30650,"date":"2025-02-20T22:32:27","date_gmt":"2025-02-20T22:32:27","guid":{"rendered":"http:\/\/olemosaic.com\/producto\/iman-de-metal-casa-batllo-barcelona-8-cm\/"},"modified":"2025-07-25T19:23:41","modified_gmt":"2025-07-25T17:23:41","slug":"aimant-metal-casa-batllo-barcelone-8-cm","status":"publish","type":"product","link":"https:\/\/olemosaic.com\/fr\/produit\/aimant-metal-casa-batllo-barcelone-8-cm\/","title":{"rendered":"Aimant en m\u00e9tal. Casa Batll\u00f3. Barcelone. 8 cm."},"content":{"rendered":"<p>Cet aimant m\u00e9tallique de 8 cm est une fid\u00e8le reproduction de l&rsquo;iconique Casa Batll\u00f3 de Barcelone, \u0153uvre du c\u00e9l\u00e8bre architecte Antoni Gaud\u00ed. Avec son design attrayant en mosa\u00efque, l&rsquo;aimant capture la fa\u00e7ade vibrante du b\u00e2timent, v\u00e9ritable symbole du modernisme catalan. Les couleurs vives qui ornent l&rsquo;illustration, avec une palette de bleus, de jaunes et de rouges, \u00e9voquent l&rsquo;exub\u00e9rance et la singularit\u00e9 de ce chef-d&rsquo;\u0153uvre architectural. Chaque d\u00e9tail a \u00e9t\u00e9 soign\u00e9 au maximum pour refl\u00e9ter les c\u00e9l\u00e8bres formes ondul\u00e9es et le jeu de lumi\u00e8res et d&rsquo;ombres de sa surface, offrant un authentique \u00e9chantillon de la cr\u00e9ativit\u00e9 qui caract\u00e9rise Gaud\u00ed.<\/p>\n<p>Cet aimant n&rsquo;est pas seulement le souvenir parfait pour les amoureux de l&rsquo;architecture et de l&rsquo;art, mais aussi un excellent rappel de la beaut\u00e9 de Barcelone, permettant aux touristes de ramener un morceau de cette ville vibrante chez eux. En tant que pi\u00e8ce repr\u00e9sentative de la culture catalane, il est id\u00e9al pour ceux qui recherchent des souvenirs refl\u00e9tant le riche patrimoine culturel de la r\u00e9gion. Chez Ol\u00e9 Mosaic, en tant que grossistes de souvenirs, nous proposons cet aimant de la Casa Batll\u00f3 pour que les boutiques de cadeaux touristiques offrent \u00e0 leurs clients un souvenir authentique et significatif de Barcelone.<\/p>\n","protected":false},"excerpt":{"rendered":"<p>Aimant m\u00e9tallique de 8 cm inspir\u00e9 de l&#8217;embl\u00e9matique Casa Batll\u00f3 de Barcelone. Cet aimant color\u00e9 pr\u00e9sente une repr\u00e9sentation artistique en mosa\u00efque, capturant la fa\u00e7ade vibrante du c\u00e9l\u00e8bre b\u00e2timent con\u00e7u par Antoni Gaud\u00ed. Avec une palette de couleurs comprenant des tons bleus, jaunes et rouges, cet aimant est un souvenir parfait de l&rsquo;architecture moderniste catalane. Une excellente fa\u00e7on d&#8217;emporter un morceau de la beaut\u00e9 de Barcelone.<\/p>\n","protected":false},"featured_media":11398,"template":"","meta":{"_acf_changed":false},"product_brand":[],"product_cat":[697],"product_tag":[],"class_list":{"0":"post-30650","1":"product","2":"type-product","3":"status-publish","4":"has-post-thumbnail","6":"product_cat-aimants","7":"pa_ciudad-barcelona","8":"pa_motivo-casa-batllo","9":"pa_pais-espana","11":"first","12":"instock","13":"shipping-taxable","14":"product-type-simple"},"acf":[],"_links":{"self":[{"href":"https:\/\/olemosaic.com\/fr\/wp-json\/wp\/v2\/product\/30650","targetHints":{"allow":["GET"]}}],"collection":[{"href":"https:\/\/olemosaic.com\/fr\/wp-json\/wp\/v2\/product"}],"about":[{"href":"https:\/\/olemosaic.com\/fr\/wp-json\/wp\/v2\/types\/product"}],"wp:featuredmedia":[{"embeddable":true,"href":"https:\/\/olemosaic.com\/fr\/wp-json\/wp\/v2\/media\/11398"}],"wp:attachment":[{"href":"https:\/\/olemosaic.com\/fr\/wp-json\/wp\/v2\/media?parent=30650"}],"wp:term":[{"taxonomy":"product_brand","embeddable":true,"href":"https:\/\/olemosaic.com\/fr\/wp-json\/wp\/v2\/product_brand?post=30650"},{"taxonomy":"product_cat","embeddable":true,"href":"https:\/\/olemosaic.com\/fr\/wp-json\/wp\/v2\/product_cat?post=30650"},{"taxonomy":"product_tag","embeddable":true,"href":"https:\/\/olemosaic.com\/fr\/wp-json\/wp\/v2\/product_tag?post=30650"}],"curies":[{"name":"wp","href":"https:\/\/api.w.org\/{rel}","templated":true}]}}