{"id":30649,"date":"2025-02-20T23:32:27","date_gmt":"2025-02-20T22:32:27","guid":{"rendered":"http:\/\/olemosaic.com\/producto\/iman-de-metal-salamandra-fuerteventura-negro-8-cm-2\/"},"modified":"2025-07-25T20:17:34","modified_gmt":"2025-07-25T18:17:34","slug":"aimant-metal-salamandre-fuerteventura-noir-8-cm-fr","status":"publish","type":"product","link":"https:\/\/olemosaic.com\/fr\/produit\/aimant-metal-salamandre-fuerteventura-noir-8-cm-fr\/","title":{"rendered":"Aimant en m\u00e9tal. Salamandre. Fuerteventura. Canaries. Noir. 8 cm."},"content":{"rendered":"<p>Cet aimant m\u00e9tallique de 8 cm est une joyeuse repr\u00e9sentation de la faune de Fuerteventura. Il montre une salamandre color\u00e9e avec un impressionnant design en mosa\u00efque sur un fond noir qui la met en valeur. Ses \u00e9cailles arborent des tons vibrants de bleu, vert et jaune, cr\u00e9ant un effet visuel captivant qui attire l&rsquo;attention. De plus, le mot \u00ab\u00a0FUERTEVENTURA\u00a0\u00bb est imprim\u00e9 en haut de l&rsquo;aimant, une touche distinctive et locale qui en fait un souvenir authentique de l&rsquo;\u00eele.<\/p>\n<p>Cette pi\u00e8ce ne sert pas seulement d&rsquo;aimant pratique pour votre r\u00e9frig\u00e9rateur, mais d\u00e9core \u00e9galement n&rsquo;importe quel espace, rehaussant la joie et la culture des Canaries dans la maison. Les salamandres font partie int\u00e9grante de la biodiversit\u00e9 de Fuerteventura et repr\u00e9sentent la riche faune qui habite cette \u00eele magique. Cet aimant devient ainsi un souvenir significatif pour les touristes souhaitant emporter un morceau des magnifiques \u00eeles Canaries.<\/p>\n<p>Chez Ol\u00e9 Mosaic, nous sommes distributeurs de souvenirs en gros et cet aimant de salamandre est une excellente option pour les boutiques de cadeaux touristiques souhaitant proposer un produit authentique et culturellement pertinent. Id\u00e9al pour ceux qui recherchent des souvenirs de Fuerteventura, cet aimant ne symbolise pas seulement l&rsquo;essence de l&rsquo;\u00eele, mais se distingue \u00e9galement par sa qualit\u00e9 et son attrait visuel, ce qui en fait un choix parfait pour ceux qui souhaitent se rem\u00e9morer leur visite.<\/p>\n","protected":false},"excerpt":{"rendered":"<p>Aimant m\u00e9tallique de 8 cm inspir\u00e9 de la faune de Fuerteventura, repr\u00e9sentant une salamandre color\u00e9e au design de mosa\u00efque. Il se distingue par son fond noir, qui fait ressortir les couleurs vibrantes de la salamandre, avec des d\u00e9tails dans les tons bleu, vert et jaune, cr\u00e9ant un attrait visuel. Le mot \u00ab\u00a0FUERTEVENTURA\u00a0\u00bb est imprim\u00e9 en haut, ajoutant une touche distinctive et locale. Id\u00e9al comme souvenir ou \u00e9l\u00e9ment d\u00e9coratif pour la maison.<\/p>\n","protected":false},"featured_media":12878,"template":"","meta":{"_acf_changed":false},"product_brand":[],"product_cat":[697],"product_tag":[530],"class_list":{"0":"post-30649","1":"product","2":"type-product","3":"status-publish","4":"has-post-thumbnail","6":"product_cat-aimants","7":"product_tag-animaux","8":"pa_ciudad-fuerteventura","9":"pa_motivo-salamandres","10":"pa_pais-espana","12":"first","13":"instock","14":"shipping-taxable","15":"product-type-simple"},"acf":[],"_links":{"self":[{"href":"https:\/\/olemosaic.com\/fr\/wp-json\/wp\/v2\/product\/30649","targetHints":{"allow":["GET"]}}],"collection":[{"href":"https:\/\/olemosaic.com\/fr\/wp-json\/wp\/v2\/product"}],"about":[{"href":"https:\/\/olemosaic.com\/fr\/wp-json\/wp\/v2\/types\/product"}],"wp:featuredmedia":[{"embeddable":true,"href":"https:\/\/olemosaic.com\/fr\/wp-json\/wp\/v2\/media\/12878"}],"wp:attachment":[{"href":"https:\/\/olemosaic.com\/fr\/wp-json\/wp\/v2\/media?parent=30649"}],"wp:term":[{"taxonomy":"product_brand","embeddable":true,"href":"https:\/\/olemosaic.com\/fr\/wp-json\/wp\/v2\/product_brand?post=30649"},{"taxonomy":"product_cat","embeddable":true,"href":"https:\/\/olemosaic.com\/fr\/wp-json\/wp\/v2\/product_cat?post=30649"},{"taxonomy":"product_tag","embeddable":true,"href":"https:\/\/olemosaic.com\/fr\/wp-json\/wp\/v2\/product_tag?post=30649"}],"curies":[{"name":"wp","href":"https:\/\/api.w.org\/{rel}","templated":true}]}}