{"id":30647,"date":"2025-02-20T22:32:27","date_gmt":"2025-02-20T22:32:27","guid":{"rendered":"http:\/\/olemosaic.com\/producto\/iman-de-metal-toro-mallorca-8-cm\/"},"modified":"2025-07-25T20:26:35","modified_gmt":"2025-07-25T18:26:35","slug":"aimant-metal-taureau-majorque-8-cm","status":"publish","type":"product","link":"https:\/\/olemosaic.com\/fr\/produit\/aimant-metal-taureau-majorque-8-cm\/","title":{"rendered":"Aimant en m\u00e9tal. Taureau. Majorque. 8 cm."},"content":{"rendered":"<p>Cet aimant m\u00e9tallique de 8 cm est un souvenir vibrant de Majorque qui \u00e9voque la riche tradition culturelle et artistique de l&rsquo;\u00eele. Son design met en avant deux taureaux majestueux repr\u00e9sent\u00e9s en mosa\u00efques color\u00e9es, symbolisant l&rsquo;essence du folklore bal\u00e9are et la passion pour la tauromachie dans cette r\u00e9gion. Avec un fond bleu clair qui rehausse les tons intenses et chauds des taureaux, cet aimant devient une \u0153uvre d&rsquo;art qui captive tout admirateur.<\/p>\n<p>La repr\u00e9sentation des taureaux est soigneusement \u00e9labor\u00e9e avec des d\u00e9tails refl\u00e9tant un style moderne et joyeux, apportant une touche artistique qui compl\u00e8te la beaut\u00e9 naturelle de Majorque. En haut de l&rsquo;aimant, le mot \u00ab\u00a0MALLORCA\u00a0\u00bb appara\u00eet en lettres color\u00e9es, soulignant sa connexion directe avec la culture locale et faisant de cet article un souvenir id\u00e9al pour ceux qui ont visit\u00e9 l&rsquo;\u00eele.<\/p>\n<p>Chez Ol\u00e9 Mosaic, nous nous consacrons \u00e0 la distribution de souvenirs en gros, et cet aimant est une excellente option pour les boutiques de cadeaux touristiques cherchant \u00e0 offrir des produits authentiques et pleins de sens. Cet aimant de taureaux n&rsquo;est pas seulement un objet d\u00e9coratif, mais aussi un symbole repr\u00e9sentatif de la vie \u00e0 Majorque, parfait pour emporter un morceau de l&rsquo;\u00eele au quotidien.<\/p>\n","protected":false},"excerpt":{"rendered":"<p>Aimant en m\u00e9tal de 8 cm au design vibrant montrant deux taureaux repr\u00e9sent\u00e9s en mosa\u00efques color\u00e9es, un symbole de la tradition et de la culture de Majorque. La pi\u00e8ce, sur fond bleu clair, rehausse les tons intenses des taureaux, offrant une touche artistique et joyeuse. Le mot \u00ab\u00a0MALLORCA\u00a0\u00bb appara\u00eet en haut en lettres color\u00e9es, ajoutant un attrait visuel \u00e0 ce souvenir qui capture l&rsquo;essence du folklore bal\u00e9are.<\/p>\n","protected":false},"featured_media":9972,"template":"","meta":{"_acf_changed":false},"product_brand":[],"product_cat":[697],"product_tag":[530],"class_list":{"0":"post-30647","1":"product","2":"type-product","3":"status-publish","4":"has-post-thumbnail","6":"product_cat-aimants","7":"product_tag-animaux","8":"pa_ciudad-mallorca","9":"pa_motivo-taureaux","10":"pa_pais-espana","12":"first","13":"instock","14":"shipping-taxable","15":"product-type-simple"},"acf":[],"_links":{"self":[{"href":"https:\/\/olemosaic.com\/fr\/wp-json\/wp\/v2\/product\/30647","targetHints":{"allow":["GET"]}}],"collection":[{"href":"https:\/\/olemosaic.com\/fr\/wp-json\/wp\/v2\/product"}],"about":[{"href":"https:\/\/olemosaic.com\/fr\/wp-json\/wp\/v2\/types\/product"}],"wp:featuredmedia":[{"embeddable":true,"href":"https:\/\/olemosaic.com\/fr\/wp-json\/wp\/v2\/media\/9972"}],"wp:attachment":[{"href":"https:\/\/olemosaic.com\/fr\/wp-json\/wp\/v2\/media?parent=30647"}],"wp:term":[{"taxonomy":"product_brand","embeddable":true,"href":"https:\/\/olemosaic.com\/fr\/wp-json\/wp\/v2\/product_brand?post=30647"},{"taxonomy":"product_cat","embeddable":true,"href":"https:\/\/olemosaic.com\/fr\/wp-json\/wp\/v2\/product_cat?post=30647"},{"taxonomy":"product_tag","embeddable":true,"href":"https:\/\/olemosaic.com\/fr\/wp-json\/wp\/v2\/product_tag?post=30647"}],"curies":[{"name":"wp","href":"https:\/\/api.w.org\/{rel}","templated":true}]}}