{"id":30629,"date":"2025-02-20T23:32:26","date_gmt":"2025-02-20T22:32:26","guid":{"rendered":"http:\/\/olemosaic.com\/producto\/iman-de-metal-sagrada-familia-barcelona-8-cm-10\/"},"modified":"2025-07-25T19:13:51","modified_gmt":"2025-07-25T17:13:51","slug":"aimant-metal-sagrada-familia-barcelone-8-cm-fr","status":"publish","type":"product","link":"https:\/\/olemosaic.com\/fr\/produit\/aimant-metal-sagrada-familia-barcelone-8-cm-fr\/","title":{"rendered":"Aimant en m\u00e9tal. Sagrada Familia. Modernisme catalan. Barcelone. 8 cm."},"content":{"rendered":"<p>Cet aimant m\u00e9tallique de 8 cm est un souvenir vibrant de l&#8217;embl\u00e9matique Sagrada Familia de Barcelone, l&rsquo;un des chefs-d&rsquo;\u0153uvre les plus reconnus de l&rsquo;architecte Antoni Gaud\u00ed. Son design color\u00e9 capture l&rsquo;essence du style moderniste, avec des d\u00e9tails architecturaux qui refl\u00e8tent la singularit\u00e9 de cette basilique. Les formes distinctives de la Sagrada Familia sont repr\u00e9sent\u00e9es avec une palette vibrante, o\u00f9 les tons chauds et froids se combinent dans une repr\u00e9sentation artistique qui souligne sa beaut\u00e9. Dans la partie sup\u00e9rieure, l&rsquo;inscription \u00ab\u00a0I \u2764\ufe0f Barcelona\u00a0\u00bb ajoute une touche attrayante, faisant de cet aimant une pi\u00e8ce id\u00e9ale pour ceux qui souhaitent se souvenir de leur visite dans cette ville monumentale.<\/p>\n<p>Ce souvenir n&rsquo;est pas seulement un accessoire d\u00e9coratif, mais aussi un symbole du riche patrimoine culturel de Barcelone. La Sagrada Familia, h\u00e9ritage du modernisme catalan, est un t\u00e9moignage de l&rsquo;ing\u00e9niosit\u00e9 et de la cr\u00e9ativit\u00e9 de Gaud\u00ed, et cet aimant est une mani\u00e8re authentique d&#8217;emporter un morceau de cette histoire chez soi. Chez Ol\u00e9 Mosaic, nous nous sp\u00e9cialisons dans la distribution de souvenirs en gros, offrant des articles comme cet aimant unique qui allie art et culture. C&rsquo;est un excellent choix pour les boutiques de cadeaux touristiques qui cherchent \u00e0 proposer des produits significatifs et de qualit\u00e9, id\u00e9aux pour se souvenir de l&rsquo;un des joyaux architecturaux les plus embl\u00e9matiques d&rsquo;Espagne.<\/p>\n","protected":false},"excerpt":{"rendered":"<p>Aimant m\u00e9tallique de 8 cm repr\u00e9sentant l&#8217;embl\u00e9matique Sagrada Familia de Barcelone. Ce souvenir attrayant pr\u00e9sente un design color\u00e9 inspir\u00e9 du modernisme d&rsquo;Antoni Gaud\u00ed, avec des formes architecturales singuli\u00e8res et une palette vibrante qui rehausse les d\u00e9tails de l&rsquo;\u0153uvre. L&rsquo;inscription \u00ab\u00a0I \u2764\ufe0f Barcelona\u00a0\u00bb sur la partie sup\u00e9rieure ajoute une touche frappante, en faisant un souvenir id\u00e9al de votre visite dans cette ville monumentale.<\/p>\n","protected":false},"featured_media":13537,"template":"","meta":{"_acf_changed":false},"product_brand":[],"product_cat":[697],"product_tag":[],"class_list":{"0":"post-30629","1":"product","2":"type-product","3":"status-publish","4":"has-post-thumbnail","6":"product_cat-aimants","7":"pa_ciudad-barcelona","8":"pa_motivo-sagrada-familia","9":"pa_pais-espana","11":"first","12":"instock","13":"shipping-taxable","14":"product-type-simple"},"acf":[],"_links":{"self":[{"href":"https:\/\/olemosaic.com\/fr\/wp-json\/wp\/v2\/product\/30629","targetHints":{"allow":["GET"]}}],"collection":[{"href":"https:\/\/olemosaic.com\/fr\/wp-json\/wp\/v2\/product"}],"about":[{"href":"https:\/\/olemosaic.com\/fr\/wp-json\/wp\/v2\/types\/product"}],"wp:featuredmedia":[{"embeddable":true,"href":"https:\/\/olemosaic.com\/fr\/wp-json\/wp\/v2\/media\/13537"}],"wp:attachment":[{"href":"https:\/\/olemosaic.com\/fr\/wp-json\/wp\/v2\/media?parent=30629"}],"wp:term":[{"taxonomy":"product_brand","embeddable":true,"href":"https:\/\/olemosaic.com\/fr\/wp-json\/wp\/v2\/product_brand?post=30629"},{"taxonomy":"product_cat","embeddable":true,"href":"https:\/\/olemosaic.com\/fr\/wp-json\/wp\/v2\/product_cat?post=30629"},{"taxonomy":"product_tag","embeddable":true,"href":"https:\/\/olemosaic.com\/fr\/wp-json\/wp\/v2\/product_tag?post=30629"}],"curies":[{"name":"wp","href":"https:\/\/api.w.org\/{rel}","templated":true}]}}