{"id":30598,"date":"2025-02-20T23:32:25","date_gmt":"2025-02-20T22:32:25","guid":{"rendered":"http:\/\/olemosaic.com\/producto\/iman-de-metal-panoramica-barcelona-8-cm-9\/"},"modified":"2025-07-25T19:37:26","modified_gmt":"2025-07-25T17:37:26","slug":"aimant-metal-panoramique-barcelone-8-cm-fr","status":"publish","type":"product","link":"https:\/\/olemosaic.com\/fr\/produit\/aimant-metal-panoramique-barcelone-8-cm-fr\/","title":{"rendered":"Aimant en m\u00e9tal. Panoramique. \u00c9difices Gaud\u00ed. Barcelone. 8 cm."},"content":{"rendered":"<p>Cet aimant m\u00e9tallique de 8 cm est un hommage vibrant \u00e0 la beaut\u00e9 de Barcelone, avec une vue panoramique color\u00e9e qui capture ses \u00e9l\u00e9ments les plus iconiques. La Sagrada Familia, avec ses tours aux tons rouges et dor\u00e9s, se dresse majestueusement dans le design, accompagn\u00e9e d&rsquo;\u00e9l\u00e9ments d&rsquo;architecture moderniste qui refl\u00e8tent l&rsquo;essence artistique de la capitale catalane. Int\u00e9gr\u00e9 dans un style mosa\u00efque esth\u00e9tique, ce souvenir souligne la singularit\u00e9 de la ville et son riche h\u00e9ritage culturel.<\/p>\n<p>L&rsquo;aimant inclut le c\u00e9l\u00e8bre texte \u00ab\u00a0I \u2665 Barcelona\u00a0\u00bb, en lettres frappantes sur un fond bleu ciel, \u00e9voquant la chaleur du paysage urbain. Ce d\u00e9tail, ainsi que les oiseaux en plein vol et les motifs de c\u00e9ramique qui ornent les constructions, apporte un air ludique et joyeux, en faisant un objet parfait pour ramener un morceau de la culture catalane dans n&rsquo;importe quel foyer. Id\u00e9al pour d\u00e9corer les r\u00e9frig\u00e9rateurs, cet aimant n&rsquo;est pas seulement fonctionnel, mais aussi un rappel visuel d&rsquo;une visite inoubliable \u00e0 Barcelone.<\/p>\n<p>Chez Ol\u00e9 Mosaic, nous sommes experts dans la distribution de souvenirs en gros, et cet aimant de Barcelone est une excellente option pour les boutiques de cadeaux touristiques qui cherchent \u00e0 capturer l&rsquo;essence de la ville dans un format accessible et attrayant. En proposant des souvenirs authentiques de Barcelone, nous garantissons que chaque pi\u00e8ce raconte une histoire et \u00e9voque des souvenirs sp\u00e9ciaux de cette m\u00e9tropole vibrante.<\/p>\n","protected":false},"excerpt":{"rendered":"<p>Aimant m\u00e9tallique de 8 cm capturant une vue panoramique color\u00e9e de Barcelone. Cet aimant pr\u00e9sente un design vibrant incluant l&rsquo;iconique Sagrada Familia et des \u00e9l\u00e9ments d&rsquo;architecture moderniste, le tout dans un style mosa\u00efque. Avec le texte \u00ab\u00a0I \u2665 Barcelona\u00a0\u00bb en lettres frappantes, ce souvenir est parfait pour \u00e9voquer la beaut\u00e9 de la ville. Id\u00e9al pour d\u00e9corer les r\u00e9frig\u00e9rateurs et ramener un morceau de la culture catalane chez soi.<\/p>\n","protected":false},"featured_media":11410,"template":"","meta":{"_acf_changed":false},"product_brand":[],"product_cat":[697],"product_tag":[],"class_list":{"0":"post-30598","1":"product","2":"type-product","3":"status-publish","4":"has-post-thumbnail","6":"product_cat-aimants","7":"pa_ciudad-barcelona","8":"pa_motivo-panoramas","9":"pa_pais-espana","11":"first","12":"instock","13":"shipping-taxable","14":"product-type-simple"},"acf":[],"_links":{"self":[{"href":"https:\/\/olemosaic.com\/fr\/wp-json\/wp\/v2\/product\/30598","targetHints":{"allow":["GET"]}}],"collection":[{"href":"https:\/\/olemosaic.com\/fr\/wp-json\/wp\/v2\/product"}],"about":[{"href":"https:\/\/olemosaic.com\/fr\/wp-json\/wp\/v2\/types\/product"}],"wp:featuredmedia":[{"embeddable":true,"href":"https:\/\/olemosaic.com\/fr\/wp-json\/wp\/v2\/media\/11410"}],"wp:attachment":[{"href":"https:\/\/olemosaic.com\/fr\/wp-json\/wp\/v2\/media?parent=30598"}],"wp:term":[{"taxonomy":"product_brand","embeddable":true,"href":"https:\/\/olemosaic.com\/fr\/wp-json\/wp\/v2\/product_brand?post=30598"},{"taxonomy":"product_cat","embeddable":true,"href":"https:\/\/olemosaic.com\/fr\/wp-json\/wp\/v2\/product_cat?post=30598"},{"taxonomy":"product_tag","embeddable":true,"href":"https:\/\/olemosaic.com\/fr\/wp-json\/wp\/v2\/product_tag?post=30598"}],"curies":[{"name":"wp","href":"https:\/\/api.w.org\/{rel}","templated":true}]}}