{"id":30596,"date":"2025-02-20T22:32:25","date_gmt":"2025-02-20T22:32:25","guid":{"rendered":"http:\/\/olemosaic.com\/producto\/iman-de-metal-panoramica-valencia-8-cm\/"},"modified":"2025-07-25T20:00:10","modified_gmt":"2025-07-25T18:00:10","slug":"aimant-metal-panoramique-valence-8-cm","status":"publish","type":"product","link":"https:\/\/olemosaic.com\/fr\/produit\/aimant-metal-panoramique-valence-8-cm\/","title":{"rendered":"Aimant en m\u00e9tal. Panoramique. Valence. 8 cm."},"content":{"rendered":"<p>Cet aimant m\u00e9tallique de 8 cm est un souvenir vibrant et color\u00e9 qui capture l&rsquo;essence de Valence, montrant une vue panoramique avec deux de ses monuments les plus embl\u00e9matiques : le March\u00e9 Central et l&rsquo;incontournable Cit\u00e9 des Arts et des Sciences. Son design, qui \u00e9voque la mosa\u00efque typique de Valence, est orn\u00e9 d&rsquo;une explosion de couleurs qui souligne chaque d\u00e9tail architectural, cr\u00e9ant une image festive et attrayante. La typographie stylis\u00e9e de \u00ab\u00a0VALENCIA\u00a0\u00bb se d\u00e9tache de mani\u00e8re percutante sur la partie sup\u00e9rieure, apportant une touche moderne et dynamique \u00e0 l&rsquo;aimant.<\/p>\n<p>Cet aimant n&rsquo;est pas seulement une pi\u00e8ce d\u00e9corative, il agit \u00e9galement comme un pont culturel, rappelant aux touristes le riche h\u00e9ritage artistique et architectural de Valence. En acqu\u00e9rant ce souvenir, les visiteurs peuvent emporter chez eux un fragment de la ville, parfait pour se rem\u00e9morer les moments sp\u00e9ciaux v\u00e9cus pendant leur voyage.<\/p>\n<p>Chez Ol\u00e9 Mosaic, nous comprenons l&rsquo;importance de proposer des produits authentiques qui refl\u00e8tent la singularit\u00e9 de chaque r\u00e9gion. Cet aimant est un choix id\u00e9al pour les boutiques de cadeaux touristiques \u00e0 la recherche d&rsquo;un souvenir repr\u00e9sentatif et de qualit\u00e9. En tant que grossistes de souvenirs, nous garantissons que chaque pi\u00e8ce est non seulement attrayante, mais qu&rsquo;elle encapsule \u00e9galement la culture vibrante de Valence, id\u00e9ale pour ceux qui souhaitent se souvenir de leur visite dans cette belle ville espagnole.<\/p>\n","protected":false},"excerpt":{"rendered":"<p>Aimant m\u00e9tallique de 8 cm avec une vue panoramique color\u00e9e de Valence. Ce souvenir attrayant se distingue par son design vibrant, incluant des repr\u00e9sentations iconiques telles que le March\u00e9 Central et la Cit\u00e9 des Arts et des Sciences, dans un style \u00e9voquant la mosa\u00efque typique de la r\u00e9gion. Les couleurs vives et la typographie de \u00ab\u00a0VALENCIA\u00a0\u00bb lui donnent un air festif, en faisant un cadeau id\u00e9al ou un souvenir pour les amoureux de cette belle ville espagnole.<\/p>\n","protected":false},"featured_media":10459,"template":"","meta":{"_acf_changed":false},"product_brand":[],"product_cat":[697],"product_tag":[],"class_list":{"0":"post-30596","1":"product","2":"type-product","3":"status-publish","4":"has-post-thumbnail","6":"product_cat-aimants","7":"pa_ciudad-valencia","8":"pa_motivo-panoramas","9":"pa_pais-espana","11":"first","12":"instock","13":"shipping-taxable","14":"product-type-simple"},"acf":[],"_links":{"self":[{"href":"https:\/\/olemosaic.com\/fr\/wp-json\/wp\/v2\/product\/30596","targetHints":{"allow":["GET"]}}],"collection":[{"href":"https:\/\/olemosaic.com\/fr\/wp-json\/wp\/v2\/product"}],"about":[{"href":"https:\/\/olemosaic.com\/fr\/wp-json\/wp\/v2\/types\/product"}],"wp:featuredmedia":[{"embeddable":true,"href":"https:\/\/olemosaic.com\/fr\/wp-json\/wp\/v2\/media\/10459"}],"wp:attachment":[{"href":"https:\/\/olemosaic.com\/fr\/wp-json\/wp\/v2\/media?parent=30596"}],"wp:term":[{"taxonomy":"product_brand","embeddable":true,"href":"https:\/\/olemosaic.com\/fr\/wp-json\/wp\/v2\/product_brand?post=30596"},{"taxonomy":"product_cat","embeddable":true,"href":"https:\/\/olemosaic.com\/fr\/wp-json\/wp\/v2\/product_cat?post=30596"},{"taxonomy":"product_tag","embeddable":true,"href":"https:\/\/olemosaic.com\/fr\/wp-json\/wp\/v2\/product_tag?post=30596"}],"curies":[{"name":"wp","href":"https:\/\/api.w.org\/{rel}","templated":true}]}}