{"id":30595,"date":"2025-02-20T23:32:25","date_gmt":"2025-02-20T22:32:25","guid":{"rendered":"http:\/\/olemosaic.com\/producto\/iman-de-metal-sagrada-familia-barcelona-negro-8-cm-5\/"},"modified":"2025-07-25T18:51:21","modified_gmt":"2025-07-25T16:51:21","slug":"aimant-metal-sagrada-familia-barcelone-noir-8-cm-fr","status":"publish","type":"product","link":"https:\/\/olemosaic.com\/fr\/produit\/aimant-metal-sagrada-familia-barcelone-noir-8-cm-fr\/","title":{"rendered":"Aimant en m\u00e9tal. Sagrada Familia. Style contemporain. Barcelone. Noir. 8 cm."},"content":{"rendered":"<p>Cet aimant m\u00e9tallique de 8 cm est un souvenir vibrant qui capture l&rsquo;essence de la Sagrada Familia \u00e0 Barcelone, l&rsquo;un des chefs-d&rsquo;\u0153uvre du c\u00e9l\u00e8bre architecte Antoni Gaud\u00ed. Avec un design color\u00e9 et contemporain, cet aimant se distingue par sa repr\u00e9sentation artistique qui simule les vitraux color\u00e9s de la basilique, utilisant un usage esth\u00e9tique de formes g\u00e9om\u00e9triques et de tonalit\u00e9s brillantes qui \u00e9voquent la luminosit\u00e9 caract\u00e9ristique du b\u00e2timent. Le mot \u00ab\u00a0Barcelona\u00a0\u00bb est imprim\u00e9 sur la partie sup\u00e9rieure, s&rsquo;int\u00e9grant de mani\u00e8re harmonieuse dans la composition g\u00e9n\u00e9rale et soulignant le caract\u00e8re unique de ce symbole embl\u00e9matique de la ville.<\/p>\n<p>Fabriqu\u00e9 en m\u00e9tal de haute qualit\u00e9, cet aimant n&rsquo;est pas seulement un objet d\u00e9coratif, mais une pi\u00e8ce qui transporte ceux qui le contemplent vers la merveille architecturale de la Sagrada Familia. Son fond noir fait ressortir les couleurs vibrantes de l&rsquo;illustration, faisant de ce souvenir une option id\u00e9ale pour ceux qui cherchent \u00e0 ramener un petit morceau de Barcelone chez eux. Chez Ol\u00e9 Mosaic, nous nous sp\u00e9cialisons dans la distribution de souvenirs en gros, et cet aimant repr\u00e9sente une excellente opportunit\u00e9 pour les boutiques de cadeaux touristiques souhaitant offrir des articles authentiques et repr\u00e9sentatifs de la culture catalane. Cet aimant de la Sagrada Familia est, sans aucun doute, un souvenir inoubliable qui c\u00e9l\u00e8bre la richesse et le patrimoine de Barcelone, ce qui en fait un article indispensable pour tout touriste.<\/p>\n","protected":false},"excerpt":{"rendered":"<p>Aimant m\u00e9tallique de 8 cm avec une repr\u00e9sentation vibrante de la Sagrada Familia de Barcelone. Cet aimant attrayant se distingue par son design color\u00e9, qui \u00e9voque la majest\u00e9 de l&rsquo;\u0153uvre de Gaud\u00ed, avec des formes g\u00e9om\u00e9triques et des d\u00e9tails aux tons brillants simulant les vitraux de la basilique. Le mot \u00ab Barcelona \u00bb appara\u00eet imprim\u00e9 sur la partie sup\u00e9rieure, compl\u00e9tant le style contemporain de ce souvenir parfait pour ramener un petit morceau de la ville chez soi.<\/p>\n","protected":false},"featured_media":11376,"template":"","meta":{"_acf_changed":false},"product_brand":[],"product_cat":[697],"product_tag":[],"class_list":{"0":"post-30595","1":"product","2":"type-product","3":"status-publish","4":"has-post-thumbnail","6":"product_cat-aimants","7":"pa_ciudad-barcelona","8":"pa_motivo-sagrada-familia","9":"pa_pais-espana","11":"first","12":"instock","13":"shipping-taxable","14":"product-type-simple"},"acf":[],"_links":{"self":[{"href":"https:\/\/olemosaic.com\/fr\/wp-json\/wp\/v2\/product\/30595","targetHints":{"allow":["GET"]}}],"collection":[{"href":"https:\/\/olemosaic.com\/fr\/wp-json\/wp\/v2\/product"}],"about":[{"href":"https:\/\/olemosaic.com\/fr\/wp-json\/wp\/v2\/types\/product"}],"wp:featuredmedia":[{"embeddable":true,"href":"https:\/\/olemosaic.com\/fr\/wp-json\/wp\/v2\/media\/11376"}],"wp:attachment":[{"href":"https:\/\/olemosaic.com\/fr\/wp-json\/wp\/v2\/media?parent=30595"}],"wp:term":[{"taxonomy":"product_brand","embeddable":true,"href":"https:\/\/olemosaic.com\/fr\/wp-json\/wp\/v2\/product_brand?post=30595"},{"taxonomy":"product_cat","embeddable":true,"href":"https:\/\/olemosaic.com\/fr\/wp-json\/wp\/v2\/product_cat?post=30595"},{"taxonomy":"product_tag","embeddable":true,"href":"https:\/\/olemosaic.com\/fr\/wp-json\/wp\/v2\/product_tag?post=30595"}],"curies":[{"name":"wp","href":"https:\/\/api.w.org\/{rel}","templated":true}]}}