{"id":30584,"date":"2025-02-20T22:32:24","date_gmt":"2025-02-20T22:32:24","guid":{"rendered":"http:\/\/olemosaic.com\/producto\/iman-de-metal-salamandra-gran-canaria-8-cm\/"},"modified":"2025-07-25T23:51:25","modified_gmt":"2025-07-25T21:51:25","slug":"aimant-metal-salamandre-gran-canaria-8-cm","status":"publish","type":"product","link":"https:\/\/olemosaic.com\/fr\/produit\/aimant-metal-salamandre-gran-canaria-8-cm\/","title":{"rendered":"Aimant en m\u00e9tal. Salamandre. Gran Canaria. 8 cm."},"content":{"rendered":"<p>Cet aimant m\u00e9tallique de 8 cm est un hommage vibrant \u00e0 la faune color\u00e9e de Gran Canaria, parfait pour ceux qui souhaitent emporter un petit morceau de cette \u00eele magnifique. L&rsquo;illustration, pleine de vie, pr\u00e9sente plusieurs salamandres, chacune orn\u00e9e d&rsquo;une mosa\u00efque de couleurs brillantes qui \u00e9voque la riche biodiversit\u00e9 et l&rsquo;environnement naturel unique de Gran Canaria. Le fond bleu clair, con\u00e7u pour simuler une mosa\u00efque artistique, apporte une touche de fra\u00eecheur qui compl\u00e8te les salamandres et fait ressortir l&rsquo;aimant avec \u00e9l\u00e9gance.<\/p>\n<p>Le texte \u00ab\u00a0Gran Canaria\u00a0\u00bb appara\u00eet en lettres festives, renfor\u00e7ant le caract\u00e8re touristique du produit et en faisant un excellent souvenir de votre visite sur cette \u00eele fascinante. Cet aimant ne sert pas seulement d&rsquo;outil pratique pour fixer des notes et des rappels sur le r\u00e9frig\u00e9rateur, mais il est aussi un symbole de la connexion entre le visiteur et cette magnifique r\u00e9gion de l&rsquo;archipel des Canaries.<\/p>\n<p>Chez Ol\u00e9 Mosaic, nous reconnaissons l&rsquo;importance d&rsquo;offrir des souvenirs authentiques qui capturent l&rsquo;essence culturelle de leurs destinations. Cet aimant est un choix parfait pour les boutiques de cadeaux touristiques \u00e0 la recherche de produits de qualit\u00e9 avec un arri\u00e8re-plan culturel significatif. En choisissant cet aimant de salamandre de Gran Canaria, les touristes n&rsquo;acqui\u00e8rent pas seulement un souvenir, mais un petit morceau de la riche biodiversit\u00e9 qui caract\u00e9rise ce joyau de l&rsquo;Atlantique. En tant que grossistes de souvenirs, nous garantissons que chaque pi\u00e8ce est un t\u00e9moignage de l&rsquo;artisanat et de l&rsquo;amour pour la culture locale.<\/p>\n","protected":false},"excerpt":{"rendered":"<p>Aimant m\u00e9tallique de 8 cm, inspir\u00e9 par la faune color\u00e9e de Gran Canaria. Cet aimant attrayant pr\u00e9sente une s\u00e9rie de salamandres d\u00e9cor\u00e9es d&rsquo;une mosa\u00efque vibrante de couleurs \u00e9voquant la riche biodiversit\u00e9 de l&rsquo;\u00eele. Le fond, bleu clair, simule une mosa\u00efque, ajoutant une touche artistique et fra\u00eeche. Avec le texte \u00ab\u00a0Gran Canaria\u00a0\u00bb en lettres festives, c&rsquo;est un souvenir id\u00e9al pour se rappeler la beaut\u00e9 de cette destination canarienne.<\/p>\n","protected":false},"featured_media":12907,"template":"","meta":{"_acf_changed":false},"product_brand":[],"product_cat":[697],"product_tag":[530],"class_list":{"0":"post-30584","1":"product","2":"type-product","3":"status-publish","4":"has-post-thumbnail","6":"product_cat-aimants","7":"product_tag-animaux","8":"pa_ciudad-gran-canaria","9":"pa_motivo-salamandres","10":"pa_pais-espana","12":"first","13":"instock","14":"shipping-taxable","15":"product-type-simple"},"acf":[],"_links":{"self":[{"href":"https:\/\/olemosaic.com\/fr\/wp-json\/wp\/v2\/product\/30584","targetHints":{"allow":["GET"]}}],"collection":[{"href":"https:\/\/olemosaic.com\/fr\/wp-json\/wp\/v2\/product"}],"about":[{"href":"https:\/\/olemosaic.com\/fr\/wp-json\/wp\/v2\/types\/product"}],"wp:featuredmedia":[{"embeddable":true,"href":"https:\/\/olemosaic.com\/fr\/wp-json\/wp\/v2\/media\/12907"}],"wp:attachment":[{"href":"https:\/\/olemosaic.com\/fr\/wp-json\/wp\/v2\/media?parent=30584"}],"wp:term":[{"taxonomy":"product_brand","embeddable":true,"href":"https:\/\/olemosaic.com\/fr\/wp-json\/wp\/v2\/product_brand?post=30584"},{"taxonomy":"product_cat","embeddable":true,"href":"https:\/\/olemosaic.com\/fr\/wp-json\/wp\/v2\/product_cat?post=30584"},{"taxonomy":"product_tag","embeddable":true,"href":"https:\/\/olemosaic.com\/fr\/wp-json\/wp\/v2\/product_tag?post=30584"}],"curies":[{"name":"wp","href":"https:\/\/api.w.org\/{rel}","templated":true}]}}