{"id":30583,"date":"2025-02-20T22:32:24","date_gmt":"2025-02-20T22:32:24","guid":{"rendered":"http:\/\/olemosaic.com\/producto\/iman-de-metal-salamandra-alicante-8-cm\/"},"modified":"2025-07-25T18:42:56","modified_gmt":"2025-07-25T16:42:56","slug":"aimant-metal-salamandre-alicante-8-cm","status":"publish","type":"product","link":"https:\/\/olemosaic.com\/fr\/produit\/aimant-metal-salamandre-alicante-8-cm\/","title":{"rendered":"Aimant en m\u00e9tal. Salamandre. Alicante. 8 cm."},"content":{"rendered":"<p>Cet aimant m\u00e9tallique de 8 cm est un charmant souvenir qui c\u00e9l\u00e8bre l&rsquo;essence d&rsquo;Alicante \u00e0 travers son design vibrant de salamandre, un symbole embl\u00e9matique de la culture locale. Avec un style de mosa\u00efque artistiquement \u00e9labor\u00e9, l&rsquo;aimant pr\u00e9sente une palette de couleurs vives combinant des nuances de bleu, vert, rouge et jaune, capturant parfaitement la joie de l&rsquo;ambiance d&rsquo;Alicante. La salamandre, avec ses contours d\u00e9taill\u00e9s, se d\u00e9ploie sur un fond bleu clair qui rehausse son attrait visuel, devenant un design captivant qui \u00e9voque la riche faune de la r\u00e9gion.<\/p>\n<p>Le mot \u00ab\u00a0ALICANTE\u00a0\u00bb est imprim\u00e9 en lettres frappantes dans la partie sup\u00e9rieure, faisant de cet aimant une pi\u00e8ce non seulement d\u00e9corative, mais aussi un souvenir significatif des moments v\u00e9cus dans cette charmante ville. Alicante, c\u00e9l\u00e8bre pour sa c\u00f4te, son histoire et son climat m\u00e9diterran\u00e9en, reste une destination touristique populaire, et ce souvenir encapsule une partie de son identit\u00e9 culturelle.<\/p>\n<p>Id\u00e9al pour ceux qui cherchent \u00e0 ramener un petit morceau d&rsquo;Alicante \u00e0 la maison, cet aimant est une excellente option pour les boutiques de cadeaux touristiques et un ajout indispensable \u00e0 toute collection de souvenirs. Chez Ol\u00e9 Mosaic, en tant que grossiste de souvenirs, nous garantissons l&rsquo;authenticit\u00e9 et l&rsquo;artisanat de chaque produit, faisant de cet aimant de salamandre un cadeau parfait et m\u00e9morable.<\/p>\n","protected":false},"excerpt":{"rendered":"<p>Aimant m\u00e9tallique de 8 cm reproduisant une salamandre, symbole de la culture d&rsquo;Alicante, dans une repr\u00e9sentation color\u00e9e. Ce charmant aimant, con\u00e7u avec un style de mosa\u00efque vibrant, d\u00e9ploie une palette de couleurs vari\u00e9es sur un fond bleu clair. En haut, le mot \u00ab\u00a0ALICANTE\u00a0\u00bb compl\u00e8te la sc\u00e8ne d\u00e9corative. Parfait pour ceux qui souhaitent ramener un souvenir d&rsquo;Alicante chez eux.<\/p>\n","protected":false},"featured_media":12896,"template":"","meta":{"_acf_changed":false},"product_brand":[],"product_cat":[697],"product_tag":[530],"class_list":{"0":"post-30583","1":"product","2":"type-product","3":"status-publish","4":"has-post-thumbnail","6":"product_cat-aimants","7":"product_tag-animaux","8":"pa_ciudad-alicante","9":"pa_motivo-salamandres","10":"pa_pais-espana","12":"first","13":"instock","14":"shipping-taxable","15":"product-type-simple"},"acf":[],"_links":{"self":[{"href":"https:\/\/olemosaic.com\/fr\/wp-json\/wp\/v2\/product\/30583","targetHints":{"allow":["GET"]}}],"collection":[{"href":"https:\/\/olemosaic.com\/fr\/wp-json\/wp\/v2\/product"}],"about":[{"href":"https:\/\/olemosaic.com\/fr\/wp-json\/wp\/v2\/types\/product"}],"wp:featuredmedia":[{"embeddable":true,"href":"https:\/\/olemosaic.com\/fr\/wp-json\/wp\/v2\/media\/12896"}],"wp:attachment":[{"href":"https:\/\/olemosaic.com\/fr\/wp-json\/wp\/v2\/media?parent=30583"}],"wp:term":[{"taxonomy":"product_brand","embeddable":true,"href":"https:\/\/olemosaic.com\/fr\/wp-json\/wp\/v2\/product_brand?post=30583"},{"taxonomy":"product_cat","embeddable":true,"href":"https:\/\/olemosaic.com\/fr\/wp-json\/wp\/v2\/product_cat?post=30583"},{"taxonomy":"product_tag","embeddable":true,"href":"https:\/\/olemosaic.com\/fr\/wp-json\/wp\/v2\/product_tag?post=30583"}],"curies":[{"name":"wp","href":"https:\/\/api.w.org\/{rel}","templated":true}]}}