{"id":30582,"date":"2025-02-20T23:32:24","date_gmt":"2025-02-20T22:32:24","guid":{"rendered":"http:\/\/olemosaic.com\/producto\/iman-de-metal-salamandra-mojacar-plata-8-cm-2\/"},"modified":"2025-07-25T20:20:36","modified_gmt":"2025-07-25T18:20:36","slug":"aimant-metal-salamandre-mojacar-argent-8-cm","status":"publish","type":"product","link":"https:\/\/olemosaic.com\/fr\/produit\/aimant-metal-salamandre-mojacar-argent-8-cm\/","title":{"rendered":"Aimant en m\u00e9tal. Salamandre. Moj\u00e1car. Argent. Fond blanc. 8 cm."},"content":{"rendered":"<p>Cet aimant m\u00e9tallique de 8 cm est un charmant souvenir qui capture l&rsquo;essence de Moj\u00e1car, un village andalou pittoresque. D\u00e9cor\u00e9 de salamandres frappantes, le design vibrant s&rsquo;inspire du style de mosa\u00efque traditionnel qui caract\u00e9rise la r\u00e9gion. Les l\u00e9zards color\u00e9s, peints dans une palette de bleus, verts, rouges et jaunes, semblent prendre vie sur un fond blanc qui simule la texture de la c\u00e9ramique typique. L&rsquo;inscription \u00ab\u00a0MOJ\u00c1CAR\u00a0\u00bb en haut identifie non seulement la pi\u00e8ce, mais connecte \u00e9galement les touristes \u00e0 la riche culture locale. Cet aimant n&rsquo;est pas seulement fonctionnel, il sert aussi de rappel visuel de la beaut\u00e9 et du folklore de Moj\u00e1car.<\/p>\n<p>Les salamandres, symbole de chance dans la culture andalouse, apportent une signification suppl\u00e9mentaire \u00e0 ce souvenir, en faisant une option id\u00e9ale pour ceux qui recherchent un cadeau unique et repr\u00e9sentatif. Chez Ol\u00e9 Mosaic, nous nous sp\u00e9cialisons dans la distribution de souvenirs en gros, offrant cet aimant de salamandre comme une pi\u00e8ce authentique et de qualit\u00e9 qui ravira les visiteurs. Parfait pour les boutiques de cadeaux touristiques, cet aimant se distingue non seulement par son attrait visuel, mais aussi par sa pertinence culturelle en tant que souvenir d&rsquo;un voyage en Espagne.<\/p>\n","protected":false},"excerpt":{"rendered":"<p>Aimant m\u00e9tallique de 8 cm, d\u00e9cor\u00e9 de salamandres frappantes dans un design vibrant inspir\u00e9 du style mosa\u00efque typique de Moj\u00e1car. Cet aimant pr\u00e9sente une s\u00e9rie de l\u00e9zards color\u00e9s dans des tons bleus, verts, rouges et jaunes, sur un fond blanc simulant la c\u00e9ramique. Avec l&rsquo;inscription \u00ab\u00a0MOJ\u00c1CAR\u00a0\u00bb en haut, ce souvenir capture l&rsquo;essence du folklore local et est id\u00e9al pour emporter un souvenir visuel de cette charmante localit\u00e9 andalouse.<\/p>\n","protected":false},"featured_media":13533,"template":"","meta":{"_acf_changed":false},"product_brand":[],"product_cat":[697],"product_tag":[530],"class_list":{"0":"post-30582","1":"product","2":"type-product","3":"status-publish","4":"has-post-thumbnail","6":"product_cat-aimants","7":"product_tag-animaux","8":"pa_ciudad-mojacar","9":"pa_motivo-salamandres","10":"pa_pais-espana","12":"first","13":"instock","14":"shipping-taxable","15":"product-type-simple"},"acf":[],"_links":{"self":[{"href":"https:\/\/olemosaic.com\/fr\/wp-json\/wp\/v2\/product\/30582","targetHints":{"allow":["GET"]}}],"collection":[{"href":"https:\/\/olemosaic.com\/fr\/wp-json\/wp\/v2\/product"}],"about":[{"href":"https:\/\/olemosaic.com\/fr\/wp-json\/wp\/v2\/types\/product"}],"wp:featuredmedia":[{"embeddable":true,"href":"https:\/\/olemosaic.com\/fr\/wp-json\/wp\/v2\/media\/13533"}],"wp:attachment":[{"href":"https:\/\/olemosaic.com\/fr\/wp-json\/wp\/v2\/media?parent=30582"}],"wp:term":[{"taxonomy":"product_brand","embeddable":true,"href":"https:\/\/olemosaic.com\/fr\/wp-json\/wp\/v2\/product_brand?post=30582"},{"taxonomy":"product_cat","embeddable":true,"href":"https:\/\/olemosaic.com\/fr\/wp-json\/wp\/v2\/product_cat?post=30582"},{"taxonomy":"product_tag","embeddable":true,"href":"https:\/\/olemosaic.com\/fr\/wp-json\/wp\/v2\/product_tag?post=30582"}],"curies":[{"name":"wp","href":"https:\/\/api.w.org\/{rel}","templated":true}]}}