{"id":30581,"date":"2025-02-20T22:32:23","date_gmt":"2025-02-20T22:32:23","guid":{"rendered":"http:\/\/olemosaic.com\/producto\/iman-de-metal-buho-barcelona-negro-8-cm\/"},"modified":"2025-07-25T18:58:30","modified_gmt":"2025-07-25T16:58:30","slug":"aimant-metal-hibou-barcelone-noir-8-cm","status":"publish","type":"product","link":"https:\/\/olemosaic.com\/fr\/produit\/aimant-metal-hibou-barcelone-noir-8-cm\/","title":{"rendered":"Aimant en m\u00e9tal. Hibou. Barcelone. Noir. 8 cm."},"content":{"rendered":"<p>Cet aimant m\u00e9tallique de 8 cm est un charmant souvenir de Barcelone, avec un design vibrant de hibou inspir\u00e9 de l&#8217;embl\u00e9matique mosa\u00efque architecturale de la ville. La figure du hibou, symbole de sagesse et de myst\u00e8re, se d\u00e9tache sur un fond noir qui rehausse les couleurs vives de la mosa\u00efque, cr\u00e9ant un contraste visuel percutant. Les formes g\u00e9om\u00e9triques qui ornent le hibou \u00e9voquent la technique du trencad\u00eds, c\u00e9l\u00e8bre pour son utilisation dans les b\u00e2timents d&rsquo;Antoni Gaud\u00ed. Dans la partie sup\u00e9rieure, le mot \u00ab\u00a0Barcelona\u00a0\u00bb est pr\u00e9sent\u00e9 en lettres stylis\u00e9es, ajoutant une touche d&rsquo;\u00e9l\u00e9gance qui compl\u00e8te le design.<\/p>\n<p>Cet aimant n&rsquo;est pas seulement un \u00e9l\u00e9ment d\u00e9coratif, il capture \u00e9galement l&rsquo;essence de la riche culture et du style artistique de Barcelone, ce qui en fait un souvenir parfait pour ceux qui souhaitent emporter un petit morceau de la ville. Son authenticit\u00e9 et son design attrayant en font un excellent souvenir pour les touristes et un produit id\u00e9al pour les boutiques de cadeaux cherchant \u00e0 proposer des articles repr\u00e9sentatifs de la capitale catalane. Chez Ol\u00e9 Mosaic, nous nous sp\u00e9cialisons dans la distribution de souvenirs en gros, garantissant qualit\u00e9 et originalit\u00e9 dans chaque pi\u00e8ce. Cet aimant hibou est un excellent choix pour ceux qui recherchent des souvenirs de Barcelone authentiques et m\u00e9morables.<\/p>\n","protected":false},"excerpt":{"rendered":"<p>Aimant m\u00e9tallique de 8 cm avec un design color\u00e9 de hibou, inspir\u00e9 des mosa\u00efques de l&rsquo;architecture barcelonaise. Cet aimant attrayant se d\u00e9tache sur un fond noir qui contraste avec les couleurs vives du hibou, orn\u00e9 de formes g\u00e9om\u00e9triques \u00e9voquant le trencad\u00eds. Le mot \u00ab\u00a0Barcelona\u00a0\u00bb en haut ajoute une touche d&rsquo;\u00e9l\u00e9gance, en faisant un souvenir parfait du style artistique de la ville.<\/p>\n","protected":false},"featured_media":11441,"template":"","meta":{"_acf_changed":false},"product_brand":[],"product_cat":[697],"product_tag":[530],"class_list":{"0":"post-30581","1":"product","2":"type-product","3":"status-publish","4":"has-post-thumbnail","6":"product_cat-aimants","7":"product_tag-animaux","8":"pa_ciudad-barcelona","9":"pa_motivo-hiboux","10":"pa_pais-espana","12":"first","13":"instock","14":"shipping-taxable","15":"product-type-simple"},"acf":[],"_links":{"self":[{"href":"https:\/\/olemosaic.com\/fr\/wp-json\/wp\/v2\/product\/30581","targetHints":{"allow":["GET"]}}],"collection":[{"href":"https:\/\/olemosaic.com\/fr\/wp-json\/wp\/v2\/product"}],"about":[{"href":"https:\/\/olemosaic.com\/fr\/wp-json\/wp\/v2\/types\/product"}],"wp:featuredmedia":[{"embeddable":true,"href":"https:\/\/olemosaic.com\/fr\/wp-json\/wp\/v2\/media\/11441"}],"wp:attachment":[{"href":"https:\/\/olemosaic.com\/fr\/wp-json\/wp\/v2\/media?parent=30581"}],"wp:term":[{"taxonomy":"product_brand","embeddable":true,"href":"https:\/\/olemosaic.com\/fr\/wp-json\/wp\/v2\/product_brand?post=30581"},{"taxonomy":"product_cat","embeddable":true,"href":"https:\/\/olemosaic.com\/fr\/wp-json\/wp\/v2\/product_cat?post=30581"},{"taxonomy":"product_tag","embeddable":true,"href":"https:\/\/olemosaic.com\/fr\/wp-json\/wp\/v2\/product_tag?post=30581"}],"curies":[{"name":"wp","href":"https:\/\/api.w.org\/{rel}","templated":true}]}}