{"id":30580,"date":"2025-02-20T22:32:23","date_gmt":"2025-02-20T22:32:23","guid":{"rendered":"http:\/\/olemosaic.com\/producto\/iman-de-metal-bailaora-marbella-negro-8-cm\/"},"modified":"2025-07-25T18:35:38","modified_gmt":"2025-07-25T16:35:38","slug":"aimant-metal-danseuse-flamenco-marbella-noir-8-cm","status":"publish","type":"product","link":"https:\/\/olemosaic.com\/fr\/produit\/aimant-metal-danseuse-flamenco-marbella-noir-8-cm\/","title":{"rendered":"Aimant en m\u00e9tal. Danseuse de flamenco. Marbella. Noir. 8 cm."},"content":{"rendered":"<p>Cet aimant m\u00e9tallique de 8 cm est un souvenir charmant qui repr\u00e9sente la culture vibrante de Marbella, capturant l&rsquo;essence du folklore andalou. L&rsquo;image montre une \u00e9l\u00e9gante danseuse de flamenco, v\u00eatue d&rsquo;un costume color\u00e9 qui affiche une mosa\u00efque de motifs sur un fond noir, cr\u00e9ant un contraste visuel captivant. La danseuse, orn\u00e9e d&rsquo;une fleur rouge dans les cheveux, adopte une pose dynamique qui \u00e9voque le mouvement gracieux du flamenco, l&rsquo;une des danses les plus repr\u00e9sentatives d&rsquo;Espagne.<\/p>\n<p>Le mot \u00ab MARBELLA \u00bb est imprim\u00e9 en lettres frappantes \u00e0 gauche de la danseuse, ajoutant une touche moderne au design et facilitant son identification en tant que souvenir typique de la ville. Cet aimant n&rsquo;est pas seulement un accessoire pratique, mais aussi une pi\u00e8ce d&rsquo;art d\u00e9corative qui repr\u00e9sente la passion pour la danse et le folklore andalou, id\u00e9ale pour se souvenir d&rsquo;une visite dans cette belle localit\u00e9.<\/p>\n<p>Chez Ol\u00e9 Mosaic, nous nous sp\u00e9cialisons dans la distribution de souvenirs en gros, et cet aimant de danseuse est une excellente option pour les boutiques de cadeaux touristiques qui cherchent \u00e0 offrir des produits authentiques et repr\u00e9sentatifs de la culture espagnole. Les souvenirs de Marbella comme cet aimant sont parfaits pour ceux qui recherchent un souvenir unique et attrayant de leur voyage.<\/p>\n","protected":false},"excerpt":{"rendered":"<p>Aimant m\u00e9tallique de 8 cm repr\u00e9sentant une \u00e9l\u00e9gante danseuse de flamenco, inspir\u00e9e du folklore de Marbella. Le design montre la danseuse v\u00eatue d&rsquo;un costume aux couleurs vibrantes, avec des motifs de style mosa\u00efque sur un fond noir. Le mot \u00ab MARBELLA \u00bb se d\u00e9tache en lettres frappantes sur la gauche, tandis que la danseuse, orn\u00e9e d&rsquo;une fleur rouge dans les cheveux, capture l&rsquo;essence de la danse andalouse avec un mouvement dynamique. Un souvenir color\u00e9 et repr\u00e9sentatif de la culture espagnole.<\/p>\n","protected":false},"featured_media":10546,"template":"","meta":{"_acf_changed":false},"product_brand":[],"product_cat":[697],"product_tag":[],"class_list":{"0":"post-30580","1":"product","2":"type-product","3":"status-publish","4":"has-post-thumbnail","6":"product_cat-aimants","7":"pa_ciudad-marbella","8":"pa_motivo-danseurs","9":"pa_pais-espana","11":"first","12":"instock","13":"shipping-taxable","14":"product-type-simple"},"acf":[],"_links":{"self":[{"href":"https:\/\/olemosaic.com\/fr\/wp-json\/wp\/v2\/product\/30580","targetHints":{"allow":["GET"]}}],"collection":[{"href":"https:\/\/olemosaic.com\/fr\/wp-json\/wp\/v2\/product"}],"about":[{"href":"https:\/\/olemosaic.com\/fr\/wp-json\/wp\/v2\/types\/product"}],"wp:featuredmedia":[{"embeddable":true,"href":"https:\/\/olemosaic.com\/fr\/wp-json\/wp\/v2\/media\/10546"}],"wp:attachment":[{"href":"https:\/\/olemosaic.com\/fr\/wp-json\/wp\/v2\/media?parent=30580"}],"wp:term":[{"taxonomy":"product_brand","embeddable":true,"href":"https:\/\/olemosaic.com\/fr\/wp-json\/wp\/v2\/product_brand?post=30580"},{"taxonomy":"product_cat","embeddable":true,"href":"https:\/\/olemosaic.com\/fr\/wp-json\/wp\/v2\/product_cat?post=30580"},{"taxonomy":"product_tag","embeddable":true,"href":"https:\/\/olemosaic.com\/fr\/wp-json\/wp\/v2\/product_tag?post=30580"}],"curies":[{"name":"wp","href":"https:\/\/api.w.org\/{rel}","templated":true}]}}