{"id":30579,"date":"2025-02-20T23:32:23","date_gmt":"2025-02-20T22:32:23","guid":{"rendered":"http:\/\/olemosaic.com\/producto\/iman-de-metal-sagrada-familia-barcelona-8-cm-6\/"},"modified":"2025-07-25T20:01:28","modified_gmt":"2025-07-25T18:01:28","slug":"aimant-metal-sagrada-familia-barcelone-8-cm-6","status":"publish","type":"product","link":"https:\/\/olemosaic.com\/fr\/produit\/aimant-metal-sagrada-familia-barcelone-8-cm-6\/","title":{"rendered":"Aimant en m\u00e9tal. Sagrada Familia. Antoni Gaud\u00ed. Barcelone. Fond bleu. 8 cm."},"content":{"rendered":"<p>Cet aimant m\u00e9tallique de 8 cm est un charmant souvenir de l&rsquo;iconique Sagrada Familia de Barcelone, l&rsquo;\u0153uvre monumentale d&rsquo;Antoni Gaud\u00ed qui attire des millions de visiteurs chaque ann\u00e9e. Son design vibrant, de style mosa\u00efque, souligne la majest\u00e9 des c\u00e9l\u00e8bres tours et fa\u00e7ades du temple, capturant l&rsquo;essence du modernisme catalan dans une pi\u00e8ce compacte et d\u00e9corative. Avec un fond bleu \u00e9voquant le ciel m\u00e9diterran\u00e9en, l&rsquo;aimant ajoute une touche joyeuse et color\u00e9e \u00e0 toute surface m\u00e9tallique.<\/p>\n<p>Dans la partie sup\u00e9rieure, le nom \u00ab\u00a0Barcelone\u00a0\u00bb est pr\u00e9sent\u00e9 en lettres frappantes, parfaitement int\u00e9gr\u00e9es au style artistique de l&rsquo;aimant. Ce d\u00e9tail renforce non seulement le lien avec la ville, mais en fait \u00e9galement un cadeau id\u00e9al pour ceux qui souhaitent emporter un petit morceau de l&rsquo;art et de la culture barcelonais. Ce souvenir, mis en valeur par son authenticit\u00e9 et son design soign\u00e9, est une excellente option pour les collectionneurs ou comme cadeau pour les amis et la famille.<\/p>\n<p>Ol\u00e9 Mosaic se sp\u00e9cialise dans l&rsquo;offre de souvenirs en m\u00e9tal en gros, garantissant des produits qui refl\u00e8tent la richesse culturelle et artistique de chaque r\u00e9gion. Cet aimant de la Sagrada Familia est un exemple parfait de la fa\u00e7on dont un petit objet peut avoir une grande signification, devenant un tr\u00e9sor qui \u00e9voque les souvenirs de l&rsquo;une des villes les plus vibrantes d&rsquo;Espagne.<\/p>\n","protected":false},"excerpt":{"rendered":"<p>Aimant m\u00e9tallique de 8 cm repr\u00e9sentant l&rsquo;iconique Sagrada Familia de Barcelone. Cet aimant pr\u00e9sente un design color\u00e9 de style mosa\u00efque, o\u00f9 se d\u00e9tachent les c\u00e9l\u00e8bres tours et fa\u00e7ades du monument, sur un fond bleu. Le titre \u00ab\u00a0Barcelone\u00a0\u00bb est imprim\u00e9 en haut en lettres frappantes, ce qui ajoute une touche attrayante au souvenir. Id\u00e9al pour les collectionneurs ou comme cadeau, cet aimant capture l&rsquo;essence de l&rsquo;architecture moderniste d&rsquo;Antoni Gaud\u00ed.<\/p>\n","protected":false},"featured_media":11386,"template":"","meta":{"_acf_changed":false},"product_brand":[],"product_cat":[697],"product_tag":[],"class_list":{"0":"post-30579","1":"product","2":"type-product","3":"status-publish","4":"has-post-thumbnail","6":"product_cat-aimants","7":"pa_ciudad-barcelona","8":"pa_motivo-sagrada-familia","9":"pa_pais-espana","11":"first","12":"instock","13":"shipping-taxable","14":"product-type-simple"},"acf":[],"_links":{"self":[{"href":"https:\/\/olemosaic.com\/fr\/wp-json\/wp\/v2\/product\/30579","targetHints":{"allow":["GET"]}}],"collection":[{"href":"https:\/\/olemosaic.com\/fr\/wp-json\/wp\/v2\/product"}],"about":[{"href":"https:\/\/olemosaic.com\/fr\/wp-json\/wp\/v2\/types\/product"}],"wp:featuredmedia":[{"embeddable":true,"href":"https:\/\/olemosaic.com\/fr\/wp-json\/wp\/v2\/media\/11386"}],"wp:attachment":[{"href":"https:\/\/olemosaic.com\/fr\/wp-json\/wp\/v2\/media?parent=30579"}],"wp:term":[{"taxonomy":"product_brand","embeddable":true,"href":"https:\/\/olemosaic.com\/fr\/wp-json\/wp\/v2\/product_brand?post=30579"},{"taxonomy":"product_cat","embeddable":true,"href":"https:\/\/olemosaic.com\/fr\/wp-json\/wp\/v2\/product_cat?post=30579"},{"taxonomy":"product_tag","embeddable":true,"href":"https:\/\/olemosaic.com\/fr\/wp-json\/wp\/v2\/product_tag?post=30579"}],"curies":[{"name":"wp","href":"https:\/\/api.w.org\/{rel}","templated":true}]}}