{"id":30577,"date":"2025-02-20T22:32:23","date_gmt":"2025-02-20T22:32:23","guid":{"rendered":"http:\/\/olemosaic.com\/producto\/iman-de-metal-bailaores-sevilla-negro-8-cm\/"},"modified":"2025-07-25T18:35:52","modified_gmt":"2025-07-25T16:35:52","slug":"aimant-metal-danseurs-flamenco-seville-noir-8-cm","status":"publish","type":"product","link":"https:\/\/olemosaic.com\/fr\/produit\/aimant-metal-danseurs-flamenco-seville-noir-8-cm\/","title":{"rendered":"Aimant en m\u00e9tal. Danseurs de Flamenco. S\u00e9ville. Noir. 8 cm."},"content":{"rendered":"<p>Cet aimant m\u00e9tallique de 8 cm est un souvenir color\u00e9 qui capture l&rsquo;essence vibrante de S\u00e9ville, repr\u00e9sentant deux danseurs de flamenco dans une sc\u00e8ne captivante. Avec un fond noir qui rehausse les couleurs vives, le design montre une danseuse avec une magnifique robe rouge orn\u00e9e de volants, tournoyant avec gr\u00e2ce au rythme de la musique, tandis que le danseur, \u00e9l\u00e9gamment v\u00eatu, tient un chapeau en l&rsquo;air, c\u00e9l\u00e9brant la joie de l&rsquo;art flamenco. La sc\u00e8ne est encadr\u00e9e par une arche d\u00e9cor\u00e9e de fleurs, \u00e9voquant les rues traditionnelles andalouses et la chaleur de la culture s\u00e9villane.<\/p>\n<p>Cet aimant n&rsquo;est pas seulement un souvenir, mais une repr\u00e9sentation tangible de la passion et de l&rsquo;histoire qui entourent le flamenco, un symbole de l&rsquo;identit\u00e9 culturelle de S\u00e9ville. Son attrait visuel en fait un choix id\u00e9al pour les touristes \u00e0 la recherche de souvenirs authentiques refl\u00e9tant leur exp\u00e9rience dans la ville. Chez Ol\u00e9 Mosaic, en tant que distributeurs de souvenirs en gros, nous garantissons des produits de qualit\u00e9 qui capturent l&rsquo;essence culturelle de chaque r\u00e9gion, faisant de cet aimant de danseurs un excellent compl\u00e9ment pour les boutiques de cadeaux touristiques souhaitant offrir des articles repr\u00e9sentatifs de S\u00e9ville et de sa riche tradition artistique.<\/p>\n","protected":false},"excerpt":{"rendered":"<p>Aimant m\u00e9tallique de 8 cm repr\u00e9sentant deux danseurs de flamenco, \u00e9voquant l&rsquo;essence de S\u00e9ville. Ce souvenir attrayant, avec un design vibrant sur fond noir, montre une danseuse avec une superbe robe rouge \u00e0 volants, tandis que le danseur tient un chapeau. La sc\u00e8ne est orn\u00e9e d&rsquo;une arche florale, transmettant la joie et les couleurs de l&rsquo;art flamenco dans un cadre andalou. Id\u00e9al pour se souvenir de la passion du flamenco s\u00e9villan.<\/p>\n","protected":false},"featured_media":7111,"template":"","meta":{"_acf_changed":false},"product_brand":[],"product_cat":[697],"product_tag":[],"class_list":{"0":"post-30577","1":"product","2":"type-product","3":"status-publish","4":"has-post-thumbnail","6":"product_cat-aimants","7":"pa_ciudad-sevilla","8":"pa_motivo-danseurs","9":"pa_pais-espana","11":"first","12":"instock","13":"shipping-taxable","14":"product-type-simple"},"acf":[],"_links":{"self":[{"href":"https:\/\/olemosaic.com\/fr\/wp-json\/wp\/v2\/product\/30577","targetHints":{"allow":["GET"]}}],"collection":[{"href":"https:\/\/olemosaic.com\/fr\/wp-json\/wp\/v2\/product"}],"about":[{"href":"https:\/\/olemosaic.com\/fr\/wp-json\/wp\/v2\/types\/product"}],"wp:featuredmedia":[{"embeddable":true,"href":"https:\/\/olemosaic.com\/fr\/wp-json\/wp\/v2\/media\/7111"}],"wp:attachment":[{"href":"https:\/\/olemosaic.com\/fr\/wp-json\/wp\/v2\/media?parent=30577"}],"wp:term":[{"taxonomy":"product_brand","embeddable":true,"href":"https:\/\/olemosaic.com\/fr\/wp-json\/wp\/v2\/product_brand?post=30577"},{"taxonomy":"product_cat","embeddable":true,"href":"https:\/\/olemosaic.com\/fr\/wp-json\/wp\/v2\/product_cat?post=30577"},{"taxonomy":"product_tag","embeddable":true,"href":"https:\/\/olemosaic.com\/fr\/wp-json\/wp\/v2\/product_tag?post=30577"}],"curies":[{"name":"wp","href":"https:\/\/api.w.org\/{rel}","templated":true}]}}