{"id":30576,"date":"2025-02-20T22:32:23","date_gmt":"2025-02-20T22:32:23","guid":{"rendered":"http:\/\/olemosaic.com\/producto\/iman-de-metal-salamandra-tenerife-negro-8-cm\/"},"modified":"2025-07-25T19:42:20","modified_gmt":"2025-07-25T17:42:20","slug":"aimant-metal-salamandre-tenerife-noir-8-cm","status":"publish","type":"product","link":"https:\/\/olemosaic.com\/fr\/produit\/aimant-metal-salamandre-tenerife-noir-8-cm\/","title":{"rendered":"Aimant en m\u00e9tal. Salamandre. Tenerife. Noir. 8 cm."},"content":{"rendered":"<p>Cet aimant m\u00e9tallique de 8 cm est un brillant hommage \u00e0 la biodiversit\u00e9 de Tenerife, capturant l&rsquo;essence de ses \u00e9cosyst\u00e8mes vibrants. Avec un design impressionnant d&rsquo;une salamandre color\u00e9e, ce souvenir est id\u00e9al pour ceux qui souhaitent emporter un morceau de la riche nature de l&rsquo;\u00eele canarienne. La salamandre, orn\u00e9e d&rsquo;une splendide mosa\u00efque de tons orange, jaune et bleu, se d\u00e9tache sur un fond noir qui rehausse sa beaut\u00e9 et ses d\u00e9tails artistiques. De plus, un petit gecko accompagne cette merveille, cr\u00e9ant un attrait visuel qui \u00e9voque la faune typique de Tenerife. Le mot \u00ab\u00a0TENERIFE\u00a0\u00bb est pr\u00e9sent\u00e9 en lettres frappantes, renfor\u00e7ant le lien g\u00e9ographique et culturel que l&rsquo;aimant repr\u00e9sente.<\/p>\n<p>Cet aimant n&rsquo;est pas seulement un souvenir visuel, mais aussi un reflet du patrimoine naturel de la r\u00e9gion, devenant une excellente option pour les touristes \u00e0 la recherche de souvenirs authentiques et repr\u00e9sentatifs de leur visite aux \u00eeles Canaries. Chez Ol\u00e9 Mosaic, nous sommes fiers d&rsquo;\u00eatre des distributeurs de souvenirs de qualit\u00e9 en gros, garantissant que chaque pi\u00e8ce, comme cet aimant de salamandre, raconte une histoire d&rsquo;authenticit\u00e9 et de beaut\u00e9 culturelle. Id\u00e9al pour les boutiques de cadeaux touristiques, cet aimant est parfait pour ceux qui appr\u00e9cient la nature et souhaitent se souvenir de leur exp\u00e9rience \u00e0 Tenerife de mani\u00e8re unique.<\/p>\n","protected":false},"excerpt":{"rendered":"<p>Aimant en m\u00e9tal de 8 cm avec le design d&rsquo;une salamandre color\u00e9e, inspir\u00e9 de la biodiversit\u00e9 de Tenerife. Le fond noir fait ressortir l&rsquo;illustration en mosa\u00efque, avec des tons vibrants repr\u00e9sentant la salamandre et un petit gecko dans les tons orange et jaune. Le mot \u00ab\u00a0TENERIFE\u00a0\u00bb est imprim\u00e9 en lettres frappantes, en r\u00e9f\u00e9rence \u00e0 cette \u00eele canarienne. Un souvenir id\u00e9al pour se souvenir de la nature et de la culture de Tenerife.<\/p>\n","protected":false},"featured_media":12872,"template":"","meta":{"_acf_changed":false},"product_brand":[],"product_cat":[697],"product_tag":[530],"class_list":{"0":"post-30576","1":"product","2":"type-product","3":"status-publish","4":"has-post-thumbnail","6":"product_cat-aimants","7":"product_tag-animaux","8":"pa_ciudad-tenerife","9":"pa_motivo-salamandres","10":"pa_pais-espana","12":"first","13":"instock","14":"shipping-taxable","15":"product-type-simple"},"acf":[],"_links":{"self":[{"href":"https:\/\/olemosaic.com\/fr\/wp-json\/wp\/v2\/product\/30576","targetHints":{"allow":["GET"]}}],"collection":[{"href":"https:\/\/olemosaic.com\/fr\/wp-json\/wp\/v2\/product"}],"about":[{"href":"https:\/\/olemosaic.com\/fr\/wp-json\/wp\/v2\/types\/product"}],"wp:featuredmedia":[{"embeddable":true,"href":"https:\/\/olemosaic.com\/fr\/wp-json\/wp\/v2\/media\/12872"}],"wp:attachment":[{"href":"https:\/\/olemosaic.com\/fr\/wp-json\/wp\/v2\/media?parent=30576"}],"wp:term":[{"taxonomy":"product_brand","embeddable":true,"href":"https:\/\/olemosaic.com\/fr\/wp-json\/wp\/v2\/product_brand?post=30576"},{"taxonomy":"product_cat","embeddable":true,"href":"https:\/\/olemosaic.com\/fr\/wp-json\/wp\/v2\/product_cat?post=30576"},{"taxonomy":"product_tag","embeddable":true,"href":"https:\/\/olemosaic.com\/fr\/wp-json\/wp\/v2\/product_tag?post=30576"}],"curies":[{"name":"wp","href":"https:\/\/api.w.org\/{rel}","templated":true}]}}