{"id":30559,"date":"2025-02-20T23:32:22","date_gmt":"2025-02-20T22:32:22","guid":{"rendered":"http:\/\/olemosaic.com\/producto\/iman-de-metal-panoramica-ronda-8-cm\/"},"modified":"2025-07-25T18:52:40","modified_gmt":"2025-07-25T16:52:40","slug":"aimant-metal-panoramique-ronda-8-cm","status":"publish","type":"product","link":"https:\/\/olemosaic.com\/fr\/produit\/aimant-metal-panoramique-ronda-8-cm\/","title":{"rendered":"Aimant en m\u00e9tal. Panoramique. Ronda. 8 cm."},"content":{"rendered":"<p>Cet aimant m\u00e9tallique de 8 cm est un hommage authentique \u00e0 la majestueuse Ronda, ville embl\u00e9matique d&rsquo;Andalousie, connue pour son architecture impressionnante et ses paysages. Le design vibrant et color\u00e9 pr\u00e9sente l&rsquo;iconique Pont Neuf, symbole de l&rsquo;union entre les deux parties de cette ville pittoresque, qui s&rsquo;\u00e9l\u00e8ve majestueusement au-dessus d&rsquo;un profond d\u00e9fil\u00e9. Sur la partie sup\u00e9rieure, un taureau rouge, embl\u00e8me de la culture taurine de Ronda, ajoute une touche de dynamisme et de tradition \u00e0 ce souvenir attrayant.<\/p>\n<p>Accompagnant ces images, les figures du design repr\u00e9sentent le riche h\u00e9ritage culturel local, capturant l&rsquo;essence du folklore et de l&rsquo;histoire de Ronda. Le fond en mosa\u00efque aux couleurs vives ne rehausse pas seulement l&rsquo;apparence de l&rsquo;aimant, mais symbolise \u00e9galement la diversit\u00e9 culturelle de la r\u00e9gion, en faisant un objet frappant pour toute surface m\u00e9tallique. Le mot \u00ab\u00a0RONDA\u00a0\u00bb, \u00e9crit en grandes lettres color\u00e9es, se d\u00e9tache et assure que ce souvenir soit facilement reconnaissable.<\/p>\n<p>Cet aimant n&rsquo;est pas seulement un souvenir visuel, mais une pi\u00e8ce qui encapsule la beaut\u00e9 et l&rsquo;esprit de Ronda, devenant un excellent cadeau pour les touristes \u00e0 la recherche de souvenirs uniques et authentiques. Chez Ol\u00e9 Mosaic, en tant que grossiste de souvenirs, nous proposons des produits qui refl\u00e8tent la culture et l&rsquo;histoire de l&rsquo;Espagne, faisant de cet aimant de Ronda une option id\u00e9ale pour les boutiques de cadeaux touristiques souhaitant mettre en avant le meilleur de cette charmante ville andalouse.<\/p>\n","protected":false},"excerpt":{"rendered":"<p>Aimant m\u00e9tallique de 8 cm avec une panoramique vibrante de Ronda. Ce design attrayant inclut l&rsquo;iconique Pont Neuf, un taureau rouge sur la partie sup\u00e9rieure et des figures repr\u00e9sentant la culture locale. Avec un fond en mosa\u00efque de couleurs vives, l&rsquo;aimant pr\u00e9sente le mot \u00ab\u00a0RONDA\u00a0\u00bb en lettres frappantes, capturant l&rsquo;essence de cette ville pittoresque d&rsquo;Andalousie. Id\u00e9al pour les collectionneurs ou comme souvenir unique.<\/p>\n","protected":false},"featured_media":12830,"template":"","meta":{"_acf_changed":false},"product_brand":[],"product_cat":[697],"product_tag":[],"class_list":{"0":"post-30559","1":"product","2":"type-product","3":"status-publish","4":"has-post-thumbnail","6":"product_cat-aimants","7":"pa_ciudad-ronda","8":"pa_motivo-panoramas","9":"pa_pais-espana","11":"first","12":"instock","13":"shipping-taxable","14":"product-type-simple"},"acf":[],"_links":{"self":[{"href":"https:\/\/olemosaic.com\/fr\/wp-json\/wp\/v2\/product\/30559","targetHints":{"allow":["GET"]}}],"collection":[{"href":"https:\/\/olemosaic.com\/fr\/wp-json\/wp\/v2\/product"}],"about":[{"href":"https:\/\/olemosaic.com\/fr\/wp-json\/wp\/v2\/types\/product"}],"wp:featuredmedia":[{"embeddable":true,"href":"https:\/\/olemosaic.com\/fr\/wp-json\/wp\/v2\/media\/12830"}],"wp:attachment":[{"href":"https:\/\/olemosaic.com\/fr\/wp-json\/wp\/v2\/media?parent=30559"}],"wp:term":[{"taxonomy":"product_brand","embeddable":true,"href":"https:\/\/olemosaic.com\/fr\/wp-json\/wp\/v2\/product_brand?post=30559"},{"taxonomy":"product_cat","embeddable":true,"href":"https:\/\/olemosaic.com\/fr\/wp-json\/wp\/v2\/product_cat?post=30559"},{"taxonomy":"product_tag","embeddable":true,"href":"https:\/\/olemosaic.com\/fr\/wp-json\/wp\/v2\/product_tag?post=30559"}],"curies":[{"name":"wp","href":"https:\/\/api.w.org\/{rel}","templated":true}]}}