{"id":30557,"date":"2025-02-20T23:32:22","date_gmt":"2025-02-20T22:32:22","guid":{"rendered":"http:\/\/olemosaic.com\/producto\/iman-de-metal-sagrada-familia-barcelona-8-cm-5\/"},"modified":"2025-07-25T19:58:22","modified_gmt":"2025-07-25T17:58:22","slug":"aimant-metal-sagrada-familia-barcelone-8-cm-5","status":"publish","type":"product","link":"https:\/\/olemosaic.com\/fr\/produit\/aimant-metal-sagrada-familia-barcelone-8-cm-5\/","title":{"rendered":"Aimant en m\u00e9tal. Sagrada Familia. Tons chauds et froids. Barcelone. 8 cm."},"content":{"rendered":"<p>Cet aimant m\u00e9tallique de 8 cm est un souvenir attrayant de Barcelone qui rend hommage \u00e0 la majestueuse Sagrada Familia, l&rsquo;un des monuments les plus embl\u00e9matiques de la ville. Son design vibrant et color\u00e9 int\u00e8gre une mosa\u00efque qui refl\u00e8te l&rsquo;essence architecturale de ce chef-d&rsquo;\u0153uvre iconique du c\u00e9l\u00e8bre architecte Antoni Gaud\u00ed. Sur la partie sup\u00e9rieure, le nom \u00ab\u00a0Barcelona\u00a0\u00bb se d\u00e9tache en lettres pro\u00e9minentes, ce qui fait de cet aimant non seulement un objet d\u00e9coratif, mais aussi un souvenir permanent de votre visite dans la capitale catalane.<\/p>\n<p>Les d\u00e9tails complexes de l&rsquo;aimant sont rendus dans une palette de tons chauds et froids, faisant allusion aux multiples facettes et aux couleurs de la Sagrada Familia, en mettant l&rsquo;accent sur ses tours uniques et ses fa\u00e7ades \u00e9labor\u00e9es. Cette \u0153uvre d&rsquo;art portable capture la beaut\u00e9 et la singularit\u00e9 du monument, en faisant un excellent choix pour ceux qui recherchent des souvenirs repr\u00e9sentatifs de Barcelone.<\/p>\n<p>Cet aimant est un moyen id\u00e9al d&#8217;emporter un morceau de la riche culture catalane chez soi, parfait tant pour les touristes que pour les collectionneurs. Chez Ol\u00e9 Mosaic, en tant que distributeurs de souvenirs authentiques, nous proposons cet aimant d&rsquo;une valeur culturelle in\u00e9gal\u00e9e, id\u00e9al pour les boutiques de cadeaux touristiques souhaitant offrir des produits de haute qualit\u00e9 refl\u00e9tant l&rsquo;essence de la r\u00e9gion.<\/p>\n","protected":false},"excerpt":{"rendered":"<p>Aimant m\u00e9tallique de 8 cm avec une repr\u00e9sentation vibrante de la Sagrada Familia, le monument iconique de Barcelone. Cet article se distingue par son design color\u00e9 en mosa\u00efque, qui capture l&rsquo;essence architecturale du chef-d&rsquo;\u0153uvre de Gaud\u00ed. Avec le mot \u00ab\u00a0Barcelona\u00a0\u00bb en lettres pro\u00e9minentes, l&rsquo;aimant pr\u00e9sente des d\u00e9tails complexes dans des tons chauds et froids, faisant allusion aux multiples facettes de la c\u00e9l\u00e8bre basilique. Il est parfait pour se souvenir de votre visite dans la ville.<\/p>\n","protected":false},"featured_media":11387,"template":"","meta":{"_acf_changed":false},"product_brand":[],"product_cat":[697],"product_tag":[],"class_list":{"0":"post-30557","1":"product","2":"type-product","3":"status-publish","4":"has-post-thumbnail","6":"product_cat-aimants","7":"pa_ciudad-barcelona","8":"pa_motivo-sagrada-familia","9":"pa_pais-espana","11":"first","12":"instock","13":"shipping-taxable","14":"product-type-simple"},"acf":[],"_links":{"self":[{"href":"https:\/\/olemosaic.com\/fr\/wp-json\/wp\/v2\/product\/30557","targetHints":{"allow":["GET"]}}],"collection":[{"href":"https:\/\/olemosaic.com\/fr\/wp-json\/wp\/v2\/product"}],"about":[{"href":"https:\/\/olemosaic.com\/fr\/wp-json\/wp\/v2\/types\/product"}],"wp:featuredmedia":[{"embeddable":true,"href":"https:\/\/olemosaic.com\/fr\/wp-json\/wp\/v2\/media\/11387"}],"wp:attachment":[{"href":"https:\/\/olemosaic.com\/fr\/wp-json\/wp\/v2\/media?parent=30557"}],"wp:term":[{"taxonomy":"product_brand","embeddable":true,"href":"https:\/\/olemosaic.com\/fr\/wp-json\/wp\/v2\/product_brand?post=30557"},{"taxonomy":"product_cat","embeddable":true,"href":"https:\/\/olemosaic.com\/fr\/wp-json\/wp\/v2\/product_cat?post=30557"},{"taxonomy":"product_tag","embeddable":true,"href":"https:\/\/olemosaic.com\/fr\/wp-json\/wp\/v2\/product_tag?post=30557"}],"curies":[{"name":"wp","href":"https:\/\/api.w.org\/{rel}","templated":true}]}}