{"id":30556,"date":"2025-02-20T23:32:22","date_gmt":"2025-02-20T22:32:22","guid":{"rendered":"http:\/\/olemosaic.com\/producto\/iman-de-metal-sagrada-familia-barcelona-plata-8-cm-3\/"},"modified":"2025-07-25T20:28:59","modified_gmt":"2025-07-25T18:28:59","slug":"aimant-metal-sagrada-familia-barcelone-argent-8-cm-3","status":"publish","type":"product","link":"https:\/\/olemosaic.com\/fr\/produit\/aimant-metal-sagrada-familia-barcelone-argent-8-cm-3\/","title":{"rendered":"Aimant en m\u00e9tal. Sagrada Familia. Lettres dor\u00e9es Barcelone. Argent. 8 cm."},"content":{"rendered":"<p>Cet aimant m\u00e9tallique de 8 cm est un souvenir attrayant repr\u00e9sentant l&rsquo;iconique Sagrada Familia de Barcelone, chef-d&rsquo;\u0153uvre de l&rsquo;architecte Antoni Gaud\u00ed. Son design vibrant, inspir\u00e9 des vitraux color\u00e9s, capture l&rsquo;essence du monument avec des d\u00e9tails m\u00e9ticuleusement \u00e9labor\u00e9s dans des tons chauds et fascinants qui soulignent son architecture complexe. La partie sup\u00e9rieure de l&rsquo;aimant pr\u00e9sente le mot \u00ab\u00a0Barcelona\u00a0\u00bb en lettres dor\u00e9es, ajoutant une touche d&rsquo;\u00e9l\u00e9gance et de distinction qui renforce sa connexion avec la ville. Ce souvenir n&rsquo;est pas seulement un objet d\u00e9coratif id\u00e9al pour personnaliser votre r\u00e9frig\u00e9rateur ou toute surface m\u00e9tallique, mais c&rsquo;est aussi un symbole authentique de l&rsquo;h\u00e9ritage architectural de Barcelone et du modernisme catalan. De plus, cet aimant de la Sagrada Familia est une excellente option pour les touristes cherchant \u00e0 emporter un morceau de la culture espagnole dans un article pratique et attrayant. Chez Ol\u00e9 Mosaic, nous distribuons des souvenirs de qualit\u00e9 en gros qui c\u00e9l\u00e8brent l&rsquo;authenticit\u00e9 et le tourisme culturel, rendant cet aimant parfait pour les boutiques de cadeaux souhaitant proposer des produits repr\u00e9sentatifs de la riche histoire et du patrimoine de Barcelone.<\/p>\n","protected":false},"excerpt":{"rendered":"<p>Aimant m\u00e9tallique de 8 cm repr\u00e9sentant l&rsquo;iconique Sagrada Familia de Barcelone. Le design, vibrant et rappelant les vitraux, utilise des couleurs chaudes et frappantes qui font ressortir les d\u00e9tails architecturaux du monument. Sur la partie sup\u00e9rieure, le mot \u00ab\u00a0Barcelona\u00a0\u00bb se distingue par des lettres dor\u00e9es. Un souvenir parfait pour se rappeler la majest\u00e9 de cette \u0153uvre d&rsquo;Antoni Gaud\u00ed, id\u00e9al pour d\u00e9corer le r\u00e9frig\u00e9rateur ou toute surface m\u00e9tallique.<\/p>\n","protected":false},"featured_media":11369,"template":"","meta":{"_acf_changed":false},"product_brand":[],"product_cat":[697],"product_tag":[],"class_list":{"0":"post-30556","1":"product","2":"type-product","3":"status-publish","4":"has-post-thumbnail","6":"product_cat-aimants","7":"pa_ciudad-barcelona","8":"pa_motivo-sagrada-familia","9":"pa_pais-espana","11":"first","12":"instock","13":"shipping-taxable","14":"product-type-simple"},"acf":[],"_links":{"self":[{"href":"https:\/\/olemosaic.com\/fr\/wp-json\/wp\/v2\/product\/30556","targetHints":{"allow":["GET"]}}],"collection":[{"href":"https:\/\/olemosaic.com\/fr\/wp-json\/wp\/v2\/product"}],"about":[{"href":"https:\/\/olemosaic.com\/fr\/wp-json\/wp\/v2\/types\/product"}],"wp:featuredmedia":[{"embeddable":true,"href":"https:\/\/olemosaic.com\/fr\/wp-json\/wp\/v2\/media\/11369"}],"wp:attachment":[{"href":"https:\/\/olemosaic.com\/fr\/wp-json\/wp\/v2\/media?parent=30556"}],"wp:term":[{"taxonomy":"product_brand","embeddable":true,"href":"https:\/\/olemosaic.com\/fr\/wp-json\/wp\/v2\/product_brand?post=30556"},{"taxonomy":"product_cat","embeddable":true,"href":"https:\/\/olemosaic.com\/fr\/wp-json\/wp\/v2\/product_cat?post=30556"},{"taxonomy":"product_tag","embeddable":true,"href":"https:\/\/olemosaic.com\/fr\/wp-json\/wp\/v2\/product_tag?post=30556"}],"curies":[{"name":"wp","href":"https:\/\/api.w.org\/{rel}","templated":true}]}}