{"id":30555,"date":"2025-02-20T23:32:22","date_gmt":"2025-02-20T22:32:22","guid":{"rendered":"http:\/\/olemosaic.com\/producto\/iman-de-metal-sagrada-familia-barcelona-negro-8-cm-3\/"},"modified":"2025-07-25T18:52:11","modified_gmt":"2025-07-25T16:52:11","slug":"aimant-metal-sagrada-familia-barcelone-noir-8-cm-3","status":"publish","type":"product","link":"https:\/\/olemosaic.com\/fr\/produit\/aimant-metal-sagrada-familia-barcelone-noir-8-cm-3\/","title":{"rendered":"Aimant en m\u00e9tal. Sagrada Familia. Tours de la Basilique. Barcelone. Fond noir. 8 cm."},"content":{"rendered":"<p>Cet aimant m\u00e9tallique de 8 cm est le souvenir parfait pour capturer la majest\u00e9 de la Sagrada Familia, le c\u00e9l\u00e8bre monument de Barcelone. Avec un design vibrant \u00e9voquant le style des vitraux, cet aimant pr\u00e9sente une repr\u00e9sentation color\u00e9e de l&rsquo;iconique basilique, montrant avec grand d\u00e9tail ses tours distinctives et son ornementation. Le fond noir fait ressortir l&rsquo;explosion de couleurs, offrant un contraste qui fait briller chaque nuance avec intensit\u00e9, \u00e9voquant un sentiment d&rsquo;\u00e9merveillement devant le chef-d&rsquo;\u0153uvre d&rsquo;Antoni Gaud\u00ed.<\/p>\n<p>Le mot \u00ab\u00a0Barcelona\u00a0\u00bb est \u00e9l\u00e9gamment inscrit en lettres vibrantes sur la partie sup\u00e9rieure, ajoutant une touche d&rsquo;identit\u00e9 locale qui en fait une pi\u00e8ce unique et m\u00e9morable. Ce souvenir n&rsquo;est pas seulement un objet d\u00e9coratif ; c&rsquo;est un morceau de la riche culture catalane que les visiteurs peuvent emporter avec eux comme un rappel tangible de leur voyage.<\/p>\n<p>Chez Ol\u00e9 Mosaic, nous sommes fiers de proposer des souvenirs authentiques qui refl\u00e8tent l&rsquo;h\u00e9ritage culturel de l&rsquo;Espagne. Cet aimant de la Sagrada Familia est une excellente option pour les d\u00e9taillants \u00e0 la recherche de souvenirs repr\u00e9sentatifs de Barcelone qui attirent les touristes souhaitant emporter un souvenir significatif de leur visite. Avec son design attrayant et sa connexion culturelle, cet aimant s&rsquo;impose comme un incontournable pour tout collectionneur.<\/p>\n","protected":false},"excerpt":{"rendered":"<p>Aimant m\u00e9tallique de 8 cm pr\u00e9sentant une repr\u00e9sentation color\u00e9e de la Sagrada Familia, le monument embl\u00e9matique de Barcelone. Sur un fond noir qui fait ressortir les couleurs vives, \u00e0 la mani\u00e8re d&rsquo;un vitrail, l&rsquo;aimant montre les d\u00e9tails architecturaux singuliers de la basilique, mettant en avant ses tours et son ornementation. Le mot \u00ab\u00a0Barcelona\u00a0\u00bb appara\u00eet en lettres vibrantes sur la partie sup\u00e9rieure, faisant de cette pi\u00e8ce un souvenir parfait pour ceux qui souhaitent emporter un morceau de la culture catalane.<\/p>\n","protected":false},"featured_media":11372,"template":"","meta":{"_acf_changed":false},"product_brand":[],"product_cat":[697],"product_tag":[],"class_list":{"0":"post-30555","1":"product","2":"type-product","3":"status-publish","4":"has-post-thumbnail","6":"product_cat-aimants","7":"pa_ciudad-barcelona","8":"pa_motivo-sagrada-familia","9":"pa_pais-espana","11":"first","12":"instock","13":"shipping-taxable","14":"product-type-simple"},"acf":[],"_links":{"self":[{"href":"https:\/\/olemosaic.com\/fr\/wp-json\/wp\/v2\/product\/30555","targetHints":{"allow":["GET"]}}],"collection":[{"href":"https:\/\/olemosaic.com\/fr\/wp-json\/wp\/v2\/product"}],"about":[{"href":"https:\/\/olemosaic.com\/fr\/wp-json\/wp\/v2\/types\/product"}],"wp:featuredmedia":[{"embeddable":true,"href":"https:\/\/olemosaic.com\/fr\/wp-json\/wp\/v2\/media\/11372"}],"wp:attachment":[{"href":"https:\/\/olemosaic.com\/fr\/wp-json\/wp\/v2\/media?parent=30555"}],"wp:term":[{"taxonomy":"product_brand","embeddable":true,"href":"https:\/\/olemosaic.com\/fr\/wp-json\/wp\/v2\/product_brand?post=30555"},{"taxonomy":"product_cat","embeddable":true,"href":"https:\/\/olemosaic.com\/fr\/wp-json\/wp\/v2\/product_cat?post=30555"},{"taxonomy":"product_tag","embeddable":true,"href":"https:\/\/olemosaic.com\/fr\/wp-json\/wp\/v2\/product_tag?post=30555"}],"curies":[{"name":"wp","href":"https:\/\/api.w.org\/{rel}","templated":true}]}}