{"id":30529,"date":"2025-02-20T23:32:22","date_gmt":"2025-02-20T22:32:22","guid":{"rendered":"http:\/\/olemosaic.com\/producto\/iman-de-metal-sagrada-familia-barcelona-8-cm-4\/"},"modified":"2025-07-25T20:29:00","modified_gmt":"2025-07-25T18:29:00","slug":"aimant-metal-sagrada-familia-barcelone-8-cm-4","status":"publish","type":"product","link":"https:\/\/olemosaic.com\/fr\/produit\/aimant-metal-sagrada-familia-barcelone-8-cm-4\/","title":{"rendered":"Aimant en m\u00e9tal. Sagrada Familia. Modernisme catalan. Barcelone. Fond bleu. 8 cm."},"content":{"rendered":"<p>Cet aimant m\u00e9tallique de 8 cm se distingue par sa repr\u00e9sentation vibrante de la Sagrada Familia, le monument embl\u00e9matique de Barcelone qui symbolise le riche h\u00e9ritage architectural de la ville. Avec un design captivant, l&rsquo;illustration montre les tours majestueuses de la basilique, d\u00e9taill\u00e9es avec des couleurs chaudes qui \u00e9voquent la lumi\u00e8re m\u00e9diterran\u00e9enne. Le fond bleu, qui repr\u00e9sente le ciel d\u00e9gag\u00e9 de Barcelone, rehausse l&rsquo;aspect ensoleill\u00e9 et joyeux de cette destination touristique. Le mot \u00ab\u00a0Barcelona\u00a0\u00bb appara\u00eet stylis\u00e9 sur le bord, ce qui fait de cet aimant un souvenir parfait pour les visiteurs qui souhaitent emporter un morceau de la culture moderniste catalane.<\/p>\n<p>Ce souvenir n&rsquo;est pas seulement une repr\u00e9sentation artistique de la Sagrada Familia, mais aussi un hommage \u00e0 la vision de son cr\u00e9ateur, Antoni Gaud\u00ed, dont les innovations ont fait de ce monument l&rsquo;une des merveilles architecturales du monde. Id\u00e9al pour orner n&rsquo;importe quel r\u00e9frig\u00e9rateur, cet aimant ajoute une touche culturelle et artistique aux foyers, \u00e9tant une excellente option pour les touristes \u00e0 la recherche de souvenirs refl\u00e9tant l&rsquo;authenticit\u00e9 de leur voyage. Chez Ol\u00e9 Mosaic, nous distribuons des souvenirs en gros, et cet aimant de la Sagrada Familia est un ajout pr\u00e9cieux \u00e0 l&rsquo;offre des boutiques de cadeaux touristiques qui recherchent des produits uniques et repr\u00e9sentatifs de Barcelone. Avec son design attrayant et sa connexion culturelle, c&rsquo;est le souvenir id\u00e9al pour se rappeler l&rsquo;une des villes les plus fascinantes d&rsquo;Espagne.<\/p>\n","protected":false},"excerpt":{"rendered":"<p>Aimant m\u00e9tallique de 8 cm avec l&#8217;embl\u00e9matique Sagrada Familia de Barcelone, pr\u00e9sent\u00e9 dans un design vibrant. Cet aimant se distingue par son illustration aux couleurs chaudes, qui reproduit les tours majestueuses et les d\u00e9tails architecturaux uniques du monument, sur un fond bleu \u00e9voquant le ciel de la ville. Avec le mot \u00ab\u00a0Barcelona\u00a0\u00bb stylis\u00e9 sur le bord, c&rsquo;est le souvenir parfait pour emporter un morceau de l&rsquo;architecture moderniste catalane n&rsquo;importe o\u00f9.<\/p>\n","protected":false},"featured_media":11366,"template":"","meta":{"_acf_changed":false},"product_brand":[],"product_cat":[697],"product_tag":[],"class_list":{"0":"post-30529","1":"product","2":"type-product","3":"status-publish","4":"has-post-thumbnail","6":"product_cat-aimants","7":"pa_ciudad-barcelona","8":"pa_motivo-sagrada-familia","9":"pa_pais-espana","11":"first","12":"instock","13":"shipping-taxable","14":"product-type-simple"},"acf":[],"_links":{"self":[{"href":"https:\/\/olemosaic.com\/fr\/wp-json\/wp\/v2\/product\/30529","targetHints":{"allow":["GET"]}}],"collection":[{"href":"https:\/\/olemosaic.com\/fr\/wp-json\/wp\/v2\/product"}],"about":[{"href":"https:\/\/olemosaic.com\/fr\/wp-json\/wp\/v2\/types\/product"}],"wp:featuredmedia":[{"embeddable":true,"href":"https:\/\/olemosaic.com\/fr\/wp-json\/wp\/v2\/media\/11366"}],"wp:attachment":[{"href":"https:\/\/olemosaic.com\/fr\/wp-json\/wp\/v2\/media?parent=30529"}],"wp:term":[{"taxonomy":"product_brand","embeddable":true,"href":"https:\/\/olemosaic.com\/fr\/wp-json\/wp\/v2\/product_brand?post=30529"},{"taxonomy":"product_cat","embeddable":true,"href":"https:\/\/olemosaic.com\/fr\/wp-json\/wp\/v2\/product_cat?post=30529"},{"taxonomy":"product_tag","embeddable":true,"href":"https:\/\/olemosaic.com\/fr\/wp-json\/wp\/v2\/product_tag?post=30529"}],"curies":[{"name":"wp","href":"https:\/\/api.w.org\/{rel}","templated":true}]}}