{"id":30528,"date":"2025-02-20T23:32:22","date_gmt":"2025-02-20T22:32:22","guid":{"rendered":"http:\/\/olemosaic.com\/producto\/iman-de-metal-sagrada-familia-barcelona-negro-8-cm-2\/"},"modified":"2025-07-25T18:40:48","modified_gmt":"2025-07-25T16:40:48","slug":"aimant-metal-sagrada-familia-barcelone-noir-8-cm-2","status":"publish","type":"product","link":"https:\/\/olemosaic.com\/fr\/produit\/aimant-metal-sagrada-familia-barcelone-noir-8-cm-2\/","title":{"rendered":"Aimant en m\u00e9tal. Sagrada Familia. Mosa\u00efque. Architecture Gaud\u00ed. Barcelone. Fond noir. 8 cm."},"content":{"rendered":"<p>Cet aimant m\u00e9tallique de 8 cm met en avant l&#8217;embl\u00e9matique Sagrada Familia de Barcelone, l&rsquo;un des monuments les plus iconiques de la ville et un chef-d&rsquo;\u0153uvre du c\u00e9l\u00e8bre architecte Antoni Gaud\u00ed. Avec un design vibrant qui \u00e9voque l&rsquo;art de la mosa\u00efque, l&rsquo;aimant pr\u00e9sente une repr\u00e9sentation color\u00e9e de la majestueuse basilique, montrant ses tours complexes et ses fa\u00e7ades d\u00e9cor\u00e9es qui semblent prendre vie gr\u00e2ce \u00e0 l&rsquo;exub\u00e9rante palette de couleurs. Sur la partie sup\u00e9rieure, le texte \u00ab\u00a0I \u2665 Barcelona\u00a0\u00bb est d\u00e9fini par des lettres audacieuses et \u00e9l\u00e9gantes, cr\u00e9ant un contraste harmonieux avec le fond noir, qui souligne encore plus la beaut\u00e9 de l&rsquo;architecture. Ce souvenir n&rsquo;est pas seulement un objet d\u00e9coratif, mais aussi une expression authentique de la culture catalane, id\u00e9al pour ceux qui souhaitent emporter un morceau de Barcelone. En tant que distributeurs de souvenirs de Barcelone, Ol\u00e9 Mosaic propose une large vari\u00e9t\u00e9 de produits qui capturent l&rsquo;essence de cette ville merveilleuse. Cet aimant est une excellente option pour les boutiques de cadeaux touristiques, car il combine qualit\u00e9, cr\u00e9ativit\u00e9 et le riche h\u00e9ritage de l&rsquo;architecture de Gaud\u00ed, en faisant un souvenir inestimable de l&rsquo;exp\u00e9rience de chaque visiteur.<\/p>\n","protected":false},"excerpt":{"rendered":"<p>Aimant m\u00e9tallique de 8 cm avec l&rsquo;iconique Sagrada Familia de Barcelone. Ce design color\u00e9 pr\u00e9sente une repr\u00e9sentation artistique aux tons vibrants, dans le style de la mosa\u00efque. L&rsquo;image inclut le texte \u00ab\u00a0I \u2665 Barcelona\u00a0\u00bb sur la partie sup\u00e9rieure, ce qui cr\u00e9e un contraste \u00e9l\u00e9gant sur fond noir. Parfait pour se souvenir de la magnifique architecture de Gaud\u00ed et emporter un morceau de Barcelone avec soi.<\/p>\n","protected":false},"featured_media":13535,"template":"","meta":{"_acf_changed":false},"product_brand":[],"product_cat":[697],"product_tag":[],"class_list":{"0":"post-30528","1":"product","2":"type-product","3":"status-publish","4":"has-post-thumbnail","6":"product_cat-aimants","7":"pa_ciudad-barcelona","8":"pa_motivo-sagrada-familia","9":"pa_pais-espana","11":"first","12":"instock","13":"shipping-taxable","14":"product-type-simple"},"acf":[],"_links":{"self":[{"href":"https:\/\/olemosaic.com\/fr\/wp-json\/wp\/v2\/product\/30528","targetHints":{"allow":["GET"]}}],"collection":[{"href":"https:\/\/olemosaic.com\/fr\/wp-json\/wp\/v2\/product"}],"about":[{"href":"https:\/\/olemosaic.com\/fr\/wp-json\/wp\/v2\/types\/product"}],"wp:featuredmedia":[{"embeddable":true,"href":"https:\/\/olemosaic.com\/fr\/wp-json\/wp\/v2\/media\/13535"}],"wp:attachment":[{"href":"https:\/\/olemosaic.com\/fr\/wp-json\/wp\/v2\/media?parent=30528"}],"wp:term":[{"taxonomy":"product_brand","embeddable":true,"href":"https:\/\/olemosaic.com\/fr\/wp-json\/wp\/v2\/product_brand?post=30528"},{"taxonomy":"product_cat","embeddable":true,"href":"https:\/\/olemosaic.com\/fr\/wp-json\/wp\/v2\/product_cat?post=30528"},{"taxonomy":"product_tag","embeddable":true,"href":"https:\/\/olemosaic.com\/fr\/wp-json\/wp\/v2\/product_tag?post=30528"}],"curies":[{"name":"wp","href":"https:\/\/api.w.org\/{rel}","templated":true}]}}