{"id":30527,"date":"2025-02-20T23:32:22","date_gmt":"2025-02-20T22:32:22","guid":{"rendered":"http:\/\/olemosaic.com\/producto\/iman-de-metal-panoramica-barcelona-plata-8-cm-3\/"},"modified":"2025-07-25T19:01:36","modified_gmt":"2025-07-25T17:01:36","slug":"aimant-metal-panoramique-barcelone-argent-8-cm-3","status":"publish","type":"product","link":"https:\/\/olemosaic.com\/fr\/produit\/aimant-metal-panoramique-barcelone-argent-8-cm-3\/","title":{"rendered":"Aimant en m\u00e9tal. Panoramique. \u00c9difices Gaud\u00ed. Barcelone. Argent. 8 cm."},"content":{"rendered":"<p>Cet aimant m\u00e9tallique de 8 cm avec une vue panoramique vibrante de Barcelone est le souvenir parfait pour se rappeler la beaut\u00e9 et le caract\u00e8re unique de la cit\u00e9 comtale. Le design pr\u00e9sente une repr\u00e9sentation color\u00e9e de l&#8217;embl\u00e9matique Sagrada Familia et du Parc G\u00fcell, deux des chefs-d&rsquo;\u0153uvre du c\u00e9l\u00e8bre architecte Antoni Gaud\u00ed, iconiques pour leurs formes ondul\u00e9es et leur utilisation exub\u00e9rante de la couleur. Dans des tons de rouge, bleu et jaune, l&rsquo;aimant \u00e9voque le style moderniste qui caract\u00e9rise l&rsquo;architecture barcelonaise, cr\u00e9ant un effet visuel captivant qui capture l&rsquo;essence de la ville. La phrase \u00ab\u00a0I \u2665 Barcelona\u00a0\u00bb ressort sur la partie sup\u00e9rieure, ajoutant une touche personnelle et amusante au souvenir, id\u00e9al pour les touristes qui cherchent \u00e0 emporter un petit morceau de cette m\u00e9tropole vibrante. Son fini argent\u00e9 lui conf\u00e8re un aspect \u00e9l\u00e9gant et attrayant, faisant de cet aimant non seulement un souvenir fonctionnel, mais aussi un \u00e9l\u00e9ment d\u00e9coratif qui \u00e9gayera n&rsquo;importe quel r\u00e9frig\u00e9rateur ou surface m\u00e9tallique. Chez Ol\u00e9 Mosaic, nous sommes experts dans la distribution de souvenirs en gros, et cet aimant de Barcelone est une magnifique option pour les boutiques de cadeaux touristiques qui souhaitent proposer des produits authentiques et de qualit\u00e9. Avec cet aimant, les visiteurs pourront revivre chaque moment de leur voyage \u00e0 Barcelone, le transformant en un v\u00e9ritable tr\u00e9sor culturel.<\/p>\n","protected":false},"excerpt":{"rendered":"<p>Aimant m\u00e9tallique avec une vue panoramique color\u00e9e de Barcelone, de 8 cm. Cet aimant pr\u00e9sente une repr\u00e9sentation vibrante de la Sagrada Familia et du Parc G\u00fcell, avec un design dans les tons rouges, bleus et jaunes qui \u00e9voque le style moderniste de Gaud\u00ed. La phrase \u00ab\u00a0I \u2665 Barcelona\u00a0\u00bb se d\u00e9tache sur la partie sup\u00e9rieure, cr\u00e9ant un souvenir parfait de la cit\u00e9 comtale. Son fini argent\u00e9 et ses d\u00e9tails artistiques en font un souvenir id\u00e9al pour les amoureux de Barcelone.<\/p>\n","protected":false},"featured_media":11409,"template":"","meta":{"_acf_changed":false},"product_brand":[],"product_cat":[697],"product_tag":[],"class_list":{"0":"post-30527","1":"product","2":"type-product","3":"status-publish","4":"has-post-thumbnail","6":"product_cat-aimants","7":"pa_ciudad-barcelona","8":"pa_motivo-panoramas","9":"pa_pais-espana","11":"first","12":"instock","13":"shipping-taxable","14":"product-type-simple"},"acf":[],"_links":{"self":[{"href":"https:\/\/olemosaic.com\/fr\/wp-json\/wp\/v2\/product\/30527","targetHints":{"allow":["GET"]}}],"collection":[{"href":"https:\/\/olemosaic.com\/fr\/wp-json\/wp\/v2\/product"}],"about":[{"href":"https:\/\/olemosaic.com\/fr\/wp-json\/wp\/v2\/types\/product"}],"wp:featuredmedia":[{"embeddable":true,"href":"https:\/\/olemosaic.com\/fr\/wp-json\/wp\/v2\/media\/11409"}],"wp:attachment":[{"href":"https:\/\/olemosaic.com\/fr\/wp-json\/wp\/v2\/media?parent=30527"}],"wp:term":[{"taxonomy":"product_brand","embeddable":true,"href":"https:\/\/olemosaic.com\/fr\/wp-json\/wp\/v2\/product_brand?post=30527"},{"taxonomy":"product_cat","embeddable":true,"href":"https:\/\/olemosaic.com\/fr\/wp-json\/wp\/v2\/product_cat?post=30527"},{"taxonomy":"product_tag","embeddable":true,"href":"https:\/\/olemosaic.com\/fr\/wp-json\/wp\/v2\/product_tag?post=30527"}],"curies":[{"name":"wp","href":"https:\/\/api.w.org\/{rel}","templated":true}]}}