{"id":30525,"date":"2025-02-20T22:32:21","date_gmt":"2025-02-20T22:32:21","guid":{"rendered":"http:\/\/olemosaic.com\/producto\/iman-de-metal-salamandra-fuerteventura-8-cm\/"},"modified":"2025-07-25T20:31:32","modified_gmt":"2025-07-25T18:31:32","slug":"aimant-metal-salamandre-fuerteventura-8-cm","status":"publish","type":"product","link":"https:\/\/olemosaic.com\/fr\/produit\/aimant-metal-salamandre-fuerteventura-8-cm\/","title":{"rendered":"Aimant en m\u00e9tal. Salamandre. Fuerteventura. 8 cm."},"content":{"rendered":"<p>Cet aimant m\u00e9tallique de 8 cm au design de salamandre est une repr\u00e9sentation vibrante de la faune de Fuerteventura, parfait pour les amateurs de souvenirs uniques. Sa mosa\u00efque color\u00e9e, combinant des bleus, des verts, des rouges et des jaunes, en fait un objet d\u00e9coratif attrayant et joyeux. L&rsquo;illustration de la salamandre se d\u00e9tache sur un fond d&rsquo;\u00e9l\u00e9gants carreaux clairs, qui ajoutent une touche distinctive et artistique au design, tandis que l&rsquo;inscription \u00ab\u00a0FUERTEVENTURA\u00a0\u00bb, en lettres color\u00e9es, rehausse la beaut\u00e9 naturelle des \u00eeles Canaries.<\/p>\n<p>Cet aimant n&rsquo;est pas seulement un excellent souvenir d&rsquo;un voyage sur cette \u00eele paradisiaque, mais il sert \u00e9galement d&rsquo;\u00e9l\u00e9ment d\u00e9coratif attrayant pour la maison, permettant aux visiteurs d&#8217;emporter avec eux un morceau de la culture canarienne. La salamandre, symbole de la faune locale, \u00e9merge de ce design comme un lien fort avec la nature et l&rsquo;\u00e9cosyst\u00e8me unique de Fuerteventura.<\/p>\n<p>Chez Ol\u00e9 Mosaic, nous proposons ce type de souvenirs fascinants en gros, id\u00e9aux pour les boutiques de cadeaux touristiques \u00e0 la recherche de produits authentiques et culturellement pertinents. Cet aimant salamandre est un choix parfait pour ceux qui souhaitent emporter un souvenir inoualir de leur visite aux \u00eeles Canaries et garder vivante la connexion avec sa beaut\u00e9 naturelle. En tant que grossistes de souvenirs de Fuerteventura, nous garantissons un design exclusif et un savoir-faire exceptionnel pour chaque produit.<\/p>\n","protected":false},"excerpt":{"rendered":"<p>Aimant m\u00e9tallique de 8 cm avec un design de salamandre, inspir\u00e9 de la faune de Fuerteventura. Cet aimant color\u00e9 pr\u00e9sente une repr\u00e9sentation artistique d&rsquo;une salamandre, \u00e9labor\u00e9e avec une mosa\u00efque vibrante dans les tons bleus, verts, rouges et jaunes sur un fond de carreaux clairs. Comprend l&rsquo;inscription \u00ab\u00a0FUERTEVENTURA\u00a0\u00bb en lettres color\u00e9es, soulignant la beaut\u00e9 naturelle des \u00eeles Canaries. Id\u00e9al pour d\u00e9corer la maison et comme souvenir de voyage.<\/p>\n","protected":false},"featured_media":12880,"template":"","meta":{"_acf_changed":false},"product_brand":[],"product_cat":[697],"product_tag":[530],"class_list":{"0":"post-30525","1":"product","2":"type-product","3":"status-publish","4":"has-post-thumbnail","6":"product_cat-aimants","7":"product_tag-animaux","8":"pa_ciudad-fuerteventura","9":"pa_motivo-salamandres","10":"pa_pais-espana","12":"first","13":"instock","14":"shipping-taxable","15":"product-type-simple"},"acf":[],"_links":{"self":[{"href":"https:\/\/olemosaic.com\/fr\/wp-json\/wp\/v2\/product\/30525","targetHints":{"allow":["GET"]}}],"collection":[{"href":"https:\/\/olemosaic.com\/fr\/wp-json\/wp\/v2\/product"}],"about":[{"href":"https:\/\/olemosaic.com\/fr\/wp-json\/wp\/v2\/types\/product"}],"wp:featuredmedia":[{"embeddable":true,"href":"https:\/\/olemosaic.com\/fr\/wp-json\/wp\/v2\/media\/12880"}],"wp:attachment":[{"href":"https:\/\/olemosaic.com\/fr\/wp-json\/wp\/v2\/media?parent=30525"}],"wp:term":[{"taxonomy":"product_brand","embeddable":true,"href":"https:\/\/olemosaic.com\/fr\/wp-json\/wp\/v2\/product_brand?post=30525"},{"taxonomy":"product_cat","embeddable":true,"href":"https:\/\/olemosaic.com\/fr\/wp-json\/wp\/v2\/product_cat?post=30525"},{"taxonomy":"product_tag","embeddable":true,"href":"https:\/\/olemosaic.com\/fr\/wp-json\/wp\/v2\/product_tag?post=30525"}],"curies":[{"name":"wp","href":"https:\/\/api.w.org\/{rel}","templated":true}]}}