{"id":30524,"date":"2025-02-20T22:32:21","date_gmt":"2025-02-20T22:32:21","guid":{"rendered":"http:\/\/olemosaic.com\/producto\/iman-de-metal-bulldog-barcelona-8-cm\/"},"modified":"2025-07-25T19:59:08","modified_gmt":"2025-07-25T17:59:08","slug":"aimant-metal-bouledogue-barcelone-8-cm","status":"publish","type":"product","link":"https:\/\/olemosaic.com\/fr\/produit\/aimant-metal-bouledogue-barcelone-8-cm\/","title":{"rendered":"Aimant en m\u00e9tal. Bouledogue. Barcelone. 8 cm."},"content":{"rendered":"<p>Cet aimant m\u00e9tallique de 8 cm fusionne l&rsquo;art, la joie et l&rsquo;essence de Barcelone en une seule pi\u00e8ce. Il pr\u00e9sente un design vibrant d&rsquo;un bouledogue au style mosa\u00efque, inspir\u00e9 par l&rsquo;\u0153uvre c\u00e9l\u00e8bre de l&rsquo;architecte Antoni Gaud\u00ed, connu pour ses mosa\u00efques color\u00e9es qui ornent la ville. L&rsquo;illustration se distingue par ses teintes frappantes qui capturent la lumi\u00e8re de la c\u00f4te m\u00e9diterran\u00e9enne, chaque section du bouledogue \u00e9tant mise en valeur par un jeu de couleurs allant du rouge intense au bleu c\u00e9leste, cr\u00e9ant un effet visuel dynamique et attrayant.<\/p>\n<p>La base de l&rsquo;aimant est d\u00e9cor\u00e9e d&rsquo;un fond bleu clair qui rehausse encore plus la figure du chien, ajoutant un air de fra\u00eecheur au design. Sur un c\u00f4t\u00e9, le texte \u00ab\u00a0Barcelona\u00a0\u00bb est pr\u00e9sent\u00e9 avec des lettres joyeuses, solidifiant le lien avec cette ville vibrante. Cet aimant n&rsquo;est pas seulement un accessoire d\u00e9coratif, mais un authentique souvenir qui \u00e9voque les joies et la culture de Barcelone, ce qui en fait un excellent cadeau pour ceux qui cherchent \u00e0 ramener un morceau de la ville chez eux.<\/p>\n<p>Chez Ol\u00e9 Mosaic, nous sommes distributeurs de souvenirs en gros, et cet aimant de bouledogue est une option parfaite pour les boutiques de cadeaux touristiques souhaitant proposer des produits authentiques et repr\u00e9sentatifs de la culture espagnole. Les souvenirs de Barcelone comme cet aimant n&rsquo;ornent pas seulement n&rsquo;importe quel r\u00e9frig\u00e9rateur, mais \u00e9voquent \u00e9galement des souvenirs pr\u00e9cieux de l&rsquo;une des villes les plus embl\u00e9matiques d&rsquo;Europe, id\u00e9al pour les touristes et les collectionneurs.<\/p>\n","protected":false},"excerpt":{"rendered":"<p>Aimant m\u00e9tallique de 8 cm avec un design vibrant d&rsquo;un bouledogue au style mosa\u00efque, inspir\u00e9 par la riche culture de Barcelone. Cet aimant se distingue par ses teintes frappantes et sa technique d&rsquo;illustration, qui rappelle les c\u00e9l\u00e8bres mosa\u00efques de Gaud\u00ed. Avec le mot \u00ab\u00a0Barcelona\u00a0\u00bb sur le c\u00f4t\u00e9, cette pi\u00e8ce capture l&rsquo;essence de la ville de mani\u00e8re joyeuse et color\u00e9e, id\u00e9ale pour ramener un petit morceau d&rsquo;Espagne chez soi.<\/p>\n","protected":false},"featured_media":12858,"template":"","meta":{"_acf_changed":false},"product_brand":[],"product_cat":[697],"product_tag":[],"class_list":{"0":"post-30524","1":"product","2":"type-product","3":"status-publish","4":"has-post-thumbnail","6":"product_cat-aimants","7":"pa_ciudad-barcelona","8":"pa_motivo-bulldogs","9":"pa_pais-espana","11":"first","12":"instock","13":"shipping-taxable","14":"product-type-simple"},"acf":[],"_links":{"self":[{"href":"https:\/\/olemosaic.com\/fr\/wp-json\/wp\/v2\/product\/30524","targetHints":{"allow":["GET"]}}],"collection":[{"href":"https:\/\/olemosaic.com\/fr\/wp-json\/wp\/v2\/product"}],"about":[{"href":"https:\/\/olemosaic.com\/fr\/wp-json\/wp\/v2\/types\/product"}],"wp:featuredmedia":[{"embeddable":true,"href":"https:\/\/olemosaic.com\/fr\/wp-json\/wp\/v2\/media\/12858"}],"wp:attachment":[{"href":"https:\/\/olemosaic.com\/fr\/wp-json\/wp\/v2\/media?parent=30524"}],"wp:term":[{"taxonomy":"product_brand","embeddable":true,"href":"https:\/\/olemosaic.com\/fr\/wp-json\/wp\/v2\/product_brand?post=30524"},{"taxonomy":"product_cat","embeddable":true,"href":"https:\/\/olemosaic.com\/fr\/wp-json\/wp\/v2\/product_cat?post=30524"},{"taxonomy":"product_tag","embeddable":true,"href":"https:\/\/olemosaic.com\/fr\/wp-json\/wp\/v2\/product_tag?post=30524"}],"curies":[{"name":"wp","href":"https:\/\/api.w.org\/{rel}","templated":true}]}}