{"id":30523,"date":"2025-02-20T23:32:21","date_gmt":"2025-02-20T22:32:21","guid":{"rendered":"http:\/\/olemosaic.com\/producto\/iman-de-metal-sagrada-familia-barcelona-8-cm-3\/"},"modified":"2025-07-25T19:55:21","modified_gmt":"2025-07-25T17:55:21","slug":"aimant-metal-sagrada-familia-barcelone-8-cm-3","status":"publish","type":"product","link":"https:\/\/olemosaic.com\/fr\/produit\/aimant-metal-sagrada-familia-barcelone-8-cm-3\/","title":{"rendered":"Aimant en m\u00e9tal. Sagrada Familia. Tons orange, jaune et bleu. Barcelone. 8 cm."},"content":{"rendered":"<p>Cet aimant m\u00e9tallique de 8 cm capture la majest\u00e9 de la Sagrada Familia, le symbole embl\u00e9matique de Barcelone, dans un design vibrant qui refl\u00e8te l&rsquo;essence du g\u00e9nial architecte Antoni Gaud\u00ed. Avec un style inspirant, cet aimant pr\u00e9sente une merveilleuse repr\u00e9sentation de la c\u00e9l\u00e8bre mosa\u00efque qui orne le monument, o\u00f9 les tours color\u00e9es s&rsquo;\u00e9l\u00e8vent majestueusement, remplies de d\u00e9tails complexes. La palette de couleurs, avec des oranges, des jaunes et des bleus, rehausse la beaut\u00e9 architecturale de ce chef-d&rsquo;\u0153uvre, cr\u00e9ant une pi\u00e8ce qui n&rsquo;est pas seulement d\u00e9corative, mais aussi un reflet fid\u00e8le de la culture moderniste catalane.<\/p>\n<p>Sur la partie sup\u00e9rieure, le nom \u00ab\u00a0Barcelona\u00a0\u00bb ressort en lettres \u00e9l\u00e9gantes, ajoutant une touche identificatrice et attrayante qui en fait le souvenir parfait de la ville. Cet aimant n&rsquo;est pas seulement une excellente option pour orner votre r\u00e9frig\u00e9rateur, mais aussi une fa\u00e7on d&#8217;emporter avec vous un petit morceau de l&rsquo;histoire et de la culture barcelonaises. Id\u00e9al pour les touristes \u00e0 la recherche de souvenirs authentiques, cet aimant se distingue par sa qualit\u00e9 et son design, devenant un souvenir qui capture l&rsquo;essence de la Sagrada Familia.<\/p>\n<p>Chez Ol\u00e9 Mosaic, en tant que distributeurs de souvenirs en gros, nous proposons cet aimant de la Sagrada Familia, parmi d&rsquo;autres produits repr\u00e9sentant le meilleur de la tradition espagnole. C&rsquo;est un choix id\u00e9al pour les boutiques de cadeaux touristiques souhaitant offrir \u00e0 leurs clients un souvenir authentique et \u00e9vocateur de Barcelone.<\/p>\n","protected":false},"excerpt":{"rendered":"<p>Aimant en m\u00e9tal de 8 cm capturant la majest\u00e9 de la Sagrada Familia de Barcelone. Cet aimant pr\u00e9sente un design vibrant inspir\u00e9 de la c\u00e9l\u00e8bre mosa\u00efque de Gaud\u00ed, avec ses tours iconiques \u00e9mergeant, pleines de couleurs et de d\u00e9tails. La combinaison de tons orang\u00e9s, jaunes et bleus souligne la beaut\u00e9 de ce monument embl\u00e9matique, tandis que le nom \u00ab\u00a0Barcelona\u00a0\u00bb sur la partie sup\u00e9rieure ajoute une touche identificatrice et attrayante. Parfait pour se souvenir de votre visite de cette merveille architecturale.<\/p>\n","protected":false},"featured_media":11371,"template":"","meta":{"_acf_changed":false},"product_brand":[],"product_cat":[697],"product_tag":[],"class_list":{"0":"post-30523","1":"product","2":"type-product","3":"status-publish","4":"has-post-thumbnail","6":"product_cat-aimants","7":"pa_ciudad-barcelona","8":"pa_motivo-sagrada-familia","9":"pa_pais-espana","11":"first","12":"instock","13":"shipping-taxable","14":"product-type-simple"},"acf":[],"_links":{"self":[{"href":"https:\/\/olemosaic.com\/fr\/wp-json\/wp\/v2\/product\/30523","targetHints":{"allow":["GET"]}}],"collection":[{"href":"https:\/\/olemosaic.com\/fr\/wp-json\/wp\/v2\/product"}],"about":[{"href":"https:\/\/olemosaic.com\/fr\/wp-json\/wp\/v2\/types\/product"}],"wp:featuredmedia":[{"embeddable":true,"href":"https:\/\/olemosaic.com\/fr\/wp-json\/wp\/v2\/media\/11371"}],"wp:attachment":[{"href":"https:\/\/olemosaic.com\/fr\/wp-json\/wp\/v2\/media?parent=30523"}],"wp:term":[{"taxonomy":"product_brand","embeddable":true,"href":"https:\/\/olemosaic.com\/fr\/wp-json\/wp\/v2\/product_brand?post=30523"},{"taxonomy":"product_cat","embeddable":true,"href":"https:\/\/olemosaic.com\/fr\/wp-json\/wp\/v2\/product_cat?post=30523"},{"taxonomy":"product_tag","embeddable":true,"href":"https:\/\/olemosaic.com\/fr\/wp-json\/wp\/v2\/product_tag?post=30523"}],"curies":[{"name":"wp","href":"https:\/\/api.w.org\/{rel}","templated":true}]}}