{"id":30522,"date":"2025-02-20T22:32:21","date_gmt":"2025-02-20T22:32:21","guid":{"rendered":"http:\/\/olemosaic.com\/producto\/iman-de-metal-punt-de-trobada-barcelona-8-cm\/"},"modified":"2025-07-25T20:08:50","modified_gmt":"2025-07-25T18:08:50","slug":"aimant-metal-point-de-rencontre-barcelone-8-cm","status":"publish","type":"product","link":"https:\/\/olemosaic.com\/fr\/produit\/aimant-metal-point-de-rencontre-barcelone-8-cm\/","title":{"rendered":"Aimant en m\u00e9tal. Point de rencontre. Barcelone. 8 cm."},"content":{"rendered":"<p>Cet aimant m\u00e9tallique de 8 cm capture l&rsquo;essence vibrante de l&rsquo;art moderne barcelonais, devenant un souvenir incontournable pour les visiteurs de cette ville embl\u00e9matique. D\u00e9cor\u00e9 d&rsquo;un motif en mosa\u00efque \u00e9voquant le style iconique d&rsquo;Antoni Gaud\u00ed, cet aimant pr\u00e9sente une explosion de formes color\u00e9es dans des tons rouges, jaunes, bleus et noirs, dispos\u00e9es sur un \u00e9l\u00e9gant fond blanc qui souligne la beaut\u00e9 de la mosa\u00efque. Le mot \u00ab\u00a0Barcelona\u00a0\u00bb se d\u00e9tache sur la partie sup\u00e9rieure, ajoutant une touche de connexion directe avec la ville, ce qui en fait un choix id\u00e9al pour les collectionneurs et les amateurs d&rsquo;art.<\/p>\n<p>Ce souvenir n&rsquo;est pas seulement un objet d\u00e9coratif ; il symbolise le riche patrimoine culturel de Barcelone, c\u00e9l\u00e8bre pour ses chefs-d&rsquo;\u0153uvre architecturaux et son approche innovante de l&rsquo;art. Les visiteurs trouveront dans cet aimant un rappel tangible de leurs exp\u00e9riences et explorations dans la m\u00e9tropole catalane, encapsulant la cr\u00e9ativit\u00e9 et la passion qui caract\u00e9risent la ville. Chez Ol\u00e9 Mosaic, nous nous consacrons \u00e0 la distribution de souvenirs authentiques, et cet aimant de Barcelone repr\u00e9sente parfaitement notre engagement envers la qualit\u00e9 et la pertinence culturelle. Id\u00e9al pour les boutiques de cadeaux touristiques cherchant \u00e0 offrir des produits attrayants et significatifs.<\/p>\n","protected":false},"excerpt":{"rendered":"<p>Aimant m\u00e9tallique de 8 cm capturant l&rsquo;essence de l&rsquo;art moderne barcelonais. D\u00e9cor\u00e9 d&rsquo;un design vibrant en mosa\u00efque, \u00e9voquant le c\u00e9l\u00e8bre style d&rsquo;Antoni Gaud\u00ed, cet aimant pr\u00e9sente des formes color\u00e9es dans des tons rouges, jaunes, bleus et noirs sur un fond blanc. Le mot \u00ab\u00a0Barcelona\u00a0\u00bb se d\u00e9tache sur la partie sup\u00e9rieure, en faisant un souvenir parfait de la ville. Id\u00e9al pour les collectionneurs et les amateurs d&rsquo;art.<\/p>\n","protected":false},"featured_media":7931,"template":"","meta":{"_acf_changed":false},"product_brand":[],"product_cat":[697],"product_tag":[],"class_list":{"0":"post-30522","1":"product","2":"type-product","3":"status-publish","4":"has-post-thumbnail","6":"product_cat-aimants","7":"pa_ciudad-barcelona","8":"pa_motivo-punt-de-trobada","9":"pa_pais-espana","11":"first","12":"instock","13":"shipping-taxable","14":"product-type-simple"},"acf":[],"_links":{"self":[{"href":"https:\/\/olemosaic.com\/fr\/wp-json\/wp\/v2\/product\/30522","targetHints":{"allow":["GET"]}}],"collection":[{"href":"https:\/\/olemosaic.com\/fr\/wp-json\/wp\/v2\/product"}],"about":[{"href":"https:\/\/olemosaic.com\/fr\/wp-json\/wp\/v2\/types\/product"}],"wp:featuredmedia":[{"embeddable":true,"href":"https:\/\/olemosaic.com\/fr\/wp-json\/wp\/v2\/media\/7931"}],"wp:attachment":[{"href":"https:\/\/olemosaic.com\/fr\/wp-json\/wp\/v2\/media?parent=30522"}],"wp:term":[{"taxonomy":"product_brand","embeddable":true,"href":"https:\/\/olemosaic.com\/fr\/wp-json\/wp\/v2\/product_brand?post=30522"},{"taxonomy":"product_cat","embeddable":true,"href":"https:\/\/olemosaic.com\/fr\/wp-json\/wp\/v2\/product_cat?post=30522"},{"taxonomy":"product_tag","embeddable":true,"href":"https:\/\/olemosaic.com\/fr\/wp-json\/wp\/v2\/product_tag?post=30522"}],"curies":[{"name":"wp","href":"https:\/\/api.w.org\/{rel}","templated":true}]}}