{"id":30521,"date":"2025-02-20T22:32:20","date_gmt":"2025-02-20T22:32:20","guid":{"rendered":"http:\/\/olemosaic.com\/producto\/iman-de-metal-bailaora-valencia-plata-8-cm\/"},"modified":"2025-07-25T18:45:20","modified_gmt":"2025-07-25T16:45:20","slug":"aimant-metal-danseuse-flamenco-valence-argent-8-cm","status":"publish","type":"product","link":"https:\/\/olemosaic.com\/fr\/produit\/aimant-metal-danseuse-flamenco-valence-argent-8-cm\/","title":{"rendered":"Aimant en m\u00e9tal. Danseuse de Flamenco. Valence. Argent. 8 cm."},"content":{"rendered":"<p>Cet aimant m\u00e9tallique de 8 cm capture l&rsquo;essence vibrante de la culture espagnole \u00e0 travers la figure embl\u00e9matique d&rsquo;une danseuse de flamenco, symbolisant les traditions de Valence. Le design met en avant la danseuse en plein mouvement, v\u00eatue d&rsquo;un costume color\u00e9 aux formes g\u00e9om\u00e9triques et d&rsquo;un riche jeu chromatique qui souligne la joie et la passion de l&rsquo;art flamenco. Les teintes brillantes et intenses de sa robe contrastent avec un fond en mosa\u00efque, cr\u00e9ant une pi\u00e8ce visuellement attrayante qui sert de souvenir authentique de Valence, en plus de sa fonction pratique d&rsquo;aimant.<\/p>\n<p>Le mot \u00ab\u00a0VALENCIA\u00a0\u00bb appara\u00eet en lettres grandes et vibrantes, soulignant le lien avec la ville et faisant de cet aimant un souvenir id\u00e9al et repr\u00e9sentatif. Ce produit, fabriqu\u00e9 en m\u00e9tal, est con\u00e7u pour c\u00e9l\u00e9brer le riche patrimoine culturel et artistique de la r\u00e9gion, ce qui en fait un excellent article pour les collectionneurs et les touristes. Chez Ol\u00e9 Mosaic, nous proposons une grande vari\u00e9t\u00e9 de souvenirs authentiques, et cet aimant de danseuse est un choix exceptionnel pour les boutiques de cadeaux touristiques souhaitant proposer des produits qui mettent en valeur la beaut\u00e9 et la tradition de Valence. En int\u00e9grant cet aimant \u00e0 votre offre, vous offrirez \u00e0 vos clients un v\u00e9ritable morceau de la culture espagnole.<\/p>\n","protected":false},"excerpt":{"rendered":"<p>Aimant m\u00e9tallique de 8 cm capturant l&rsquo;essence de la culture espagnole \u00e0 travers la figure d&rsquo;une danseuse de flamenco. Ce design vibrant, inspir\u00e9 des traditions de Valence, repr\u00e9sente la danseuse en plein mouvement, avec une robe color\u00e9e aux formes g\u00e9om\u00e9triques qui rehausse la richesse de l&rsquo;art local. Le mot \u00ab\u00a0VALENCIA\u00a0\u00bb appara\u00eet en lettres grandes et color\u00e9es, compl\u00e9tant le fond en mosa\u00efque, ce qui lui donne une esth\u00e9tique fra\u00eeche et attrayante.<\/p>\n","protected":false},"featured_media":10027,"template":"","meta":{"_acf_changed":false},"product_brand":[],"product_cat":[697],"product_tag":[],"class_list":{"0":"post-30521","1":"product","2":"type-product","3":"status-publish","4":"has-post-thumbnail","6":"product_cat-aimants","7":"pa_ciudad-valencia","8":"pa_motivo-danseurs","9":"pa_pais-espana","11":"first","12":"instock","13":"shipping-taxable","14":"product-type-simple"},"acf":[],"_links":{"self":[{"href":"https:\/\/olemosaic.com\/fr\/wp-json\/wp\/v2\/product\/30521","targetHints":{"allow":["GET"]}}],"collection":[{"href":"https:\/\/olemosaic.com\/fr\/wp-json\/wp\/v2\/product"}],"about":[{"href":"https:\/\/olemosaic.com\/fr\/wp-json\/wp\/v2\/types\/product"}],"wp:featuredmedia":[{"embeddable":true,"href":"https:\/\/olemosaic.com\/fr\/wp-json\/wp\/v2\/media\/10027"}],"wp:attachment":[{"href":"https:\/\/olemosaic.com\/fr\/wp-json\/wp\/v2\/media?parent=30521"}],"wp:term":[{"taxonomy":"product_brand","embeddable":true,"href":"https:\/\/olemosaic.com\/fr\/wp-json\/wp\/v2\/product_brand?post=30521"},{"taxonomy":"product_cat","embeddable":true,"href":"https:\/\/olemosaic.com\/fr\/wp-json\/wp\/v2\/product_cat?post=30521"},{"taxonomy":"product_tag","embeddable":true,"href":"https:\/\/olemosaic.com\/fr\/wp-json\/wp\/v2\/product_tag?post=30521"}],"curies":[{"name":"wp","href":"https:\/\/api.w.org\/{rel}","templated":true}]}}