{"id":30520,"date":"2025-02-20T22:32:20","date_gmt":"2025-02-20T22:32:20","guid":{"rendered":"http:\/\/olemosaic.com\/producto\/iman-de-metal-sagrada-familia-barcelona-negro-8-cm\/"},"modified":"2025-07-25T19:19:52","modified_gmt":"2025-07-25T17:19:52","slug":"aimant-metal-sagrada-familia-barcelone-noir-8-cm","status":"publish","type":"product","link":"https:\/\/olemosaic.com\/fr\/produit\/aimant-metal-sagrada-familia-barcelone-noir-8-cm\/","title":{"rendered":"Aimant en m\u00e9tal. Sagrada Familia. Barcelone. Noir. 8 cm."},"content":{"rendered":"<p>Cet aimant m\u00e9tallique de 8 cm capture l&rsquo;essence de la majestueuse Sagrada Familia de Barcelone, une ic\u00f4ne architecturale con\u00e7ue par le g\u00e9nial Antoni Gaud\u00ed. Son design color\u00e9 met en valeur les tours incomparables de la basilique, soulign\u00e9es par des tons vibrants qui \u00e9voquent l&rsquo;esprit festif de la ville. L&rsquo;illustration \u00e9labor\u00e9e comprend des motifs frappants qui ornent la surface, cr\u00e9ant un contraste fascinant sur un fond noir qui rehausse la beaut\u00e9 du chef-d&rsquo;\u0153uvre moderniste.<\/p>\n<p>L&rsquo;inscription \u00ab\u00a0I \u2665 Barcelona\u00a0\u00bb ajoute une touche contemporaine, faisant de cet aimant un souvenir moderne et attrayant, id\u00e9al pour ceux qui souhaitent emporter avec eux un fragment de cette ville pleine de vie. Chaque d\u00e9tail artistique refl\u00e8te l&rsquo;architecture unique de la Sagrada Familia, faisant de cet aimant un souvenir repr\u00e9sentatif qui capture l&rsquo;admiration qu&rsquo;il suscite chez les visiteurs.<\/p>\n<p>Faisant partie du riche patrimoine culturel de Barcelone, cet aimant n&rsquo;est pas seulement un article fonctionnel, sino une pi\u00e8ce qui symbolise le lien des touristes avec la capitale catalane. Chez Ol\u00e9 Mosaic, nous proposons des aimants de haute qualit\u00e9 en gros, parfaits pour les boutiques de souvenirs touristiques \u00e0 la recherche d&rsquo;articles authentiques de Barcelone. Cet aimant de la Sagrada Familia est une excellente option pour ceux qui souhaitent se souvenir de leur visite dans la ville et partager sa beaut\u00e9.<\/p>\n","protected":false},"excerpt":{"rendered":"<p>Aimant m\u00e9tallique de 8 cm capturant l&rsquo;essence de la Sagrada Familia de Barcelone. Ce design color\u00e9 pr\u00e9sente l&rsquo;iconique basilique avec ses tours uniques, soulign\u00e9es par des tons vibrants et frappants sur un fond noir. L&rsquo;inscription \u00ab\u00a0I \u2665 Barcelona\u00a0\u00bb ajoute une touche moderne, tandis que les d\u00e9tails artistiques refl\u00e8tent l&rsquo;architecture singuli\u00e8re de Gaud\u00ed. Parfait pour emporter un morceau de la ville avec vous partout.<\/p>\n","protected":false},"featured_media":13543,"template":"","meta":{"_acf_changed":false},"product_brand":[],"product_cat":[697],"product_tag":[],"class_list":{"0":"post-30520","1":"product","2":"type-product","3":"status-publish","4":"has-post-thumbnail","6":"product_cat-aimants","7":"pa_ciudad-barcelona","8":"pa_motivo-sagrada-familia","9":"pa_pais-espana","11":"first","12":"instock","13":"shipping-taxable","14":"product-type-simple"},"acf":[],"_links":{"self":[{"href":"https:\/\/olemosaic.com\/fr\/wp-json\/wp\/v2\/product\/30520","targetHints":{"allow":["GET"]}}],"collection":[{"href":"https:\/\/olemosaic.com\/fr\/wp-json\/wp\/v2\/product"}],"about":[{"href":"https:\/\/olemosaic.com\/fr\/wp-json\/wp\/v2\/types\/product"}],"wp:featuredmedia":[{"embeddable":true,"href":"https:\/\/olemosaic.com\/fr\/wp-json\/wp\/v2\/media\/13543"}],"wp:attachment":[{"href":"https:\/\/olemosaic.com\/fr\/wp-json\/wp\/v2\/media?parent=30520"}],"wp:term":[{"taxonomy":"product_brand","embeddable":true,"href":"https:\/\/olemosaic.com\/fr\/wp-json\/wp\/v2\/product_brand?post=30520"},{"taxonomy":"product_cat","embeddable":true,"href":"https:\/\/olemosaic.com\/fr\/wp-json\/wp\/v2\/product_cat?post=30520"},{"taxonomy":"product_tag","embeddable":true,"href":"https:\/\/olemosaic.com\/fr\/wp-json\/wp\/v2\/product_tag?post=30520"}],"curies":[{"name":"wp","href":"https:\/\/api.w.org\/{rel}","templated":true}]}}