{"id":30519,"date":"2025-02-20T22:32:20","date_gmt":"2025-02-20T22:32:20","guid":{"rendered":"http:\/\/olemosaic.com\/producto\/iman-de-metal-la-giralda-sevilla-negro-11-cm\/"},"modified":"2025-07-25T18:43:50","modified_gmt":"2025-07-25T16:43:50","slug":"aimant-metal-la-giralda-seville-noir-11-cm","status":"publish","type":"product","link":"https:\/\/olemosaic.com\/fr\/produit\/aimant-metal-la-giralda-seville-noir-11-cm\/","title":{"rendered":"Aimant en m\u00e9tal. La Giralda. S\u00e9ville. Noir. 11 cm."},"content":{"rendered":"<p>Cet aimant m\u00e9tallique de 11 cm repr\u00e9sente l&#8217;embl\u00e9matique Giralda de S\u00e9ville, un v\u00e9ritable symbole du riche h\u00e9ritage culturel andalou. Avec une finition distinctive de style mosa\u00efque, ce souvenir met en avant les majestueux d\u00e9tails architecturaux du c\u00e9l\u00e8bre clocher, qui s&rsquo;\u00e9l\u00e8ve fi\u00e8rement au-dessus de la ville. La vari\u00e9t\u00e9 de couleurs vibrantes utilis\u00e9es dans son design donne vie \u00e0 la tour, tandis que sa surface noire fait ressortir les tons chauds de la structure, cr\u00e9ant un contraste visuel v\u00e9ritablement attrayant. En haut, le mot \u00ab\u00a0S\u00c9VILLE\u00a0\u00bb est \u00e9l\u00e9gamment imprim\u00e9, faisant de cet aimant ne pas seulement un souvenir physique, mais un morceau de l&rsquo;histoire et de la culture s\u00e9villane que vous pouvez emporter avec vous.<\/p>\n<p>Id\u00e9al pour ceux qui recherchent un souvenir repr\u00e9sentatif de leur visite dans la ville, cet aimant capture l&rsquo;essence de S\u00e9ville, l&rsquo;une des villes les plus charmantes d&rsquo;Espagne. Chez Ol\u00e9 Mosaic, nous sommes des distributeurs de souvenirs en gros, et cet aimant de la Giralda est une excellente option pour les boutiques de cadeaux touristiques. Son authenticit\u00e9 et sa connexion culturelle en font un choix parfait pour ceux qui souhaitent ramener chez eux un morceau de la splendide tradition andalouse. Les souvenirs de S\u00e9ville comme cet aimant donnent vie et couleur \u00e0 n&rsquo;importe quel espace, rappelant toujours la beaut\u00e9 de la capitale andalouse.<\/p>\n","protected":false},"excerpt":{"rendered":"<p>Aimant m\u00e9tallique de 11 cm, reproduisant l&#8217;embl\u00e9matique Giralda de S\u00e9ville dans des couleurs vibrantes. Ce souvenir attrayant pr\u00e9sente une finition de style mosa\u00efque qui souligne les d\u00e9tails architecturaux du c\u00e9l\u00e8bre clocher. Avec le mot \u00ab\u00a0S\u00c9VILLE\u00a0\u00bb imprim\u00e9 en haut, l&rsquo;aimant capture l&rsquo;essence de la ville andalouse, devenant le souvenir ou le cadeau parfait pour les amoureux de la culture espagnole. Sa surface noire rehausse les tons chauds de la tour, cr\u00e9ant un contraste visuel tr\u00e8s attrayant.<\/p>\n","protected":false},"featured_media":8796,"template":"","meta":{"_acf_changed":false},"product_brand":[],"product_cat":[697],"product_tag":[],"class_list":{"0":"post-30519","1":"product","2":"type-product","3":"status-publish","4":"has-post-thumbnail","6":"product_cat-aimants","7":"pa_ciudad-sevilla","8":"pa_motivo-la-giralda","9":"pa_pais-espana","11":"first","12":"instock","13":"shipping-taxable","14":"product-type-simple"},"acf":[],"_links":{"self":[{"href":"https:\/\/olemosaic.com\/fr\/wp-json\/wp\/v2\/product\/30519","targetHints":{"allow":["GET"]}}],"collection":[{"href":"https:\/\/olemosaic.com\/fr\/wp-json\/wp\/v2\/product"}],"about":[{"href":"https:\/\/olemosaic.com\/fr\/wp-json\/wp\/v2\/types\/product"}],"wp:featuredmedia":[{"embeddable":true,"href":"https:\/\/olemosaic.com\/fr\/wp-json\/wp\/v2\/media\/8796"}],"wp:attachment":[{"href":"https:\/\/olemosaic.com\/fr\/wp-json\/wp\/v2\/media?parent=30519"}],"wp:term":[{"taxonomy":"product_brand","embeddable":true,"href":"https:\/\/olemosaic.com\/fr\/wp-json\/wp\/v2\/product_brand?post=30519"},{"taxonomy":"product_cat","embeddable":true,"href":"https:\/\/olemosaic.com\/fr\/wp-json\/wp\/v2\/product_cat?post=30519"},{"taxonomy":"product_tag","embeddable":true,"href":"https:\/\/olemosaic.com\/fr\/wp-json\/wp\/v2\/product_tag?post=30519"}],"curies":[{"name":"wp","href":"https:\/\/api.w.org\/{rel}","templated":true}]}}