{"id":30516,"date":"2025-02-20T23:32:20","date_gmt":"2025-02-20T22:32:20","guid":{"rendered":"http:\/\/olemosaic.com\/producto\/iman-de-metal-bailaora-negro-11-cm-3\/"},"modified":"2025-07-25T19:38:54","modified_gmt":"2025-07-25T17:38:54","slug":"aimant-metal-danseuse-flamenco-noir-11-cm-3","status":"publish","type":"product","link":"https:\/\/olemosaic.com\/fr\/produit\/aimant-metal-danseuse-flamenco-noir-11-cm-3\/","title":{"rendered":"Aimant en m\u00e9tal. Danseuse de flamenco. Noir. Espagne. 11 cm."},"content":{"rendered":"<p>Cet aimant m\u00e9tallique de 11 cm est une repr\u00e9sentation vibrante d&rsquo;une danseuse de flamenco, symbole iconique du folklore espagnol. Son design captivant pr\u00e9sente la danseuse avec une robe rouge \u00e9nergique orn\u00e9e de d\u00e9tails jaunes et fuchsia, \u00e9voquant la passion intense et le coloris de cet art ancestral. La figure se d\u00e9tache \u00e9l\u00e9gamment sur un fond noir, soulignant le dynamisme de sa pose et la splendeur de sa tenue. L&rsquo;aimant est \u00e9galement d\u00e9cor\u00e9 dans un style mosa\u00efque qui ajoute une dimension artistique et culturelle \u00e0 la pi\u00e8ce, tandis que le mot \u00ab\u00a0ESPAGNE\u00a0\u00bb en haut souligne son origine.<\/p>\n<p>Cet aimant n&rsquo;est pas seulement une excellente option pour d\u00e9corer n&rsquo;importe quel espace, mais il agit \u00e9galement comme un souvenir significatif de la culture andalouse, parfait pour ceux qui souhaitent emporter avec eux un petit morceau d&rsquo;Espagne. Avec son authenticit\u00e9 et son attrait visuel, c&rsquo;est un souvenir id\u00e9al pour les touristes \u00e0 la recherche d&rsquo;un rappel tangible de leur visite. Chez Ol\u00e9 Mosaic, nous sommes fiers d&rsquo;\u00eatre des distributeurs de souvenirs de qualit\u00e9 en gros, et cet aimant de danseuse repr\u00e9sente la richesse culturelle et artistique de nos traditions. Parfait pour les boutiques de cadeaux touristiques \u00e0 la recherche d&rsquo;articles authentiques et repr\u00e9sentatifs de l&rsquo;Espagne, cet aimant est une pi\u00e8ce qui ravira les visiteurs.<\/p>\n","protected":false},"excerpt":{"rendered":"<p>Aimant en m\u00e9tal de 11 cm repr\u00e9sentant une danseuse de flamenco, symbole du folklore espagnol. Ce design attrayant montre la danseuse avec une robe rouge vibrante aux d\u00e9tails jaunes et fuchsia, orn\u00e9e d&rsquo;une fleur dans les cheveux, sur un fond noir. D\u00e9cor\u00e9 dans un style mosa\u00efque, l&rsquo;aimant inclut le mot \u00ab\u00a0ESPAGNE\u00a0\u00bb en haut, capturant l&rsquo;essence de l&rsquo;art et de la culture andalouse. Id\u00e9al pour apporter un petit morceau d&rsquo;Espagne dans votre maison.<\/p>\n","protected":false},"featured_media":8110,"template":"","meta":{"_acf_changed":false},"product_brand":[],"product_cat":[697],"product_tag":[],"class_list":{"0":"post-30516","1":"product","2":"type-product","3":"status-publish","4":"has-post-thumbnail","6":"product_cat-aimants","7":"pa_motivo-danseurs","9":"first","10":"instock","11":"shipping-taxable","12":"product-type-simple"},"acf":[],"_links":{"self":[{"href":"https:\/\/olemosaic.com\/fr\/wp-json\/wp\/v2\/product\/30516","targetHints":{"allow":["GET"]}}],"collection":[{"href":"https:\/\/olemosaic.com\/fr\/wp-json\/wp\/v2\/product"}],"about":[{"href":"https:\/\/olemosaic.com\/fr\/wp-json\/wp\/v2\/types\/product"}],"wp:featuredmedia":[{"embeddable":true,"href":"https:\/\/olemosaic.com\/fr\/wp-json\/wp\/v2\/media\/8110"}],"wp:attachment":[{"href":"https:\/\/olemosaic.com\/fr\/wp-json\/wp\/v2\/media?parent=30516"}],"wp:term":[{"taxonomy":"product_brand","embeddable":true,"href":"https:\/\/olemosaic.com\/fr\/wp-json\/wp\/v2\/product_brand?post=30516"},{"taxonomy":"product_cat","embeddable":true,"href":"https:\/\/olemosaic.com\/fr\/wp-json\/wp\/v2\/product_cat?post=30516"},{"taxonomy":"product_tag","embeddable":true,"href":"https:\/\/olemosaic.com\/fr\/wp-json\/wp\/v2\/product_tag?post=30516"}],"curies":[{"name":"wp","href":"https:\/\/api.w.org\/{rel}","templated":true}]}}