{"id":30509,"date":"2025-02-20T22:32:19","date_gmt":"2025-02-20T22:32:19","guid":{"rendered":"http:\/\/olemosaic.com\/producto\/iman-de-metal-punt-de-trobada-11-cm\/"},"modified":"2025-07-25T23:42:56","modified_gmt":"2025-07-25T21:42:56","slug":"aimant-metal-punt-de-trobada-11-cm","status":"publish","type":"product","link":"https:\/\/olemosaic.com\/fr\/produit\/aimant-metal-punt-de-trobada-11-cm\/","title":{"rendered":"Aimant en m\u00e9tal. Punt de trobada. 11 cm."},"content":{"rendered":"<p>Cet aimant m\u00e9tallique de 11 cm est un hommage vibrant \u00e0 l&rsquo;iconique mosa\u00efque \u00ab\u00a0Punt de trobada\u00a0\u00bb de Joan Mir\u00f3, qui capture l&rsquo;essence de l&rsquo;art moderne de Barcelone. Chaque d\u00e9tail du design est soigneusement \u00e9labor\u00e9, avec une riche palette de couleurs comprenant le rouge, le noir, le bleu et le jaune sur un fond blanc qui rehausse son attrait visuel. Les motifs abstraits \u00e9voquent le style unique de Mir\u00f3, avec des formes ondul\u00e9es et dynamiques qui invitent \u00e0 l&rsquo;imagination et repr\u00e9sentent la fusion entre la nature et la cr\u00e9ativit\u00e9 de l&rsquo;artiste.<\/p>\n<p>Cet aimant d\u00e9coratif n&rsquo;est pas seulement un excellent moyen d&#8217;embellir votre r\u00e9frig\u00e9rateur, mais il agit \u00e9galement comme un souvenir significatif de votre visite \u00e0 Barcelone, apportant un petit morceau de sa culture et de son art dans votre foyer. Son design color\u00e9 et joyeux en fait un cadeau id\u00e9al pour les touristes \u00e0 la recherche de souvenirs authentiques refl\u00e9tant l&rsquo;identit\u00e9 artistique de la ville. Chez Ol\u00e9 Mosaic, nous disposons d&rsquo;une large gamme de souvenirs d&rsquo;art, et cet aimant se distingue par son authenticit\u00e9 et son lien culturel. En tant que distributeurs d&rsquo;aimants en gros, nous offrons une option parfaite pour les boutiques de cadeaux touristiques souhaitant proposer \u00e0 leurs clients une repr\u00e9sentation unique de l&rsquo;h\u00e9ritage de Mir\u00f3.<\/p>\n","protected":false},"excerpt":{"rendered":"<p>Aimant m\u00e9tallique de 11 cm, inspir\u00e9 de l&rsquo;iconique mosa\u00efque \u00ab\u00a0Punt de trobada\u00a0\u00bb de Joan Mir\u00f3. Cet aimant color\u00e9 pr\u00e9sente un design vibrant avec des formes abstraites et une large palette de couleurs, telles que le rouge, le noir, le bleu et le jaune, sur un fond blanc qui rehausse sa beaut\u00e9. Id\u00e9al pour d\u00e9corer votre r\u00e9frig\u00e9rateur et apporter un petit morceau d&rsquo;art moderne de Barcelone chez vous, avec l&rsquo;essence unique qui capture la fusion entre la nature et la cr\u00e9ativit\u00e9 du c\u00e9l\u00e8bre artiste.<\/p>\n","protected":false},"featured_media":7934,"template":"","meta":{"_acf_changed":false},"product_brand":[],"product_cat":[697],"product_tag":[],"class_list":{"0":"post-30509","1":"product","2":"type-product","3":"status-publish","4":"has-post-thumbnail","6":"product_cat-aimants","7":"pa_motivo-punt-de-trobada","9":"first","10":"instock","11":"shipping-taxable","12":"product-type-simple"},"acf":[],"_links":{"self":[{"href":"https:\/\/olemosaic.com\/fr\/wp-json\/wp\/v2\/product\/30509","targetHints":{"allow":["GET"]}}],"collection":[{"href":"https:\/\/olemosaic.com\/fr\/wp-json\/wp\/v2\/product"}],"about":[{"href":"https:\/\/olemosaic.com\/fr\/wp-json\/wp\/v2\/types\/product"}],"wp:featuredmedia":[{"embeddable":true,"href":"https:\/\/olemosaic.com\/fr\/wp-json\/wp\/v2\/media\/7934"}],"wp:attachment":[{"href":"https:\/\/olemosaic.com\/fr\/wp-json\/wp\/v2\/media?parent=30509"}],"wp:term":[{"taxonomy":"product_brand","embeddable":true,"href":"https:\/\/olemosaic.com\/fr\/wp-json\/wp\/v2\/product_brand?post=30509"},{"taxonomy":"product_cat","embeddable":true,"href":"https:\/\/olemosaic.com\/fr\/wp-json\/wp\/v2\/product_cat?post=30509"},{"taxonomy":"product_tag","embeddable":true,"href":"https:\/\/olemosaic.com\/fr\/wp-json\/wp\/v2\/product_tag?post=30509"}],"curies":[{"name":"wp","href":"https:\/\/api.w.org\/{rel}","templated":true}]}}