{"id":30508,"date":"2025-02-20T22:32:19","date_gmt":"2025-02-20T22:32:19","guid":{"rendered":"http:\/\/olemosaic.com\/producto\/iman-de-metal-salamandra-11-cm\/"},"modified":"2025-07-25T19:02:20","modified_gmt":"2025-07-25T17:02:20","slug":"aimant-metal-salamandre-11-cm","status":"publish","type":"product","link":"https:\/\/olemosaic.com\/fr\/produit\/aimant-metal-salamandre-11-cm\/","title":{"rendered":"Aimant en m\u00e9tal. Salamandre. 11 cm."},"content":{"rendered":"<p>Cet aimant m\u00e9tallique de 11 cm, orn\u00e9 de joyeuses salamandres, est une repr\u00e9sentation vibrante de la faune caract\u00e9ristique des r\u00e9gions chaudes d&rsquo;Espagne, id\u00e9al pour ceux qui recherchent un souvenir authentique et color\u00e9. Le design pr\u00e9sente des salamandres dans des tons brillants de rouge, bleu et vert, dispos\u00e9es avec gr\u00e2ce sur un fond qui \u00e9voque la joie du folklore espagnol. Entour\u00e9e d&rsquo;un d\u00e9licat motif floral, chaque salamandre est \u00e9labor\u00e9e avec des d\u00e9tails qui soulignent sa nature ludique, symbolisant la richesse et la diversit\u00e9 de l&rsquo;\u00e9cosyst\u00e8me ib\u00e9rique.<\/p>\n<p>L&rsquo;aimant se distingue par son design en mosa\u00efque, qui refl\u00e8te la tradition artistique de la c\u00e9ramique et de l&rsquo;azulejo espagnol, o\u00f9 les couleurs intenses et les formes g\u00e9om\u00e9triques cr\u00e9ent une \u0153uvre visuellement captivante. Ce souvenir n&rsquo;est pas seulement un accessoire fonctionnel pour d\u00e9corer le r\u00e9frig\u00e9rateur, mais aussi un rappel de la chaleur et de l&rsquo;esprit accueillant de l&rsquo;Espagne.<\/p>\n<p>Chez Ol\u00e9 Mosaic, nous nous sp\u00e9cialisons dans la distribution de souvenirs en gros, offrant des pi\u00e8ces authentiques qui repr\u00e9sentent la culture et l&rsquo;art de l&rsquo;Espagne. Cet aimant de salamandre est une excellente option pour les boutiques de cadeaux touristiques qui recherchent des produits encapsulant l&rsquo;essence du pays et offrant aux touristes un morceau de la vibrante culture espagnole.<\/p>\n","protected":false},"excerpt":{"rendered":"<p>Aimant m\u00e9tallique de 11 cm d\u00e9cor\u00e9 de joyeuses salamandres aux couleurs \u00e9clatantes. Cet attrayant souvenir repr\u00e9sente la faune caract\u00e9ristique des r\u00e9gions chaudes, orn\u00e9 d&rsquo;un design en mosa\u00efque comprenant des teintes rouges, bleues et vertes. Les salamandres sont entour\u00e9es d&rsquo;\u00e9l\u00e9ments floraux qui apportent une touche vibrante, encapsulant l&rsquo;esprit joyeux du folklore espagnol. Id\u00e9al pour d\u00e9corer votre r\u00e9frig\u00e9rateur et ramener un morceau d&rsquo;Espagne \u00e0 la maison.<\/p>\n","protected":false},"featured_media":8953,"template":"","meta":{"_acf_changed":false},"product_brand":[],"product_cat":[697],"product_tag":[530],"class_list":{"0":"post-30508","1":"product","2":"type-product","3":"status-publish","4":"has-post-thumbnail","6":"product_cat-aimants","7":"product_tag-animaux","8":"pa_motivo-salamandres","10":"first","11":"instock","12":"shipping-taxable","13":"product-type-simple"},"acf":[],"_links":{"self":[{"href":"https:\/\/olemosaic.com\/fr\/wp-json\/wp\/v2\/product\/30508","targetHints":{"allow":["GET"]}}],"collection":[{"href":"https:\/\/olemosaic.com\/fr\/wp-json\/wp\/v2\/product"}],"about":[{"href":"https:\/\/olemosaic.com\/fr\/wp-json\/wp\/v2\/types\/product"}],"wp:featuredmedia":[{"embeddable":true,"href":"https:\/\/olemosaic.com\/fr\/wp-json\/wp\/v2\/media\/8953"}],"wp:attachment":[{"href":"https:\/\/olemosaic.com\/fr\/wp-json\/wp\/v2\/media?parent=30508"}],"wp:term":[{"taxonomy":"product_brand","embeddable":true,"href":"https:\/\/olemosaic.com\/fr\/wp-json\/wp\/v2\/product_brand?post=30508"},{"taxonomy":"product_cat","embeddable":true,"href":"https:\/\/olemosaic.com\/fr\/wp-json\/wp\/v2\/product_cat?post=30508"},{"taxonomy":"product_tag","embeddable":true,"href":"https:\/\/olemosaic.com\/fr\/wp-json\/wp\/v2\/product_tag?post=30508"}],"curies":[{"name":"wp","href":"https:\/\/api.w.org\/{rel}","templated":true}]}}