{"id":30507,"date":"2025-02-20T22:32:19","date_gmt":"2025-02-20T22:32:19","guid":{"rendered":"http:\/\/olemosaic.com\/producto\/iman-de-metal-salamandra-negro-11-cm\/"},"modified":"2025-07-25T20:31:20","modified_gmt":"2025-07-25T18:31:20","slug":"aimant-metal-salamandre-noir-11-cm","status":"publish","type":"product","link":"https:\/\/olemosaic.com\/fr\/produit\/aimant-metal-salamandre-noir-11-cm\/","title":{"rendered":"Aimant en m\u00e9tal. Salamandre. Noir. 11 cm."},"content":{"rendered":"<p>Cet aimant m\u00e9tallique, avec une repr\u00e9sentation vibrante d&rsquo;une salamandre, est un authentique souvenir qui capture l&rsquo;essence du folklore espagnol. Avec des dimensions de 11 cm, son design en mosa\u00efque se d\u00e9tache sur une base noire. La salamandre, \u00e9labor\u00e9e avec une explosion de tons bleus, verts, jaunes et rouges, prend vie avec des d\u00e9tails qui \u00e9voquent la riche biodiversit\u00e9 du pays. Autour d&rsquo;elle, de petits l\u00e9zards de diff\u00e9rentes couleurs ajoutent une touche ludique et attrayante au design, faisant de cet aimant une pi\u00e8ce visuellement captivante qui attirera s\u00fbrement tous les regards.<\/p>\n<p>La salamandre, symbole de transformation et de renouveau dans de nombreuses cultures, poss\u00e8de un lien sp\u00e9cial avec les traditions locales, \u00e9tant un \u00e9l\u00e9ment folklorique qui repr\u00e9sente la diversit\u00e9 de la faune espagnole. Cet aimant n&rsquo;est pas seulement une option d\u00e9corative id\u00e9ale pour toute surface magn\u00e9tique, mais il devient \u00e9galement un souvenir culturel et repr\u00e9sentatif, renfermant la beaut\u00e9 esth\u00e9tique de l&rsquo;artisanat espagnol.<\/p>\n<p>Chez Ol\u00e9 Mosaic, nous proposons cet aimant de salamandre dans le cadre de notre collection de souvenirs d&rsquo;Espagne, id\u00e9al pour les boutiques de cadeaux touristiques qui cherchent \u00e0 offrir des produits authentiques et pleins de sens. Avec cet aimant, les touristes n&#8217;emporteront pas seulement un petit morceau d&rsquo;Espagne, mais aussi une pi\u00e8ce d&rsquo;art qui c\u00e9l\u00e8bre son riche h\u00e9ritage culturel.<\/p>\n","protected":false},"excerpt":{"rendered":"<p>Aimant m\u00e9tallique avec une salamandre color\u00e9e, id\u00e9al pour donner une touche vibrante \u00e0 toute surface magn\u00e9tique. Son design en mosa\u00efque, aux tons bleus, verts, jaunes et rouges, se d\u00e9tache sur le fond noir, soulignant son style distinctif. Il mesure 11 cm et pr\u00e9sente de petits d\u00e9tails d&rsquo;autres l\u00e9zards de diff\u00e9rentes couleurs, \u00e9voquant le riche patrimoine culturel espagnol. Parfait comme souvenir ou cadeau.<\/p>\n","protected":false},"featured_media":8800,"template":"","meta":{"_acf_changed":false},"product_brand":[],"product_cat":[697],"product_tag":[530],"class_list":{"0":"post-30507","1":"product","2":"type-product","3":"status-publish","4":"has-post-thumbnail","6":"product_cat-aimants","7":"product_tag-animaux","8":"pa_motivo-salamandres","10":"first","11":"instock","12":"shipping-taxable","13":"product-type-simple"},"acf":[],"_links":{"self":[{"href":"https:\/\/olemosaic.com\/fr\/wp-json\/wp\/v2\/product\/30507","targetHints":{"allow":["GET"]}}],"collection":[{"href":"https:\/\/olemosaic.com\/fr\/wp-json\/wp\/v2\/product"}],"about":[{"href":"https:\/\/olemosaic.com\/fr\/wp-json\/wp\/v2\/types\/product"}],"wp:featuredmedia":[{"embeddable":true,"href":"https:\/\/olemosaic.com\/fr\/wp-json\/wp\/v2\/media\/8800"}],"wp:attachment":[{"href":"https:\/\/olemosaic.com\/fr\/wp-json\/wp\/v2\/media?parent=30507"}],"wp:term":[{"taxonomy":"product_brand","embeddable":true,"href":"https:\/\/olemosaic.com\/fr\/wp-json\/wp\/v2\/product_brand?post=30507"},{"taxonomy":"product_cat","embeddable":true,"href":"https:\/\/olemosaic.com\/fr\/wp-json\/wp\/v2\/product_cat?post=30507"},{"taxonomy":"product_tag","embeddable":true,"href":"https:\/\/olemosaic.com\/fr\/wp-json\/wp\/v2\/product_tag?post=30507"}],"curies":[{"name":"wp","href":"https:\/\/api.w.org\/{rel}","templated":true}]}}