{"id":30505,"date":"2025-02-20T22:32:19","date_gmt":"2025-02-20T22:32:19","guid":{"rendered":"http:\/\/olemosaic.com\/producto\/iman-de-metal-panoramica-sevilla-8-cm\/"},"modified":"2025-07-25T19:44:40","modified_gmt":"2025-07-25T17:44:40","slug":"aimant-metal-panoramique-seville-8-cm","status":"publish","type":"product","link":"https:\/\/olemosaic.com\/fr\/produit\/aimant-metal-panoramique-seville-8-cm\/","title":{"rendered":"Aimant en m\u00e9tal. Panoramique. S\u00e9ville. 8 cm."},"content":{"rendered":"<p>Cet aimant m\u00e9tallique avec une vue panoramique vibrante de S\u00e9ville est le souvenir parfait pour ceux qui souhaitent emporter un petit morceau de la ville andalouse. Avec un design de 8 cm, cet aimant attrayant pr\u00e9sente une repr\u00e9sentation artistique de l&rsquo;architecture embl\u00e9matique de S\u00e9ville, capturant l&rsquo;essence de ses monuments les plus iconiques. Sur un magnifique fond de mosa\u00efque, le nom \u00ab SEVILLA \u00bb se d\u00e9tache en lettres frappantes, cr\u00e9ant un attrait visuel qui \u00e9voque la richesse culturelle de la ville.<\/p>\n<p>Les couleurs rouge, bleu et jaune soulignent les d\u00e9tails architecturaux, ajoutant une touche de vie et de dynamisme \u00e0 la pi\u00e8ce. Des \u00e9l\u00e9ments tels que les palmiers apportent une fra\u00eecheur tropicale, rappelant aux touristes le climat chaud et accueillant de S\u00e9ville. Cet aimant n&rsquo;est pas seulement un objet d\u00e9coratif, mais aussi un souvenir authentique qui encapsule la beaut\u00e9 et le charme de cette ville historique, id\u00e9al pour ceux qui recherchent un souvenir significatif.<\/p>\n<p>Chez Ol\u00e9 Mosaic, nous nous sp\u00e9cialisons dans la distribution de souvenirs en gros, offrant des articles repr\u00e9sentatifs qui refl\u00e8tent la culture locale. Cet aimant de S\u00e9ville est une excellente option pour les boutiques de cadeaux touristiques souhaitant proposer des produits authentiques et color\u00e9s \u00e0 leurs clients. En tant que grossistes de souvenirs, nous garantissons la qualit\u00e9 et l&rsquo;originalit\u00e9 de chaque article que nous distribuons.<\/p>\n","protected":false},"excerpt":{"rendered":"<p>Aimant m\u00e9tallique avec une vue panoramique color\u00e9e de S\u00e9ville, de 8 cm. Cet aimant attrayant pr\u00e9sente une repr\u00e9sentation artistique de la c\u00e9l\u00e8bre architecture s\u00e9villane, encadr\u00e9e sur un fond de mosa\u00efque vibrant. Avec le nom \u00ab\u00a0SEVILLA\u00a0\u00bb en lettres frappantes, il \u00e9voque l&rsquo;essence culturelle de la ville. Les d\u00e9tails en rouge, bleu et jaune mettent en valeur les monuments embl\u00e9matiques, tandis que les palmiers ajoutent une touche fra\u00eeche et tropicale, parfaite pour se souvenir de la beaut\u00e9 de cette ville andalouse.<\/p>\n","protected":false},"featured_media":12820,"template":"","meta":{"_acf_changed":false},"product_brand":[],"product_cat":[697],"product_tag":[],"class_list":{"0":"post-30505","1":"product","2":"type-product","3":"status-publish","4":"has-post-thumbnail","6":"product_cat-aimants","7":"pa_ciudad-sevilla","8":"pa_motivo-panoramas","9":"pa_pais-espana","11":"first","12":"instock","13":"shipping-taxable","14":"product-type-simple"},"acf":[],"_links":{"self":[{"href":"https:\/\/olemosaic.com\/fr\/wp-json\/wp\/v2\/product\/30505","targetHints":{"allow":["GET"]}}],"collection":[{"href":"https:\/\/olemosaic.com\/fr\/wp-json\/wp\/v2\/product"}],"about":[{"href":"https:\/\/olemosaic.com\/fr\/wp-json\/wp\/v2\/types\/product"}],"wp:featuredmedia":[{"embeddable":true,"href":"https:\/\/olemosaic.com\/fr\/wp-json\/wp\/v2\/media\/12820"}],"wp:attachment":[{"href":"https:\/\/olemosaic.com\/fr\/wp-json\/wp\/v2\/media?parent=30505"}],"wp:term":[{"taxonomy":"product_brand","embeddable":true,"href":"https:\/\/olemosaic.com\/fr\/wp-json\/wp\/v2\/product_brand?post=30505"},{"taxonomy":"product_cat","embeddable":true,"href":"https:\/\/olemosaic.com\/fr\/wp-json\/wp\/v2\/product_cat?post=30505"},{"taxonomy":"product_tag","embeddable":true,"href":"https:\/\/olemosaic.com\/fr\/wp-json\/wp\/v2\/product_tag?post=30505"}],"curies":[{"name":"wp","href":"https:\/\/api.w.org\/{rel}","templated":true}]}}