{"id":30478,"date":"2025-02-20T23:32:19","date_gmt":"2025-02-20T22:32:19","guid":{"rendered":"http:\/\/olemosaic.com\/producto\/iman-de-metal-panoramica-mijas-plata-8-cm\/"},"modified":"2025-07-25T20:19:30","modified_gmt":"2025-07-25T18:19:30","slug":"aimant-metal-panoramique-mijas-argent-8-cm","status":"publish","type":"product","link":"https:\/\/olemosaic.com\/fr\/produit\/aimant-metal-panoramique-mijas-argent-8-cm\/","title":{"rendered":"Aimant en m\u00e9tal. Panoramique. Mijas. Argent. 8 cm."},"content":{"rendered":"<p>Cet aimant m\u00e9tallique avec une vue panoramique vibrante de Mijas est un produit attrayant et repr\u00e9sentatif de la culture andalouse. D&rsquo;une taille de 8 cm, cet aimant capture parfaitement l&rsquo;essence du charmant village andalou. L&rsquo;image met en avant l&rsquo;iconique ar\u00e8ne (Plaza de Toros), entour\u00e9e de maisons blanchies \u00e0 la chaux qui refl\u00e8tent l&rsquo;architecture typique de la r\u00e9gion, orn\u00e9es de palmiers exub\u00e9rants qui apportent une touche tropicale au paysage.<\/p>\n<p>La technique de style mosa\u00efque utilis\u00e9e pour illustrer cette sc\u00e8ne lui conf\u00e8re un effet artistique et color\u00e9, faisant briller chaque d\u00e9tail avec vivacit\u00e9. Les couleurs \u00e9clatantes et la vari\u00e9t\u00e9 des tonalit\u00e9s utilis\u00e9es dans l&rsquo;image cr\u00e9ent une sensation de joie et de nostalgie, id\u00e9ale pour ceux qui souhaitent emporter un petit morceau de Mijas chez eux. Cet aimant n&rsquo;est pas seulement un objet d\u00e9coratif, mais aussi un souvenir \u00e9vocateur qui rappelle les belles vues et la chaleur de la Costa del Sol.<\/p>\n<p>Chez Ol\u00e9 Mosaic, nous sommes sp\u00e9cialistes de la distribution de souvenirs en gros et proposons des produits authentiques comme cet aimant de Mijas, parfait pour les touristes \u00e0 la recherche d&rsquo;un souvenir repr\u00e9sentatif de leur visite. L&rsquo;authenticit\u00e9 et le style distinctif de ce souvenir en font un choix exceptionnel pour les boutiques de cadeaux touristiques souhaitant offrir des pi\u00e8ces uniques \u00e0 leurs clients.<\/p>\n","protected":false},"excerpt":{"rendered":"<p>Aimant m\u00e9tallique avec une vue panoramique vibrante de Mijas. Cet aimant attrayant de 8 cm pr\u00e9sente des couleurs \u00e9clatantes dans un design qui capture l&rsquo;essence du village andalou, mettant en avant l&rsquo;iconique ar\u00e8ne et une s\u00e9rie de maisons blanchies \u00e0 la chaux orn\u00e9es de palmiers. La technique de style mosa\u00efque ajoute une touche artistique et distinctive, id\u00e9ale pour se souvenir de vos moments dans cette charmante destination espagnole. Un souvenir parfait pour emporter un petit morceau de Mijas chez vous.<\/p>\n","protected":false},"featured_media":9628,"template":"","meta":{"_acf_changed":false},"product_brand":[],"product_cat":[697],"product_tag":[],"class_list":{"0":"post-30478","1":"product","2":"type-product","3":"status-publish","4":"has-post-thumbnail","6":"product_cat-aimants","7":"pa_ciudad-mijas","8":"pa_motivo-panoramas","9":"pa_pais-espana","11":"first","12":"instock","13":"shipping-taxable","14":"product-type-simple"},"acf":[],"_links":{"self":[{"href":"https:\/\/olemosaic.com\/fr\/wp-json\/wp\/v2\/product\/30478","targetHints":{"allow":["GET"]}}],"collection":[{"href":"https:\/\/olemosaic.com\/fr\/wp-json\/wp\/v2\/product"}],"about":[{"href":"https:\/\/olemosaic.com\/fr\/wp-json\/wp\/v2\/types\/product"}],"wp:featuredmedia":[{"embeddable":true,"href":"https:\/\/olemosaic.com\/fr\/wp-json\/wp\/v2\/media\/9628"}],"wp:attachment":[{"href":"https:\/\/olemosaic.com\/fr\/wp-json\/wp\/v2\/media?parent=30478"}],"wp:term":[{"taxonomy":"product_brand","embeddable":true,"href":"https:\/\/olemosaic.com\/fr\/wp-json\/wp\/v2\/product_brand?post=30478"},{"taxonomy":"product_cat","embeddable":true,"href":"https:\/\/olemosaic.com\/fr\/wp-json\/wp\/v2\/product_cat?post=30478"},{"taxonomy":"product_tag","embeddable":true,"href":"https:\/\/olemosaic.com\/fr\/wp-json\/wp\/v2\/product_tag?post=30478"}],"curies":[{"name":"wp","href":"https:\/\/api.w.org\/{rel}","templated":true}]}}